{"id":622,"date":"2016-04-11T08:46:32","date_gmt":"2016-04-11T06:46:32","guid":{"rendered":"http:\/\/www.naturavit.net\/?post_type=product&#038;p=622&#038;lang=hr"},"modified":"2026-04-30T12:24:31","modified_gmt":"2026-04-30T10:24:31","slug":"naturavit-kremni-sampon-za-barvane-lase","status":"publish","type":"product","link":"https:\/\/naturavit.kodnes.eu\/hr\/proizvod\/naturavit-kremni-sampon-za-barvane-lase\/","title":{"rendered":"Kremni \u0161ampon za suhe in barvane lase"},"content":{"rendered":"<p><span data-sheets-root=\"1\"><strong>Ob\u010duti se kot<\/strong><br \/>\nbogata, negovalna kremna tekstura, ki ustvari ne\u017eno peno.<\/span><\/p>\n<p><strong>Di\u0161i kot<\/strong><br \/>\nne\u017een in pomirjujo\u010d cvetli\u010dno-zeli\u0161\u010dni vonj.<\/p>\n<p>&nbsp;<\/p>\n<p>&nbsp;<\/p>\n","protected":false},"excerpt":{"rendered":"<p><span data-sheets-root=\"1\">\u0160ampon zasnovan za nego barvanih, suhih, po\u0161kodovanih in kemi\u010dno obdelanih las. Njegova napredna formula ne\u017eno \u010disti, hkrati pa \u0161\u010diti intenzivnost barve in lasem vra\u010da izgubljeno vlago ter sijaj.<\/span><\/p>\n","protected":false},"featured_media":46124,"comment_status":"closed","ping_status":"closed","template":"","meta":{"_acf_changed":false},"product_brand":[],"product_cat":[46,47],"product_tag":[],"class_list":{"0":"post-622","1":"product","2":"type-product","3":"status-publish","4":"has-post-thumbnail","6":"product_cat-njega-kose","7":"product_cat-samponi-i-balzami","9":"first","10":"instock","11":"taxable","12":"shipping-taxable","13":"purchasable","14":"product-type-simple"},"acf":[],"yoast_head":"<!-- This site is optimized with the Yoast SEO plugin v27.5 - https:\/\/yoast.com\/product\/yoast-seo-wordpress\/ -->\n<title>Kremni \u0161ampon za suhe in barvane lase | Naturavit<\/title>\n<meta name=\"description\" content=\"Izredno ne\u017een Kremni \u0161ampon za suhe in barvane lase s kremasto peno zagotavlja zadostno koli\u010dino hidracije in dalj\u0161o obstojnost barve.\" \/>\n<meta name=\"robots\" content=\"noindex, follow, max-snippet:-1, max-image-preview:large, max-video-preview:-1\" \/>\n<meta property=\"og:locale\" content=\"hr_HR\" \/>\n<meta property=\"og:type\" content=\"article\" \/>\n<meta property=\"og:title\" content=\"Kremni \u0161ampon za suhe in barvane lase | Naturavit\" \/>\n<meta property=\"og:description\" content=\"Izredno ne\u017een Kremni \u0161ampon za suhe in barvane lase s kremasto peno zagotavlja zadostno koli\u010dino hidracije in dalj\u0161o obstojnost barve.\" \/>\n<meta property=\"og:url\" content=\"https:\/\/naturavit.kodnes.eu\/hr\/proizvod\/naturavit-kremni-sampon-za-barvane-lase\/\" \/>\n<meta property=\"og:site_name\" content=\"Naturavit\" \/>\n<meta property=\"article:publisher\" content=\"https:\/\/www.facebook.com\/naturavit\/\" \/>\n<meta property=\"article:modified_time\" content=\"2026-04-30T10:24:31+00:00\" \/>\n<meta property=\"og:image\" content=\"https:\/\/naturavit.kodnes.eu\/wp-content\/uploads\/2026\/03\/Shampoo_SLO_zaSuheInBarvane_reflection.jpg\" \/>\n\t<meta property=\"og:image:width\" content=\"2200\" \/>\n\t<meta property=\"og:image:height\" content=\"2199\" \/>\n\t<meta property=\"og:image:type\" content=\"image\/jpeg\" \/>\n<meta name=\"twitter:card\" content=\"summary_large_image\" \/>\n<meta name=\"twitter:label1\" content=\"Est. reading time\" \/>\n\t<meta name=\"twitter:data1\" content=\"1 minute\" \/>\n<script type=\"application\/ld+json\" class=\"yoast-schema-graph\">{\"@context\":\"https:\\\/\\\/schema.org\",\"@graph\":[{\"@type\":\"WebPage\",\"@id\":\"https:\\\/\\\/naturavit.kodnes.eu\\\/hr\\\/proizvod\\\/naturavit-kremni-sampon-za-barvane-lase\\\/\",\"url\":\"https:\\\/\\\/naturavit.kodnes.eu\\\/hr\\\/proizvod\\\/naturavit-kremni-sampon-za-barvane-lase\\\/\",\"name\":\"Kremni \u0161ampon za suhe in barvane lase | Naturavit\",\"isPartOf\":{\"@id\":\"https:\\\/\\\/naturavit.kodnes.eu\\\/hr\\\/#website\"},\"primaryImageOfPage\":{\"@id\":\"https:\\\/\\\/naturavit.kodnes.eu\\\/hr\\\/proizvod\\\/naturavit-kremni-sampon-za-barvane-lase\\\/#primaryimage\"},\"image\":{\"@id\":\"https:\\\/\\\/naturavit.kodnes.eu\\\/hr\\\/proizvod\\\/naturavit-kremni-sampon-za-barvane-lase\\\/#primaryimage\"},\"thumbnailUrl\":\"https:\\\/\\\/naturavit.kodnes.eu\\\/wp-content\\\/uploads\\\/2026\\\/03\\\/Shampoo_SLO_zaSuheInBarvane_reflection.jpg\",\"datePublished\":\"2016-04-11T06:46:32+00:00\",\"dateModified\":\"2026-04-30T10:24:31+00:00\",\"description\":\"Izredno ne\u017een Kremni \u0161ampon za suhe in barvane lase s kremasto peno zagotavlja zadostno koli\u010dino hidracije in dalj\u0161o obstojnost barve.\",\"breadcrumb\":{\"@id\":\"https:\\\/\\\/naturavit.kodnes.eu\\\/hr\\\/proizvod\\\/naturavit-kremni-sampon-za-barvane-lase\\\/#breadcrumb\"},\"inLanguage\":\"hr-HR\",\"potentialAction\":[{\"@type\":\"ReadAction\",\"target\":[\"https:\\\/\\\/naturavit.kodnes.eu\\\/hr\\\/proizvod\\\/naturavit-kremni-sampon-za-barvane-lase\\\/\"]}]},{\"@type\":\"ImageObject\",\"inLanguage\":\"hr-HR\",\"@id\":\"https:\\\/\\\/naturavit.kodnes.eu\\\/hr\\\/proizvod\\\/naturavit-kremni-sampon-za-barvane-lase\\\/#primaryimage\",\"url\":\"https:\\\/\\\/naturavit.kodnes.eu\\\/wp-content\\\/uploads\\\/2026\\\/03\\\/Shampoo_SLO_zaSuheInBarvane_reflection.jpg\",\"contentUrl\":\"https:\\\/\\\/naturavit.kodnes.eu\\\/wp-content\\\/uploads\\\/2026\\\/03\\\/Shampoo_SLO_zaSuheInBarvane_reflection.jpg\",\"width\":2200,\"height\":2199},{\"@type\":\"BreadcrumbList\",\"@id\":\"https:\\\/\\\/naturavit.kodnes.eu\\\/hr\\\/proizvod\\\/naturavit-kremni-sampon-za-barvane-lase\\\/#breadcrumb\",\"itemListElement\":[{\"@type\":\"ListItem\",\"position\":1,\"name\":\"Home\",\"item\":\"https:\\\/\\\/naturavit.kodnes.eu\\\/hr\\\/\"},{\"@type\":\"ListItem\",\"position\":2,\"name\":\"Trgovina\",\"item\":\"https:\\\/\\\/naturavit.kodnes.eu\\\/hr\\\/trgovina\\\/\"},{\"@type\":\"ListItem\",\"position\":3,\"name\":\"Njega kose\",\"item\":\"https:\\\/\\\/naturavit.kodnes.eu\\\/hr\\\/kategorija-proizvoda\\\/njega-kose\\\/\"},{\"@type\":\"ListItem\",\"position\":4,\"name\":\"\u0160amponi &amp; balzami\",\"item\":\"https:\\\/\\\/naturavit.kodnes.eu\\\/hr\\\/kategorija-proizvoda\\\/njega-kose\\\/samponi-i-balzami\\\/\"},{\"@type\":\"ListItem\",\"position\":5,\"name\":\"Kremni \u0161ampon za suhe in barvane lase\"}]},{\"@type\":\"WebSite\",\"@id\":\"https:\\\/\\\/naturavit.kodnes.eu\\\/hr\\\/#website\",\"url\":\"https:\\\/\\\/naturavit.kodnes.eu\\\/hr\\\/\",\"name\":\"Naturavit\",\"description\":\"Naravna kozmetika\",\"publisher\":{\"@id\":\"https:\\\/\\\/naturavit.kodnes.eu\\\/hr\\\/#organization\"},\"potentialAction\":[{\"@type\":\"SearchAction\",\"target\":{\"@type\":\"EntryPoint\",\"urlTemplate\":\"https:\\\/\\\/naturavit.kodnes.eu\\\/hr\\\/?s={search_term_string}\"},\"query-input\":{\"@type\":\"PropertyValueSpecification\",\"valueRequired\":true,\"valueName\":\"search_term_string\"}}],\"inLanguage\":\"hr-HR\"},{\"@type\":\"Organization\",\"@id\":\"https:\\\/\\\/naturavit.kodnes.eu\\\/hr\\\/#organization\",\"name\":\"Naturavit\",\"url\":\"https:\\\/\\\/naturavit.kodnes.eu\\\/hr\\\/\",\"logo\":{\"@type\":\"ImageObject\",\"inLanguage\":\"hr-HR\",\"@id\":\"https:\\\/\\\/naturavit.kodnes.eu\\\/hr\\\/#\\\/schema\\\/logo\\\/image\\\/\",\"url\":\"https:\\\/\\\/naturavit.kodnes.eu\\\/wp-content\\\/uploads\\\/2021\\\/09\\\/116564984_3484379328307111_1830779139888479808_o.png\",\"contentUrl\":\"https:\\\/\\\/naturavit.kodnes.eu\\\/wp-content\\\/uploads\\\/2021\\\/09\\\/116564984_3484379328307111_1830779139888479808_o.png\",\"width\":1079,\"height\":1079,\"caption\":\"Naturavit\"},\"image\":{\"@id\":\"https:\\\/\\\/naturavit.kodnes.eu\\\/hr\\\/#\\\/schema\\\/logo\\\/image\\\/\"},\"sameAs\":[\"https:\\\/\\\/www.facebook.com\\\/naturavit\\\/\"]}]}<\/script>\n<!-- \/ Yoast SEO plugin. -->","yoast_head_json":{"title":"Kremni \u0161ampon za suhe in barvane lase | Naturavit","description":"Izredno ne\u017een Kremni \u0161ampon za suhe in barvane lase s kremasto peno zagotavlja zadostno koli\u010dino hidracije in dalj\u0161o obstojnost barve.","robots":{"index":"noindex","follow":"follow","max-snippet":"max-snippet:-1","max-image-preview":"max-image-preview:large","max-video-preview":"max-video-preview:-1"},"og_locale":"hr_HR","og_type":"article","og_title":"Kremni \u0161ampon za suhe in barvane lase | Naturavit","og_description":"Izredno ne\u017een Kremni \u0161ampon za suhe in barvane lase s kremasto peno zagotavlja zadostno koli\u010dino hidracije in dalj\u0161o obstojnost barve.","og_url":"https:\/\/naturavit.kodnes.eu\/hr\/proizvod\/naturavit-kremni-sampon-za-barvane-lase\/","og_site_name":"Naturavit","article_publisher":"https:\/\/www.facebook.com\/naturavit\/","article_modified_time":"2026-04-30T10:24:31+00:00","og_image":[{"width":2200,"height":2199,"url":"https:\/\/naturavit.kodnes.eu\/wp-content\/uploads\/2026\/03\/Shampoo_SLO_zaSuheInBarvane_reflection.jpg","type":"image\/jpeg"}],"twitter_card":"summary_large_image","twitter_misc":{"Est. reading time":"1 minute"},"schema":{"@context":"https:\/\/schema.org","@graph":[{"@type":"WebPage","@id":"https:\/\/naturavit.kodnes.eu\/hr\/proizvod\/naturavit-kremni-sampon-za-barvane-lase\/","url":"https:\/\/naturavit.kodnes.eu\/hr\/proizvod\/naturavit-kremni-sampon-za-barvane-lase\/","name":"Kremni \u0161ampon za suhe in barvane lase | Naturavit","isPartOf":{"@id":"https:\/\/naturavit.kodnes.eu\/hr\/#website"},"primaryImageOfPage":{"@id":"https:\/\/naturavit.kodnes.eu\/hr\/proizvod\/naturavit-kremni-sampon-za-barvane-lase\/#primaryimage"},"image":{"@id":"https:\/\/naturavit.kodnes.eu\/hr\/proizvod\/naturavit-kremni-sampon-za-barvane-lase\/#primaryimage"},"thumbnailUrl":"https:\/\/naturavit.kodnes.eu\/wp-content\/uploads\/2026\/03\/Shampoo_SLO_zaSuheInBarvane_reflection.jpg","datePublished":"2016-04-11T06:46:32+00:00","dateModified":"2026-04-30T10:24:31+00:00","description":"Izredno ne\u017een Kremni \u0161ampon za suhe in barvane lase s kremasto peno zagotavlja zadostno koli\u010dino hidracije in dalj\u0161o obstojnost barve.","breadcrumb":{"@id":"https:\/\/naturavit.kodnes.eu\/hr\/proizvod\/naturavit-kremni-sampon-za-barvane-lase\/#breadcrumb"},"inLanguage":"hr-HR","potentialAction":[{"@type":"ReadAction","target":["https:\/\/naturavit.kodnes.eu\/hr\/proizvod\/naturavit-kremni-sampon-za-barvane-lase\/"]}]},{"@type":"ImageObject","inLanguage":"hr-HR","@id":"https:\/\/naturavit.kodnes.eu\/hr\/proizvod\/naturavit-kremni-sampon-za-barvane-lase\/#primaryimage","url":"https:\/\/naturavit.kodnes.eu\/wp-content\/uploads\/2026\/03\/Shampoo_SLO_zaSuheInBarvane_reflection.jpg","contentUrl":"https:\/\/naturavit.kodnes.eu\/wp-content\/uploads\/2026\/03\/Shampoo_SLO_zaSuheInBarvane_reflection.jpg","width":2200,"height":2199},{"@type":"BreadcrumbList","@id":"https:\/\/naturavit.kodnes.eu\/hr\/proizvod\/naturavit-kremni-sampon-za-barvane-lase\/#breadcrumb","itemListElement":[{"@type":"ListItem","position":1,"name":"Home","item":"https:\/\/naturavit.kodnes.eu\/hr\/"},{"@type":"ListItem","position":2,"name":"Trgovina","item":"https:\/\/naturavit.kodnes.eu\/hr\/trgovina\/"},{"@type":"ListItem","position":3,"name":"Njega kose","item":"https:\/\/naturavit.kodnes.eu\/hr\/kategorija-proizvoda\/njega-kose\/"},{"@type":"ListItem","position":4,"name":"\u0160amponi &amp; balzami","item":"https:\/\/naturavit.kodnes.eu\/hr\/kategorija-proizvoda\/njega-kose\/samponi-i-balzami\/"},{"@type":"ListItem","position":5,"name":"Kremni \u0161ampon za suhe in barvane lase"}]},{"@type":"WebSite","@id":"https:\/\/naturavit.kodnes.eu\/hr\/#website","url":"https:\/\/naturavit.kodnes.eu\/hr\/","name":"Naturavit","description":"Naravna kozmetika","publisher":{"@id":"https:\/\/naturavit.kodnes.eu\/hr\/#organization"},"potentialAction":[{"@type":"SearchAction","target":{"@type":"EntryPoint","urlTemplate":"https:\/\/naturavit.kodnes.eu\/hr\/?s={search_term_string}"},"query-input":{"@type":"PropertyValueSpecification","valueRequired":true,"valueName":"search_term_string"}}],"inLanguage":"hr-HR"},{"@type":"Organization","@id":"https:\/\/naturavit.kodnes.eu\/hr\/#organization","name":"Naturavit","url":"https:\/\/naturavit.kodnes.eu\/hr\/","logo":{"@type":"ImageObject","inLanguage":"hr-HR","@id":"https:\/\/naturavit.kodnes.eu\/hr\/#\/schema\/logo\/image\/","url":"https:\/\/naturavit.kodnes.eu\/wp-content\/uploads\/2021\/09\/116564984_3484379328307111_1830779139888479808_o.png","contentUrl":"https:\/\/naturavit.kodnes.eu\/wp-content\/uploads\/2021\/09\/116564984_3484379328307111_1830779139888479808_o.png","width":1079,"height":1079,"caption":"Naturavit"},"image":{"@id":"https:\/\/naturavit.kodnes.eu\/hr\/#\/schema\/logo\/image\/"},"sameAs":["https:\/\/www.facebook.com\/naturavit\/"]}]}},"_links":{"self":[{"href":"https:\/\/naturavit.kodnes.eu\/hr\/wp-json\/wp\/v2\/product\/622","targetHints":{"allow":["GET"]}}],"collection":[{"href":"https:\/\/naturavit.kodnes.eu\/hr\/wp-json\/wp\/v2\/product"}],"about":[{"href":"https:\/\/naturavit.kodnes.eu\/hr\/wp-json\/wp\/v2\/types\/product"}],"replies":[{"embeddable":true,"href":"https:\/\/naturavit.kodnes.eu\/hr\/wp-json\/wp\/v2\/comments?post=622"}],"wp:featuredmedia":[{"embeddable":true,"href":"https:\/\/naturavit.kodnes.eu\/hr\/wp-json\/wp\/v2\/media\/46124"}],"wp:attachment":[{"href":"https:\/\/naturavit.kodnes.eu\/hr\/wp-json\/wp\/v2\/media?parent=622"}],"wp:term":[{"taxonomy":"product_brand","embeddable":true,"href":"https:\/\/naturavit.kodnes.eu\/hr\/wp-json\/wp\/v2\/product_brand?post=622"},{"taxonomy":"product_cat","embeddable":true,"href":"https:\/\/naturavit.kodnes.eu\/hr\/wp-json\/wp\/v2\/product_cat?post=622"},{"taxonomy":"product_tag","embeddable":true,"href":"https:\/\/naturavit.kodnes.eu\/hr\/wp-json\/wp\/v2\/product_tag?post=622"}],"curies":[{"name":"wp","href":"https:\/\/api.w.org\/{rel}","templated":true}]}}