{"id":48267,"date":"2026-04-24T11:18:14","date_gmt":"2026-04-24T09:18:14","guid":{"rendered":"https:\/\/naturavit.kodnes.eu\/izdelek\/11-aktivni-losjon-proti-izpadanju-las\/"},"modified":"2026-04-30T12:24:25","modified_gmt":"2026-04-30T10:24:25","slug":"11-aktivni-losjon-proti-izpadanju-las","status":"publish","type":"product","link":"https:\/\/naturavit.kodnes.eu\/hr\/proizvod\/11-aktivni-losjon-proti-izpadanju-las\/","title":{"rendered":"1+1 Aktivni losjon proti izpadanju las"},"content":{"rendered":"<div><\/div>\n<div>Z nakupom tega seta za ceno enega prejmete kar 2 losjona.<\/div>\n<div>\n<div><\/div>\n<div>Glavne aktivne sestavine:<\/div>\n<ul>\n<li>\u017eagolistna palma,<\/li>\n<li>kofein,<\/li>\n<li>niacinamid,<\/li>\n<li>provitamin B5,<\/li>\n<li>sladki koren,<\/li>\n<li>ro\u017emarinovo olje.<\/li>\n<\/ul>\n<\/div>\n<div>Seznam sestavin (INCI): Aqua, Polyglyceryl-10 Laurate, Niacinamide,<\/div>\n<div>Glycerin, Glycyrrhiza Glabra Root Extract, Caffeine, Panthenol, Serenoa<\/div>\n<div>Serrulata Fruit Extract, Sodium Benzoate, Potassium Sorbate, Citric<\/div>\n<div>Acid, Dehydroacetic Acid, Benzyl Alcohol, Allantoin, Cedrus Atlantica<\/div>\n<div>Bark Oil, Mentha Piperita Oil, Salvia Sclarea Oil, Rosmarinus<\/div>\n<div>Officinalis Leaf Oil, Sodium Hydroxide, Beta Caryophyllene, Linalool,<\/div>\n<div>Pinene, Menthol.<\/div>\n<div><\/div>\n<div><\/div>\n","protected":false},"excerpt":{"rendered":"<p>Aktivni serum proti izpadanju las pomiri lasi\u0161\u010de in zavira izpadanje ali red\u010denje las. \u017dagolistnata palma u\u010dinkovito prepre\u010duje izpadanje. Kofein izbolj\u0161a prekrvavitev na lasi\u0161\u010du<span class=\"JsGRdQ\">.<\/span> \u017dajbelj razku\u017euje in pomirja lasi\u0161\u010de. Divji kostanj pa obnovi in za\u0161\u010diti lasni koren. Po nanosu ne izpirajte iz lasi\u0161\u010da.<\/p>\n<p><strong>100 ml<\/strong><\/p>\n","protected":false},"featured_media":48259,"comment_status":"closed","ping_status":"open","template":"","meta":{"_acf_changed":false},"product_brand":[],"product_cat":[46,404],"product_tag":[],"class_list":{"0":"post-48267","1":"product","2":"type-product","3":"status-publish","4":"has-post-thumbnail","6":"product_cat-njega-kose","7":"product_cat-ulja-serumi","9":"first","10":"instock","11":"purchasable","12":"product-type-simple"},"acf":[],"yoast_head":"<!-- This site is optimized with the Yoast SEO plugin v27.5 - https:\/\/yoast.com\/product\/yoast-seo-wordpress\/ -->\n<title>1+1 Aktivni losjon proti izpadanju las | Naturavit<\/title>\n<meta name=\"description\" content=\"Aktivni losjon proti izpadanju las u\u010dinkovito zavira izpadanje in red\u010denje las. Losjon nanesemo na suho ali vla\u017eno lasi\u0161\u010de in ga ne izpiramo.\" \/>\n<meta name=\"robots\" content=\"noindex, follow, max-snippet:-1, max-image-preview:large, max-video-preview:-1\" \/>\n<meta property=\"og:locale\" content=\"hr_HR\" \/>\n<meta property=\"og:type\" content=\"article\" \/>\n<meta property=\"og:title\" content=\"1+1 Aktivni losjon proti izpadanju las | Naturavit\" \/>\n<meta property=\"og:description\" content=\"Aktivni losjon proti izpadanju las u\u010dinkovito zavira izpadanje in red\u010denje las. Losjon nanesemo na suho ali vla\u017eno lasi\u0161\u010de in ga ne izpiramo.\" \/>\n<meta property=\"og:url\" content=\"https:\/\/naturavit.kodnes.eu\/hr\/proizvod\/11-aktivni-losjon-proti-izpadanju-las\/\" \/>\n<meta property=\"og:site_name\" content=\"Naturavit\" \/>\n<meta property=\"article:publisher\" content=\"https:\/\/www.facebook.com\/naturavit\/\" \/>\n<meta property=\"article:modified_time\" content=\"2026-04-30T10:24:25+00:00\" \/>\n<meta property=\"og:image\" content=\"https:\/\/naturavit.kodnes.eu\/wp-content\/uploads\/2026\/03\/Kartoncek-paketi-10-x-10-cm.png\" \/>\n\t<meta property=\"og:image:width\" content=\"1181\" \/>\n\t<meta property=\"og:image:height\" content=\"1181\" \/>\n\t<meta property=\"og:image:type\" content=\"image\/png\" \/>\n<meta name=\"twitter:card\" content=\"summary_large_image\" \/>\n<script type=\"application\/ld+json\" class=\"yoast-schema-graph\">{\"@context\":\"https:\\\/\\\/schema.org\",\"@graph\":[{\"@type\":\"WebPage\",\"@id\":\"https:\\\/\\\/naturavit.kodnes.eu\\\/hr\\\/proizvod\\\/11-aktivni-losjon-proti-izpadanju-las\\\/\",\"url\":\"https:\\\/\\\/naturavit.kodnes.eu\\\/hr\\\/proizvod\\\/11-aktivni-losjon-proti-izpadanju-las\\\/\",\"name\":\"1+1 Aktivni losjon proti izpadanju las | Naturavit\",\"isPartOf\":{\"@id\":\"https:\\\/\\\/naturavit.kodnes.eu\\\/hr\\\/#website\"},\"primaryImageOfPage\":{\"@id\":\"https:\\\/\\\/naturavit.kodnes.eu\\\/hr\\\/proizvod\\\/11-aktivni-losjon-proti-izpadanju-las\\\/#primaryimage\"},\"image\":{\"@id\":\"https:\\\/\\\/naturavit.kodnes.eu\\\/hr\\\/proizvod\\\/11-aktivni-losjon-proti-izpadanju-las\\\/#primaryimage\"},\"thumbnailUrl\":\"https:\\\/\\\/naturavit.kodnes.eu\\\/wp-content\\\/uploads\\\/2026\\\/03\\\/Kartoncek-paketi-10-x-10-cm.png\",\"datePublished\":\"2026-04-24T09:18:14+00:00\",\"dateModified\":\"2026-04-30T10:24:25+00:00\",\"description\":\"Aktivni losjon proti izpadanju las u\u010dinkovito zavira izpadanje in red\u010denje las. Losjon nanesemo na suho ali vla\u017eno lasi\u0161\u010de in ga ne izpiramo.\",\"breadcrumb\":{\"@id\":\"https:\\\/\\\/naturavit.kodnes.eu\\\/hr\\\/proizvod\\\/11-aktivni-losjon-proti-izpadanju-las\\\/#breadcrumb\"},\"inLanguage\":\"hr-HR\",\"potentialAction\":[{\"@type\":\"ReadAction\",\"target\":[\"https:\\\/\\\/naturavit.kodnes.eu\\\/hr\\\/proizvod\\\/11-aktivni-losjon-proti-izpadanju-las\\\/\"]}]},{\"@type\":\"ImageObject\",\"inLanguage\":\"hr-HR\",\"@id\":\"https:\\\/\\\/naturavit.kodnes.eu\\\/hr\\\/proizvod\\\/11-aktivni-losjon-proti-izpadanju-las\\\/#primaryimage\",\"url\":\"https:\\\/\\\/naturavit.kodnes.eu\\\/wp-content\\\/uploads\\\/2026\\\/03\\\/Kartoncek-paketi-10-x-10-cm.png\",\"contentUrl\":\"https:\\\/\\\/naturavit.kodnes.eu\\\/wp-content\\\/uploads\\\/2026\\\/03\\\/Kartoncek-paketi-10-x-10-cm.png\",\"width\":1181,\"height\":1181},{\"@type\":\"BreadcrumbList\",\"@id\":\"https:\\\/\\\/naturavit.kodnes.eu\\\/hr\\\/proizvod\\\/11-aktivni-losjon-proti-izpadanju-las\\\/#breadcrumb\",\"itemListElement\":[{\"@type\":\"ListItem\",\"position\":1,\"name\":\"Home\",\"item\":\"https:\\\/\\\/naturavit.kodnes.eu\\\/hr\\\/\"},{\"@type\":\"ListItem\",\"position\":2,\"name\":\"Trgovina\",\"item\":\"https:\\\/\\\/naturavit.kodnes.eu\\\/hr\\\/trgovina\\\/\"},{\"@type\":\"ListItem\",\"position\":3,\"name\":\"Njega kose\",\"item\":\"https:\\\/\\\/naturavit.kodnes.eu\\\/hr\\\/kategorija-proizvoda\\\/njega-kose\\\/\"},{\"@type\":\"ListItem\",\"position\":4,\"name\":\"Ulja &amp; serumi\",\"item\":\"https:\\\/\\\/naturavit.kodnes.eu\\\/hr\\\/kategorija-proizvoda\\\/njega-kose\\\/ulja-serumi\\\/\"},{\"@type\":\"ListItem\",\"position\":5,\"name\":\"1+1 Aktivni losjon proti izpadanju las\"}]},{\"@type\":\"WebSite\",\"@id\":\"https:\\\/\\\/naturavit.kodnes.eu\\\/hr\\\/#website\",\"url\":\"https:\\\/\\\/naturavit.kodnes.eu\\\/hr\\\/\",\"name\":\"Naturavit\",\"description\":\"Naravna kozmetika\",\"publisher\":{\"@id\":\"https:\\\/\\\/naturavit.kodnes.eu\\\/hr\\\/#organization\"},\"potentialAction\":[{\"@type\":\"SearchAction\",\"target\":{\"@type\":\"EntryPoint\",\"urlTemplate\":\"https:\\\/\\\/naturavit.kodnes.eu\\\/hr\\\/?s={search_term_string}\"},\"query-input\":{\"@type\":\"PropertyValueSpecification\",\"valueRequired\":true,\"valueName\":\"search_term_string\"}}],\"inLanguage\":\"hr-HR\"},{\"@type\":\"Organization\",\"@id\":\"https:\\\/\\\/naturavit.kodnes.eu\\\/hr\\\/#organization\",\"name\":\"Naturavit\",\"url\":\"https:\\\/\\\/naturavit.kodnes.eu\\\/hr\\\/\",\"logo\":{\"@type\":\"ImageObject\",\"inLanguage\":\"hr-HR\",\"@id\":\"https:\\\/\\\/naturavit.kodnes.eu\\\/hr\\\/#\\\/schema\\\/logo\\\/image\\\/\",\"url\":\"https:\\\/\\\/naturavit.kodnes.eu\\\/wp-content\\\/uploads\\\/2021\\\/09\\\/116564984_3484379328307111_1830779139888479808_o.png\",\"contentUrl\":\"https:\\\/\\\/naturavit.kodnes.eu\\\/wp-content\\\/uploads\\\/2021\\\/09\\\/116564984_3484379328307111_1830779139888479808_o.png\",\"width\":1079,\"height\":1079,\"caption\":\"Naturavit\"},\"image\":{\"@id\":\"https:\\\/\\\/naturavit.kodnes.eu\\\/hr\\\/#\\\/schema\\\/logo\\\/image\\\/\"},\"sameAs\":[\"https:\\\/\\\/www.facebook.com\\\/naturavit\\\/\"]}]}<\/script>\n<!-- \/ Yoast SEO plugin. -->","yoast_head_json":{"title":"1+1 Aktivni losjon proti izpadanju las | Naturavit","description":"Aktivni losjon proti izpadanju las u\u010dinkovito zavira izpadanje in red\u010denje las. Losjon nanesemo na suho ali vla\u017eno lasi\u0161\u010de in ga ne izpiramo.","robots":{"index":"noindex","follow":"follow","max-snippet":"max-snippet:-1","max-image-preview":"max-image-preview:large","max-video-preview":"max-video-preview:-1"},"og_locale":"hr_HR","og_type":"article","og_title":"1+1 Aktivni losjon proti izpadanju las | Naturavit","og_description":"Aktivni losjon proti izpadanju las u\u010dinkovito zavira izpadanje in red\u010denje las. Losjon nanesemo na suho ali vla\u017eno lasi\u0161\u010de in ga ne izpiramo.","og_url":"https:\/\/naturavit.kodnes.eu\/hr\/proizvod\/11-aktivni-losjon-proti-izpadanju-las\/","og_site_name":"Naturavit","article_publisher":"https:\/\/www.facebook.com\/naturavit\/","article_modified_time":"2026-04-30T10:24:25+00:00","og_image":[{"width":1181,"height":1181,"url":"https:\/\/naturavit.kodnes.eu\/wp-content\/uploads\/2026\/03\/Kartoncek-paketi-10-x-10-cm.png","type":"image\/png"}],"twitter_card":"summary_large_image","schema":{"@context":"https:\/\/schema.org","@graph":[{"@type":"WebPage","@id":"https:\/\/naturavit.kodnes.eu\/hr\/proizvod\/11-aktivni-losjon-proti-izpadanju-las\/","url":"https:\/\/naturavit.kodnes.eu\/hr\/proizvod\/11-aktivni-losjon-proti-izpadanju-las\/","name":"1+1 Aktivni losjon proti izpadanju las | Naturavit","isPartOf":{"@id":"https:\/\/naturavit.kodnes.eu\/hr\/#website"},"primaryImageOfPage":{"@id":"https:\/\/naturavit.kodnes.eu\/hr\/proizvod\/11-aktivni-losjon-proti-izpadanju-las\/#primaryimage"},"image":{"@id":"https:\/\/naturavit.kodnes.eu\/hr\/proizvod\/11-aktivni-losjon-proti-izpadanju-las\/#primaryimage"},"thumbnailUrl":"https:\/\/naturavit.kodnes.eu\/wp-content\/uploads\/2026\/03\/Kartoncek-paketi-10-x-10-cm.png","datePublished":"2026-04-24T09:18:14+00:00","dateModified":"2026-04-30T10:24:25+00:00","description":"Aktivni losjon proti izpadanju las u\u010dinkovito zavira izpadanje in red\u010denje las. Losjon nanesemo na suho ali vla\u017eno lasi\u0161\u010de in ga ne izpiramo.","breadcrumb":{"@id":"https:\/\/naturavit.kodnes.eu\/hr\/proizvod\/11-aktivni-losjon-proti-izpadanju-las\/#breadcrumb"},"inLanguage":"hr-HR","potentialAction":[{"@type":"ReadAction","target":["https:\/\/naturavit.kodnes.eu\/hr\/proizvod\/11-aktivni-losjon-proti-izpadanju-las\/"]}]},{"@type":"ImageObject","inLanguage":"hr-HR","@id":"https:\/\/naturavit.kodnes.eu\/hr\/proizvod\/11-aktivni-losjon-proti-izpadanju-las\/#primaryimage","url":"https:\/\/naturavit.kodnes.eu\/wp-content\/uploads\/2026\/03\/Kartoncek-paketi-10-x-10-cm.png","contentUrl":"https:\/\/naturavit.kodnes.eu\/wp-content\/uploads\/2026\/03\/Kartoncek-paketi-10-x-10-cm.png","width":1181,"height":1181},{"@type":"BreadcrumbList","@id":"https:\/\/naturavit.kodnes.eu\/hr\/proizvod\/11-aktivni-losjon-proti-izpadanju-las\/#breadcrumb","itemListElement":[{"@type":"ListItem","position":1,"name":"Home","item":"https:\/\/naturavit.kodnes.eu\/hr\/"},{"@type":"ListItem","position":2,"name":"Trgovina","item":"https:\/\/naturavit.kodnes.eu\/hr\/trgovina\/"},{"@type":"ListItem","position":3,"name":"Njega kose","item":"https:\/\/naturavit.kodnes.eu\/hr\/kategorija-proizvoda\/njega-kose\/"},{"@type":"ListItem","position":4,"name":"Ulja &amp; serumi","item":"https:\/\/naturavit.kodnes.eu\/hr\/kategorija-proizvoda\/njega-kose\/ulja-serumi\/"},{"@type":"ListItem","position":5,"name":"1+1 Aktivni losjon proti izpadanju las"}]},{"@type":"WebSite","@id":"https:\/\/naturavit.kodnes.eu\/hr\/#website","url":"https:\/\/naturavit.kodnes.eu\/hr\/","name":"Naturavit","description":"Naravna kozmetika","publisher":{"@id":"https:\/\/naturavit.kodnes.eu\/hr\/#organization"},"potentialAction":[{"@type":"SearchAction","target":{"@type":"EntryPoint","urlTemplate":"https:\/\/naturavit.kodnes.eu\/hr\/?s={search_term_string}"},"query-input":{"@type":"PropertyValueSpecification","valueRequired":true,"valueName":"search_term_string"}}],"inLanguage":"hr-HR"},{"@type":"Organization","@id":"https:\/\/naturavit.kodnes.eu\/hr\/#organization","name":"Naturavit","url":"https:\/\/naturavit.kodnes.eu\/hr\/","logo":{"@type":"ImageObject","inLanguage":"hr-HR","@id":"https:\/\/naturavit.kodnes.eu\/hr\/#\/schema\/logo\/image\/","url":"https:\/\/naturavit.kodnes.eu\/wp-content\/uploads\/2021\/09\/116564984_3484379328307111_1830779139888479808_o.png","contentUrl":"https:\/\/naturavit.kodnes.eu\/wp-content\/uploads\/2021\/09\/116564984_3484379328307111_1830779139888479808_o.png","width":1079,"height":1079,"caption":"Naturavit"},"image":{"@id":"https:\/\/naturavit.kodnes.eu\/hr\/#\/schema\/logo\/image\/"},"sameAs":["https:\/\/www.facebook.com\/naturavit\/"]}]}},"_links":{"self":[{"href":"https:\/\/naturavit.kodnes.eu\/hr\/wp-json\/wp\/v2\/product\/48267","targetHints":{"allow":["GET"]}}],"collection":[{"href":"https:\/\/naturavit.kodnes.eu\/hr\/wp-json\/wp\/v2\/product"}],"about":[{"href":"https:\/\/naturavit.kodnes.eu\/hr\/wp-json\/wp\/v2\/types\/product"}],"replies":[{"embeddable":true,"href":"https:\/\/naturavit.kodnes.eu\/hr\/wp-json\/wp\/v2\/comments?post=48267"}],"wp:featuredmedia":[{"embeddable":true,"href":"https:\/\/naturavit.kodnes.eu\/hr\/wp-json\/wp\/v2\/media\/48259"}],"wp:attachment":[{"href":"https:\/\/naturavit.kodnes.eu\/hr\/wp-json\/wp\/v2\/media?parent=48267"}],"wp:term":[{"taxonomy":"product_brand","embeddable":true,"href":"https:\/\/naturavit.kodnes.eu\/hr\/wp-json\/wp\/v2\/product_brand?post=48267"},{"taxonomy":"product_cat","embeddable":true,"href":"https:\/\/naturavit.kodnes.eu\/hr\/wp-json\/wp\/v2\/product_cat?post=48267"},{"taxonomy":"product_tag","embeddable":true,"href":"https:\/\/naturavit.kodnes.eu\/hr\/wp-json\/wp\/v2\/product_tag?post=48267"}],"curies":[{"name":"wp","href":"https:\/\/api.w.org\/{rel}","templated":true}]}}