{"id":48136,"date":"2023-11-22T12:58:27","date_gmt":"2023-11-22T11:58:27","guid":{"rendered":"https:\/\/naturavit.kodnes.eu\/izdelek\/jutranja-meglica\/"},"modified":"2026-04-30T12:24:29","modified_gmt":"2026-04-30T10:24:29","slug":"jutranja-meglica","status":"publish","type":"product","link":"https:\/\/naturavit.kodnes.eu\/hr\/proizvod\/jutranja-meglica\/","title":{"rendered":"Jutranja meglica z eteri\u010dnim oljem verbene in limone"},"content":{"rendered":"<p>Za\u010dnite svoj dan s po\u017eivljajo\u010do jutranjo meglico, ki zdru\u017euje osve\u017eilno mo\u010d eteri\u010dnih olj verbene in limone. Ta 100% naravna di\u0161ava za prostor vas prebudi, napolni z energijo in izbolj\u0161a koncentracijo. Prijetno citrusni vonj ohranja sve\u017eino prostora, hkrati pa deluje kot naravni stimulans za bolj\u0161i za\u010detek dneva.<\/p>\n<p><strong>Klju\u010dne prednosti:<\/strong><\/p>\n<ul>\n<li>Po\u017eivlja in dviguje razpolo\u017eenje.<\/li>\n<li>Pove\u010duje koncentracijo in mentalno jasnost.<\/li>\n<li>100% naravna aroma brez umetnih dodatkov.<\/li>\n<li>Cruelty-free in okolju prijazna.<\/li>\n<\/ul>\n<p><strong>Lastnosti:<\/strong><\/p>\n<ul>\n<li>Sve\u017e citrusni vonj z noto verbene.<\/li>\n<li>Embala\u017ea iz recikliranega materiala.<\/li>\n<li>Primerna za dom, pisarno, meditacijske prostore.<\/li>\n<\/ul>\n<p><strong>Za koga je primerna?<\/strong><br \/>\nZa vse, ki \u017eelijo naravno di\u0161avo, ki po\u017eivlja telo in um. \u0160e posebej primerna je za tiste, ki si \u017eelijo dodatno spodbuditi energi\u010den za\u010detek dneva in ne \u017eelijo uporabljati umetnih, sinteti\u010dnih di\u0161av za prostore.<\/p>\n<p><strong>Na\u010din uporabe:<\/strong><br \/>\nRazpr\u0161ite v prostoru zjutraj, da prebudite \u010dute in ustvarite osve\u017eilno atmosfero. Lahko jo uporabite ve\u010dkrat v dnevu, tudi med delom za dodatno energijo in zbranost.<\/p>\n<p><strong>Sestavine:<\/strong><\/p>\n<p>limonen, 7-metil-3-metilenok-ta-1, 6-dien, Pin-2(3)-en, pin-2(10)-en, Neral, Citral, Linalol.<\/p>\n<p>&nbsp;<\/p>\n<p>Splo\u0161na opozorila za izdelke z naravnimi etri\u010dnimi olji: Vnetljiva teko\u010dina in hlapi. Povzro\u010da hudo dra\u017eenje o\u010di. Povzro\u010da dra\u017eenje ko\u017ee. Lahko povzro\u010di alergijski odziv ko\u017ee. Strupeno za vodne organizme, z dolgotrajnimi u\u010dinki. Hraniti zunaj dosega otrok. \u010ce je potreben zdravni\u0161ki nasvet, mora biti na voljo posoda ali etiketa proizvoda. Odstranite kontaktne le\u010de, \u010de jih imate in \u010de to lahko storite brez te\u017eav. Nadaljujte z izpiranjem. PRI STIKU Z O\u010cMI: previdno izpirati z vodo nekaj minut. Odstraniti embala\u017eo v skladu z nacionalnimi predpisi.<\/p>\n","protected":false},"excerpt":{"rendered":"<p>100% naravna di\u0161ava za prostor z eteri\u010dnim oljem verbene in limone, ki po\u017eivita, osve\u017eita prostor, izbolj\u0161ujeta razpolo\u017eenje in spodbujata optimizem in motivacijo za nov dan.<\/p>\n<p>100 ml<\/p>\n","protected":false},"featured_media":48137,"comment_status":"closed","ping_status":"closed","template":"","meta":{"_acf_changed":false},"product_brand":[],"product_cat":[42,390,391],"product_tag":[],"class_list":{"0":"post-48136","1":"product","2":"type-product","3":"status-publish","4":"has-post-thumbnail","6":"product_cat-esencijalna-ulja","7":"product_cat-mirisi-za-dom","8":"product_cat-osvjezivaci-prostora","10":"first","11":"instock","12":"taxable","13":"shipping-taxable","14":"purchasable","15":"product-type-simple"},"acf":[],"yoast_head":"<!-- This site is optimized with the Yoast SEO plugin v27.5 - https:\/\/yoast.com\/product\/yoast-seo-wordpress\/ -->\n<title>Jutranja meglica z eteri\u010dnim oljem verbene in limone | Naturavit<\/title>\n<meta name=\"robots\" content=\"noindex, follow, max-snippet:-1, max-image-preview:large, max-video-preview:-1\" \/>\n<meta property=\"og:locale\" content=\"hr_HR\" \/>\n<meta property=\"og:type\" content=\"article\" \/>\n<meta property=\"og:title\" content=\"Jutranja meglica z eteri\u010dnim oljem verbene in limone | Naturavit\" \/>\n<meta property=\"og:description\" content=\"100% naravna di\u0161ava za prostor z eteri\u010dnim oljem verbene in limone, ki po\u017eivita, osve\u017eita prostor, izbolj\u0161ujeta razpolo\u017eenje in spodbujata optimizem in motivacijo za nov dan. 100 ml\" \/>\n<meta property=\"og:url\" content=\"https:\/\/naturavit.kodnes.eu\/hr\/proizvod\/jutranja-meglica\/\" \/>\n<meta property=\"og:site_name\" content=\"Naturavit\" \/>\n<meta property=\"article:publisher\" content=\"https:\/\/www.facebook.com\/naturavit\/\" \/>\n<meta property=\"article:modified_time\" content=\"2026-04-30T10:24:29+00:00\" \/>\n<meta property=\"og:image\" content=\"https:\/\/naturavit.kodnes.eu\/wp-content\/uploads\/2026\/03\/Meglica_Jutranja_GROUP.jpg\" \/>\n\t<meta property=\"og:image:width\" content=\"2048\" \/>\n\t<meta property=\"og:image:height\" content=\"2048\" \/>\n\t<meta property=\"og:image:type\" content=\"image\/jpeg\" \/>\n<meta name=\"twitter:card\" content=\"summary_large_image\" \/>\n<meta name=\"twitter:label1\" content=\"Est. reading time\" \/>\n\t<meta name=\"twitter:data1\" content=\"1 minute\" \/>\n<script type=\"application\/ld+json\" class=\"yoast-schema-graph\">{\"@context\":\"https:\\\/\\\/schema.org\",\"@graph\":[{\"@type\":\"WebPage\",\"@id\":\"https:\\\/\\\/naturavit.kodnes.eu\\\/hr\\\/proizvod\\\/jutranja-meglica\\\/\",\"url\":\"https:\\\/\\\/naturavit.kodnes.eu\\\/hr\\\/proizvod\\\/jutranja-meglica\\\/\",\"name\":\"Jutranja meglica z eteri\u010dnim oljem verbene in limone | Naturavit\",\"isPartOf\":{\"@id\":\"https:\\\/\\\/naturavit.kodnes.eu\\\/hr\\\/#website\"},\"primaryImageOfPage\":{\"@id\":\"https:\\\/\\\/naturavit.kodnes.eu\\\/hr\\\/proizvod\\\/jutranja-meglica\\\/#primaryimage\"},\"image\":{\"@id\":\"https:\\\/\\\/naturavit.kodnes.eu\\\/hr\\\/proizvod\\\/jutranja-meglica\\\/#primaryimage\"},\"thumbnailUrl\":\"https:\\\/\\\/naturavit.kodnes.eu\\\/wp-content\\\/uploads\\\/2026\\\/03\\\/Meglica_Jutranja_GROUP.jpg\",\"datePublished\":\"2023-11-22T11:58:27+00:00\",\"dateModified\":\"2026-04-30T10:24:29+00:00\",\"breadcrumb\":{\"@id\":\"https:\\\/\\\/naturavit.kodnes.eu\\\/hr\\\/proizvod\\\/jutranja-meglica\\\/#breadcrumb\"},\"inLanguage\":\"hr-HR\",\"potentialAction\":[{\"@type\":\"ReadAction\",\"target\":[\"https:\\\/\\\/naturavit.kodnes.eu\\\/hr\\\/proizvod\\\/jutranja-meglica\\\/\"]}]},{\"@type\":\"ImageObject\",\"inLanguage\":\"hr-HR\",\"@id\":\"https:\\\/\\\/naturavit.kodnes.eu\\\/hr\\\/proizvod\\\/jutranja-meglica\\\/#primaryimage\",\"url\":\"https:\\\/\\\/naturavit.kodnes.eu\\\/wp-content\\\/uploads\\\/2026\\\/03\\\/Meglica_Jutranja_GROUP.jpg\",\"contentUrl\":\"https:\\\/\\\/naturavit.kodnes.eu\\\/wp-content\\\/uploads\\\/2026\\\/03\\\/Meglica_Jutranja_GROUP.jpg\",\"width\":2048,\"height\":2048},{\"@type\":\"BreadcrumbList\",\"@id\":\"https:\\\/\\\/naturavit.kodnes.eu\\\/hr\\\/proizvod\\\/jutranja-meglica\\\/#breadcrumb\",\"itemListElement\":[{\"@type\":\"ListItem\",\"position\":1,\"name\":\"Home\",\"item\":\"https:\\\/\\\/naturavit.kodnes.eu\\\/hr\\\/\"},{\"@type\":\"ListItem\",\"position\":2,\"name\":\"Trgovina\",\"item\":\"https:\\\/\\\/naturavit.kodnes.eu\\\/hr\\\/trgovina\\\/\"},{\"@type\":\"ListItem\",\"position\":3,\"name\":\"Mirisi za dom\",\"item\":\"https:\\\/\\\/naturavit.kodnes.eu\\\/hr\\\/kategorija-proizvoda\\\/mirisi-za-dom\\\/\"},{\"@type\":\"ListItem\",\"position\":4,\"name\":\"Osvje\u017eiva\u010di prostora\",\"item\":\"https:\\\/\\\/naturavit.kodnes.eu\\\/hr\\\/kategorija-proizvoda\\\/mirisi-za-dom\\\/osvjezivaci-prostora\\\/\"},{\"@type\":\"ListItem\",\"position\":5,\"name\":\"Jutranja meglica z eteri\u010dnim oljem verbene in limone\"}]},{\"@type\":\"WebSite\",\"@id\":\"https:\\\/\\\/naturavit.kodnes.eu\\\/hr\\\/#website\",\"url\":\"https:\\\/\\\/naturavit.kodnes.eu\\\/hr\\\/\",\"name\":\"Naturavit\",\"description\":\"Naravna kozmetika\",\"publisher\":{\"@id\":\"https:\\\/\\\/naturavit.kodnes.eu\\\/hr\\\/#organization\"},\"potentialAction\":[{\"@type\":\"SearchAction\",\"target\":{\"@type\":\"EntryPoint\",\"urlTemplate\":\"https:\\\/\\\/naturavit.kodnes.eu\\\/hr\\\/?s={search_term_string}\"},\"query-input\":{\"@type\":\"PropertyValueSpecification\",\"valueRequired\":true,\"valueName\":\"search_term_string\"}}],\"inLanguage\":\"hr-HR\"},{\"@type\":\"Organization\",\"@id\":\"https:\\\/\\\/naturavit.kodnes.eu\\\/hr\\\/#organization\",\"name\":\"Naturavit\",\"url\":\"https:\\\/\\\/naturavit.kodnes.eu\\\/hr\\\/\",\"logo\":{\"@type\":\"ImageObject\",\"inLanguage\":\"hr-HR\",\"@id\":\"https:\\\/\\\/naturavit.kodnes.eu\\\/hr\\\/#\\\/schema\\\/logo\\\/image\\\/\",\"url\":\"https:\\\/\\\/naturavit.kodnes.eu\\\/wp-content\\\/uploads\\\/2021\\\/09\\\/116564984_3484379328307111_1830779139888479808_o.png\",\"contentUrl\":\"https:\\\/\\\/naturavit.kodnes.eu\\\/wp-content\\\/uploads\\\/2021\\\/09\\\/116564984_3484379328307111_1830779139888479808_o.png\",\"width\":1079,\"height\":1079,\"caption\":\"Naturavit\"},\"image\":{\"@id\":\"https:\\\/\\\/naturavit.kodnes.eu\\\/hr\\\/#\\\/schema\\\/logo\\\/image\\\/\"},\"sameAs\":[\"https:\\\/\\\/www.facebook.com\\\/naturavit\\\/\"]}]}<\/script>\n<!-- \/ Yoast SEO plugin. -->","yoast_head_json":{"title":"Jutranja meglica z eteri\u010dnim oljem verbene in limone | Naturavit","robots":{"index":"noindex","follow":"follow","max-snippet":"max-snippet:-1","max-image-preview":"max-image-preview:large","max-video-preview":"max-video-preview:-1"},"og_locale":"hr_HR","og_type":"article","og_title":"Jutranja meglica z eteri\u010dnim oljem verbene in limone | Naturavit","og_description":"100% naravna di\u0161ava za prostor z eteri\u010dnim oljem verbene in limone, ki po\u017eivita, osve\u017eita prostor, izbolj\u0161ujeta razpolo\u017eenje in spodbujata optimizem in motivacijo za nov dan. 100 ml","og_url":"https:\/\/naturavit.kodnes.eu\/hr\/proizvod\/jutranja-meglica\/","og_site_name":"Naturavit","article_publisher":"https:\/\/www.facebook.com\/naturavit\/","article_modified_time":"2026-04-30T10:24:29+00:00","og_image":[{"width":2048,"height":2048,"url":"https:\/\/naturavit.kodnes.eu\/wp-content\/uploads\/2026\/03\/Meglica_Jutranja_GROUP.jpg","type":"image\/jpeg"}],"twitter_card":"summary_large_image","twitter_misc":{"Est. reading time":"1 minute"},"schema":{"@context":"https:\/\/schema.org","@graph":[{"@type":"WebPage","@id":"https:\/\/naturavit.kodnes.eu\/hr\/proizvod\/jutranja-meglica\/","url":"https:\/\/naturavit.kodnes.eu\/hr\/proizvod\/jutranja-meglica\/","name":"Jutranja meglica z eteri\u010dnim oljem verbene in limone | Naturavit","isPartOf":{"@id":"https:\/\/naturavit.kodnes.eu\/hr\/#website"},"primaryImageOfPage":{"@id":"https:\/\/naturavit.kodnes.eu\/hr\/proizvod\/jutranja-meglica\/#primaryimage"},"image":{"@id":"https:\/\/naturavit.kodnes.eu\/hr\/proizvod\/jutranja-meglica\/#primaryimage"},"thumbnailUrl":"https:\/\/naturavit.kodnes.eu\/wp-content\/uploads\/2026\/03\/Meglica_Jutranja_GROUP.jpg","datePublished":"2023-11-22T11:58:27+00:00","dateModified":"2026-04-30T10:24:29+00:00","breadcrumb":{"@id":"https:\/\/naturavit.kodnes.eu\/hr\/proizvod\/jutranja-meglica\/#breadcrumb"},"inLanguage":"hr-HR","potentialAction":[{"@type":"ReadAction","target":["https:\/\/naturavit.kodnes.eu\/hr\/proizvod\/jutranja-meglica\/"]}]},{"@type":"ImageObject","inLanguage":"hr-HR","@id":"https:\/\/naturavit.kodnes.eu\/hr\/proizvod\/jutranja-meglica\/#primaryimage","url":"https:\/\/naturavit.kodnes.eu\/wp-content\/uploads\/2026\/03\/Meglica_Jutranja_GROUP.jpg","contentUrl":"https:\/\/naturavit.kodnes.eu\/wp-content\/uploads\/2026\/03\/Meglica_Jutranja_GROUP.jpg","width":2048,"height":2048},{"@type":"BreadcrumbList","@id":"https:\/\/naturavit.kodnes.eu\/hr\/proizvod\/jutranja-meglica\/#breadcrumb","itemListElement":[{"@type":"ListItem","position":1,"name":"Home","item":"https:\/\/naturavit.kodnes.eu\/hr\/"},{"@type":"ListItem","position":2,"name":"Trgovina","item":"https:\/\/naturavit.kodnes.eu\/hr\/trgovina\/"},{"@type":"ListItem","position":3,"name":"Mirisi za dom","item":"https:\/\/naturavit.kodnes.eu\/hr\/kategorija-proizvoda\/mirisi-za-dom\/"},{"@type":"ListItem","position":4,"name":"Osvje\u017eiva\u010di prostora","item":"https:\/\/naturavit.kodnes.eu\/hr\/kategorija-proizvoda\/mirisi-za-dom\/osvjezivaci-prostora\/"},{"@type":"ListItem","position":5,"name":"Jutranja meglica z eteri\u010dnim oljem verbene in limone"}]},{"@type":"WebSite","@id":"https:\/\/naturavit.kodnes.eu\/hr\/#website","url":"https:\/\/naturavit.kodnes.eu\/hr\/","name":"Naturavit","description":"Naravna kozmetika","publisher":{"@id":"https:\/\/naturavit.kodnes.eu\/hr\/#organization"},"potentialAction":[{"@type":"SearchAction","target":{"@type":"EntryPoint","urlTemplate":"https:\/\/naturavit.kodnes.eu\/hr\/?s={search_term_string}"},"query-input":{"@type":"PropertyValueSpecification","valueRequired":true,"valueName":"search_term_string"}}],"inLanguage":"hr-HR"},{"@type":"Organization","@id":"https:\/\/naturavit.kodnes.eu\/hr\/#organization","name":"Naturavit","url":"https:\/\/naturavit.kodnes.eu\/hr\/","logo":{"@type":"ImageObject","inLanguage":"hr-HR","@id":"https:\/\/naturavit.kodnes.eu\/hr\/#\/schema\/logo\/image\/","url":"https:\/\/naturavit.kodnes.eu\/wp-content\/uploads\/2021\/09\/116564984_3484379328307111_1830779139888479808_o.png","contentUrl":"https:\/\/naturavit.kodnes.eu\/wp-content\/uploads\/2021\/09\/116564984_3484379328307111_1830779139888479808_o.png","width":1079,"height":1079,"caption":"Naturavit"},"image":{"@id":"https:\/\/naturavit.kodnes.eu\/hr\/#\/schema\/logo\/image\/"},"sameAs":["https:\/\/www.facebook.com\/naturavit\/"]}]}},"_links":{"self":[{"href":"https:\/\/naturavit.kodnes.eu\/hr\/wp-json\/wp\/v2\/product\/48136","targetHints":{"allow":["GET"]}}],"collection":[{"href":"https:\/\/naturavit.kodnes.eu\/hr\/wp-json\/wp\/v2\/product"}],"about":[{"href":"https:\/\/naturavit.kodnes.eu\/hr\/wp-json\/wp\/v2\/types\/product"}],"replies":[{"embeddable":true,"href":"https:\/\/naturavit.kodnes.eu\/hr\/wp-json\/wp\/v2\/comments?post=48136"}],"wp:featuredmedia":[{"embeddable":true,"href":"https:\/\/naturavit.kodnes.eu\/hr\/wp-json\/wp\/v2\/media\/48137"}],"wp:attachment":[{"href":"https:\/\/naturavit.kodnes.eu\/hr\/wp-json\/wp\/v2\/media?parent=48136"}],"wp:term":[{"taxonomy":"product_brand","embeddable":true,"href":"https:\/\/naturavit.kodnes.eu\/hr\/wp-json\/wp\/v2\/product_brand?post=48136"},{"taxonomy":"product_cat","embeddable":true,"href":"https:\/\/naturavit.kodnes.eu\/hr\/wp-json\/wp\/v2\/product_cat?post=48136"},{"taxonomy":"product_tag","embeddable":true,"href":"https:\/\/naturavit.kodnes.eu\/hr\/wp-json\/wp\/v2\/product_tag?post=48136"}],"curies":[{"name":"wp","href":"https:\/\/api.w.org\/{rel}","templated":true}]}}