{"id":48100,"date":"2023-11-29T00:44:43","date_gmt":"2023-11-28T23:44:43","guid":{"rendered":"https:\/\/naturavit.kodnes.eu\/izdelek\/bozicna-meglica\/"},"modified":"2026-04-30T12:24:28","modified_gmt":"2026-04-30T10:24:28","slug":"bozicna-meglica","status":"publish","type":"product","link":"https:\/\/naturavit.kodnes.eu\/hr\/proizvod\/bozicna-meglica\/","title":{"rendered":"Bo\u017ei\u010dna meglica s cimetom, vanilijo in jabolkom"},"content":{"rendered":"<p>Ustvarite prazni\u010dno vzdu\u0161je z bo\u017ei\u010dno meglico, ki zdru\u017euje toplino cimeta, vanilije in sladko sve\u017eino jabol\u010dne arome. Meglica je popolna izbira za ljubitelje prazni\u010dnega vzdu\u0161ja, saj prina\u0161a ob\u010dutek doma\u010dnosti in topline.<\/p>\n<p><strong>Klju\u010dne prednosti:<\/strong><\/p>\n<ul>\n<li>Prina\u0161a prazni\u010dno vzdu\u0161je v vsak dom.<\/li>\n<li>Kombinacija cimeta, vanilije in jabolka v trenutku odi\u0161avi prostor.<\/li>\n<li>Preprosta za uporabo, saj se jo po prostoru razpr\u0161i z nekaj pritiski.<\/li>\n<\/ul>\n<p><strong>Lastnosti:<\/strong><\/p>\n<ul>\n<li>Bogat prazni\u010dni vonj.<\/li>\n<li>Primerna za dnevne sobe, jedilnice in prazni\u010dne dogodke.<\/li>\n<\/ul>\n<p><strong>Za koga je primerna?<\/strong><br \/>\nZa vse, ki si \u017eelijo v prostor vnesti prazni\u010dno atmosfero in toplo, doma\u010de vzdu\u0161je.<\/p>\n<p><strong>Na\u010din uporabe:<\/strong><br \/>\nRazpr\u0161ite po prostoru za takoj\u0161njo prazni\u010dno toplino in ob\u010dutek doma\u010dnosti.<\/p>\n<p><strong>Sestavine:<\/strong><\/p>\n<p>Limonene, cinamal, cumarin.<\/p>\n<p>Splo\u0161na opozorila za izdelke, ki vsebujejo naravna etri\u010dna olja: Vnetljiva teko\u010dina in hlapi. Povzro\u010da hudo dra\u017eenje o\u010di. Povzro\u010da dra\u017eenje ko\u017ee. Lahko povzro\u010di alergijski odziv ko\u017ee. Strupeno za vodne organizme, z dolgotrajnimi u\u010dinki. Hraniti zunaj dosega otrok. \u010ce je potreben zdravni\u0161ki nasvet, mora biti na voljo posoda ali etiketa proizvoda. Odstranite kontaktne le\u010de, \u010de jih imate in \u010de to lahko storite brez te\u017eav. Nadaljujte z izpiranjem. PRI STIKU Z O\u010cMI: previdno izpirati z vodo nekaj minut. Odstraniti embala\u017eo v skladu z nacionalnimi predpisi.<\/p>\n","protected":false},"excerpt":{"rendered":"<p data-pm-slice=\"1 1 []\">Ustvarite prazni\u010dno vzdu\u0161je z bo\u017ei\u010dno meglico obogateno z aromo cimeta, vanilije in jabolka. Ta di\u0161ava za prostor napolni dom s toplino, spominja na prazni\u010dne dni in vnese ob\u010dutek doma\u010dnosti ter udobja.<\/p>\n<p>100 ml<\/p>\n","protected":false},"featured_media":48101,"comment_status":"closed","ping_status":"closed","template":"","meta":{"_acf_changed":false},"product_brand":[],"product_cat":[390,391],"product_tag":[],"class_list":{"0":"post-48100","1":"product","2":"type-product","3":"status-publish","4":"has-post-thumbnail","6":"product_cat-mirisi-za-dom","7":"product_cat-osvjezivaci-prostora","9":"first","10":"instock","11":"taxable","12":"shipping-taxable","13":"purchasable","14":"product-type-simple"},"acf":[],"yoast_head":"<!-- This site is optimized with the Yoast SEO plugin v27.5 - https:\/\/yoast.com\/product\/yoast-seo-wordpress\/ -->\n<title>Bo\u017ei\u010dna meglica s cimetom, vanilijo in jabolkom | Naturavit<\/title>\n<meta name=\"robots\" content=\"noindex, follow, max-snippet:-1, max-image-preview:large, max-video-preview:-1\" \/>\n<meta property=\"og:locale\" content=\"hr_HR\" \/>\n<meta property=\"og:type\" content=\"article\" \/>\n<meta property=\"og:title\" content=\"Bo\u017ei\u010dna meglica s cimetom, vanilijo in jabolkom | Naturavit\" \/>\n<meta property=\"og:description\" content=\"Ustvarite prazni\u010dno vzdu\u0161je z bo\u017ei\u010dno meglico obogateno z aromo cimeta, vanilije in jabolka. Ta di\u0161ava za prostor napolni dom s toplino, spominja na prazni\u010dne dni in vnese ob\u010dutek doma\u010dnosti ter udobja. 100 ml\" \/>\n<meta property=\"og:url\" content=\"https:\/\/naturavit.kodnes.eu\/hr\/proizvod\/bozicna-meglica\/\" \/>\n<meta property=\"og:site_name\" content=\"Naturavit\" \/>\n<meta property=\"article:publisher\" content=\"https:\/\/www.facebook.com\/naturavit\/\" \/>\n<meta property=\"article:modified_time\" content=\"2026-04-30T10:24:28+00:00\" \/>\n<meta property=\"og:image\" content=\"https:\/\/naturavit.kodnes.eu\/wp-content\/uploads\/2026\/03\/3-BozicnaMeglica_Naturavit_JPEG_WEBsmall.jpg\" \/>\n\t<meta property=\"og:image:width\" content=\"2048\" \/>\n\t<meta property=\"og:image:height\" content=\"2048\" \/>\n\t<meta property=\"og:image:type\" content=\"image\/jpeg\" \/>\n<meta name=\"twitter:card\" content=\"summary_large_image\" \/>\n<meta name=\"twitter:label1\" content=\"Est. reading time\" \/>\n\t<meta name=\"twitter:data1\" content=\"1 minute\" \/>\n<script type=\"application\/ld+json\" class=\"yoast-schema-graph\">{\"@context\":\"https:\\\/\\\/schema.org\",\"@graph\":[{\"@type\":\"WebPage\",\"@id\":\"https:\\\/\\\/naturavit.kodnes.eu\\\/hr\\\/proizvod\\\/bozicna-meglica\\\/\",\"url\":\"https:\\\/\\\/naturavit.kodnes.eu\\\/hr\\\/proizvod\\\/bozicna-meglica\\\/\",\"name\":\"Bo\u017ei\u010dna meglica s cimetom, vanilijo in jabolkom | Naturavit\",\"isPartOf\":{\"@id\":\"https:\\\/\\\/naturavit.kodnes.eu\\\/hr\\\/#website\"},\"primaryImageOfPage\":{\"@id\":\"https:\\\/\\\/naturavit.kodnes.eu\\\/hr\\\/proizvod\\\/bozicna-meglica\\\/#primaryimage\"},\"image\":{\"@id\":\"https:\\\/\\\/naturavit.kodnes.eu\\\/hr\\\/proizvod\\\/bozicna-meglica\\\/#primaryimage\"},\"thumbnailUrl\":\"https:\\\/\\\/naturavit.kodnes.eu\\\/wp-content\\\/uploads\\\/2026\\\/03\\\/3-BozicnaMeglica_Naturavit_JPEG_WEBsmall.jpg\",\"datePublished\":\"2023-11-28T23:44:43+00:00\",\"dateModified\":\"2026-04-30T10:24:28+00:00\",\"breadcrumb\":{\"@id\":\"https:\\\/\\\/naturavit.kodnes.eu\\\/hr\\\/proizvod\\\/bozicna-meglica\\\/#breadcrumb\"},\"inLanguage\":\"hr-HR\",\"potentialAction\":[{\"@type\":\"ReadAction\",\"target\":[\"https:\\\/\\\/naturavit.kodnes.eu\\\/hr\\\/proizvod\\\/bozicna-meglica\\\/\"]}]},{\"@type\":\"ImageObject\",\"inLanguage\":\"hr-HR\",\"@id\":\"https:\\\/\\\/naturavit.kodnes.eu\\\/hr\\\/proizvod\\\/bozicna-meglica\\\/#primaryimage\",\"url\":\"https:\\\/\\\/naturavit.kodnes.eu\\\/wp-content\\\/uploads\\\/2026\\\/03\\\/3-BozicnaMeglica_Naturavit_JPEG_WEBsmall.jpg\",\"contentUrl\":\"https:\\\/\\\/naturavit.kodnes.eu\\\/wp-content\\\/uploads\\\/2026\\\/03\\\/3-BozicnaMeglica_Naturavit_JPEG_WEBsmall.jpg\",\"width\":2048,\"height\":2048},{\"@type\":\"BreadcrumbList\",\"@id\":\"https:\\\/\\\/naturavit.kodnes.eu\\\/hr\\\/proizvod\\\/bozicna-meglica\\\/#breadcrumb\",\"itemListElement\":[{\"@type\":\"ListItem\",\"position\":1,\"name\":\"Home\",\"item\":\"https:\\\/\\\/naturavit.kodnes.eu\\\/hr\\\/\"},{\"@type\":\"ListItem\",\"position\":2,\"name\":\"Trgovina\",\"item\":\"https:\\\/\\\/naturavit.kodnes.eu\\\/hr\\\/trgovina\\\/\"},{\"@type\":\"ListItem\",\"position\":3,\"name\":\"Mirisi za dom\",\"item\":\"https:\\\/\\\/naturavit.kodnes.eu\\\/hr\\\/kategorija-proizvoda\\\/mirisi-za-dom\\\/\"},{\"@type\":\"ListItem\",\"position\":4,\"name\":\"Bo\u017ei\u010dna meglica s cimetom, vanilijo in jabolkom\"}]},{\"@type\":\"WebSite\",\"@id\":\"https:\\\/\\\/naturavit.kodnes.eu\\\/hr\\\/#website\",\"url\":\"https:\\\/\\\/naturavit.kodnes.eu\\\/hr\\\/\",\"name\":\"Naturavit\",\"description\":\"Naravna kozmetika\",\"publisher\":{\"@id\":\"https:\\\/\\\/naturavit.kodnes.eu\\\/hr\\\/#organization\"},\"potentialAction\":[{\"@type\":\"SearchAction\",\"target\":{\"@type\":\"EntryPoint\",\"urlTemplate\":\"https:\\\/\\\/naturavit.kodnes.eu\\\/hr\\\/?s={search_term_string}\"},\"query-input\":{\"@type\":\"PropertyValueSpecification\",\"valueRequired\":true,\"valueName\":\"search_term_string\"}}],\"inLanguage\":\"hr-HR\"},{\"@type\":\"Organization\",\"@id\":\"https:\\\/\\\/naturavit.kodnes.eu\\\/hr\\\/#organization\",\"name\":\"Naturavit\",\"url\":\"https:\\\/\\\/naturavit.kodnes.eu\\\/hr\\\/\",\"logo\":{\"@type\":\"ImageObject\",\"inLanguage\":\"hr-HR\",\"@id\":\"https:\\\/\\\/naturavit.kodnes.eu\\\/hr\\\/#\\\/schema\\\/logo\\\/image\\\/\",\"url\":\"https:\\\/\\\/naturavit.kodnes.eu\\\/wp-content\\\/uploads\\\/2021\\\/09\\\/116564984_3484379328307111_1830779139888479808_o.png\",\"contentUrl\":\"https:\\\/\\\/naturavit.kodnes.eu\\\/wp-content\\\/uploads\\\/2021\\\/09\\\/116564984_3484379328307111_1830779139888479808_o.png\",\"width\":1079,\"height\":1079,\"caption\":\"Naturavit\"},\"image\":{\"@id\":\"https:\\\/\\\/naturavit.kodnes.eu\\\/hr\\\/#\\\/schema\\\/logo\\\/image\\\/\"},\"sameAs\":[\"https:\\\/\\\/www.facebook.com\\\/naturavit\\\/\"]}]}<\/script>\n<!-- \/ Yoast SEO plugin. -->","yoast_head_json":{"title":"Bo\u017ei\u010dna meglica s cimetom, vanilijo in jabolkom | Naturavit","robots":{"index":"noindex","follow":"follow","max-snippet":"max-snippet:-1","max-image-preview":"max-image-preview:large","max-video-preview":"max-video-preview:-1"},"og_locale":"hr_HR","og_type":"article","og_title":"Bo\u017ei\u010dna meglica s cimetom, vanilijo in jabolkom | Naturavit","og_description":"Ustvarite prazni\u010dno vzdu\u0161je z bo\u017ei\u010dno meglico obogateno z aromo cimeta, vanilije in jabolka. Ta di\u0161ava za prostor napolni dom s toplino, spominja na prazni\u010dne dni in vnese ob\u010dutek doma\u010dnosti ter udobja. 100 ml","og_url":"https:\/\/naturavit.kodnes.eu\/hr\/proizvod\/bozicna-meglica\/","og_site_name":"Naturavit","article_publisher":"https:\/\/www.facebook.com\/naturavit\/","article_modified_time":"2026-04-30T10:24:28+00:00","og_image":[{"width":2048,"height":2048,"url":"https:\/\/naturavit.kodnes.eu\/wp-content\/uploads\/2026\/03\/3-BozicnaMeglica_Naturavit_JPEG_WEBsmall.jpg","type":"image\/jpeg"}],"twitter_card":"summary_large_image","twitter_misc":{"Est. reading time":"1 minute"},"schema":{"@context":"https:\/\/schema.org","@graph":[{"@type":"WebPage","@id":"https:\/\/naturavit.kodnes.eu\/hr\/proizvod\/bozicna-meglica\/","url":"https:\/\/naturavit.kodnes.eu\/hr\/proizvod\/bozicna-meglica\/","name":"Bo\u017ei\u010dna meglica s cimetom, vanilijo in jabolkom | Naturavit","isPartOf":{"@id":"https:\/\/naturavit.kodnes.eu\/hr\/#website"},"primaryImageOfPage":{"@id":"https:\/\/naturavit.kodnes.eu\/hr\/proizvod\/bozicna-meglica\/#primaryimage"},"image":{"@id":"https:\/\/naturavit.kodnes.eu\/hr\/proizvod\/bozicna-meglica\/#primaryimage"},"thumbnailUrl":"https:\/\/naturavit.kodnes.eu\/wp-content\/uploads\/2026\/03\/3-BozicnaMeglica_Naturavit_JPEG_WEBsmall.jpg","datePublished":"2023-11-28T23:44:43+00:00","dateModified":"2026-04-30T10:24:28+00:00","breadcrumb":{"@id":"https:\/\/naturavit.kodnes.eu\/hr\/proizvod\/bozicna-meglica\/#breadcrumb"},"inLanguage":"hr-HR","potentialAction":[{"@type":"ReadAction","target":["https:\/\/naturavit.kodnes.eu\/hr\/proizvod\/bozicna-meglica\/"]}]},{"@type":"ImageObject","inLanguage":"hr-HR","@id":"https:\/\/naturavit.kodnes.eu\/hr\/proizvod\/bozicna-meglica\/#primaryimage","url":"https:\/\/naturavit.kodnes.eu\/wp-content\/uploads\/2026\/03\/3-BozicnaMeglica_Naturavit_JPEG_WEBsmall.jpg","contentUrl":"https:\/\/naturavit.kodnes.eu\/wp-content\/uploads\/2026\/03\/3-BozicnaMeglica_Naturavit_JPEG_WEBsmall.jpg","width":2048,"height":2048},{"@type":"BreadcrumbList","@id":"https:\/\/naturavit.kodnes.eu\/hr\/proizvod\/bozicna-meglica\/#breadcrumb","itemListElement":[{"@type":"ListItem","position":1,"name":"Home","item":"https:\/\/naturavit.kodnes.eu\/hr\/"},{"@type":"ListItem","position":2,"name":"Trgovina","item":"https:\/\/naturavit.kodnes.eu\/hr\/trgovina\/"},{"@type":"ListItem","position":3,"name":"Mirisi za dom","item":"https:\/\/naturavit.kodnes.eu\/hr\/kategorija-proizvoda\/mirisi-za-dom\/"},{"@type":"ListItem","position":4,"name":"Bo\u017ei\u010dna meglica s cimetom, vanilijo in jabolkom"}]},{"@type":"WebSite","@id":"https:\/\/naturavit.kodnes.eu\/hr\/#website","url":"https:\/\/naturavit.kodnes.eu\/hr\/","name":"Naturavit","description":"Naravna kozmetika","publisher":{"@id":"https:\/\/naturavit.kodnes.eu\/hr\/#organization"},"potentialAction":[{"@type":"SearchAction","target":{"@type":"EntryPoint","urlTemplate":"https:\/\/naturavit.kodnes.eu\/hr\/?s={search_term_string}"},"query-input":{"@type":"PropertyValueSpecification","valueRequired":true,"valueName":"search_term_string"}}],"inLanguage":"hr-HR"},{"@type":"Organization","@id":"https:\/\/naturavit.kodnes.eu\/hr\/#organization","name":"Naturavit","url":"https:\/\/naturavit.kodnes.eu\/hr\/","logo":{"@type":"ImageObject","inLanguage":"hr-HR","@id":"https:\/\/naturavit.kodnes.eu\/hr\/#\/schema\/logo\/image\/","url":"https:\/\/naturavit.kodnes.eu\/wp-content\/uploads\/2021\/09\/116564984_3484379328307111_1830779139888479808_o.png","contentUrl":"https:\/\/naturavit.kodnes.eu\/wp-content\/uploads\/2021\/09\/116564984_3484379328307111_1830779139888479808_o.png","width":1079,"height":1079,"caption":"Naturavit"},"image":{"@id":"https:\/\/naturavit.kodnes.eu\/hr\/#\/schema\/logo\/image\/"},"sameAs":["https:\/\/www.facebook.com\/naturavit\/"]}]}},"_links":{"self":[{"href":"https:\/\/naturavit.kodnes.eu\/hr\/wp-json\/wp\/v2\/product\/48100","targetHints":{"allow":["GET"]}}],"collection":[{"href":"https:\/\/naturavit.kodnes.eu\/hr\/wp-json\/wp\/v2\/product"}],"about":[{"href":"https:\/\/naturavit.kodnes.eu\/hr\/wp-json\/wp\/v2\/types\/product"}],"replies":[{"embeddable":true,"href":"https:\/\/naturavit.kodnes.eu\/hr\/wp-json\/wp\/v2\/comments?post=48100"}],"wp:featuredmedia":[{"embeddable":true,"href":"https:\/\/naturavit.kodnes.eu\/hr\/wp-json\/wp\/v2\/media\/48101"}],"wp:attachment":[{"href":"https:\/\/naturavit.kodnes.eu\/hr\/wp-json\/wp\/v2\/media?parent=48100"}],"wp:term":[{"taxonomy":"product_brand","embeddable":true,"href":"https:\/\/naturavit.kodnes.eu\/hr\/wp-json\/wp\/v2\/product_brand?post=48100"},{"taxonomy":"product_cat","embeddable":true,"href":"https:\/\/naturavit.kodnes.eu\/hr\/wp-json\/wp\/v2\/product_cat?post=48100"},{"taxonomy":"product_tag","embeddable":true,"href":"https:\/\/naturavit.kodnes.eu\/hr\/wp-json\/wp\/v2\/product_tag?post=48100"}],"curies":[{"name":"wp","href":"https:\/\/api.w.org\/{rel}","templated":true}]}}