{"id":48060,"date":"2024-08-13T08:44:33","date_gmt":"2024-08-13T06:44:33","guid":{"rendered":"https:\/\/naturavit.kodnes.eu\/izdelek\/dvojna-moc-rozmarina\/"},"modified":"2026-04-30T12:24:28","modified_gmt":"2026-04-30T10:24:28","slug":"dvojna-moc-rozmarina","status":"publish","type":"product","link":"https:\/\/naturavit.kodnes.eu\/hr\/proizvod\/dvojna-moc-rozmarina\/","title":{"rendered":"XL PAKET za rast las"},"content":{"rendered":"<p><span data-sheets-root=\"1\">Kaj set vsebuje?<\/span><\/p>\n<p><strong>1x Ro\u017emarinov \u0161ampon<\/strong> <strong>500 ml + 250 ml<\/strong> za ne\u017eno \u010di\u0161\u010denje lasi\u0161\u010da in spodbujanje lasnih me\u0161i\u010dkov.<\/p>\n<p><strong>1x Piling \u0161ampon <\/strong>150 ml za globinsko \u010di\u0161\u010denje lasi\u0161\u010da z vulkansko kamnino perlit, ki odstrani odmrle celice in prirpavi lasi\u0161\u010de na aktivne u\u010dinkovine.<\/p>\n<p><strong>1x Ro\u017emarinovo olje<\/strong> 100 ml z ve\u010d aktivnimi sestavinami in 100 % naravna me\u0161anica olj za spodbujanje rasti las.<\/p>\n<p><strong>1x Ro\u017emarinova voda<\/strong> 100 ml je ekolo\u0161ka ro\u017emarinova voda s provitaminom B5 za dnevno osve\u017eitev in dodatno vla\u017eenje lasi\u0161\u010da.<\/p>\n<p><strong>1x Shampoo Brush<\/strong> pripomo\u010dek za spro\u0161\u010dujo\u010do masa\u017eo lasi\u0161\u010da med \u0161amponiranjem.<\/p>\n<p>&nbsp;<\/p>\n<p>&nbsp;<\/p>\n","protected":false},"excerpt":{"rendered":"<p><span data-sheets-root=\"1\">Maksimalna podpora za goste in mo\u010dne lase v enem setu.<\/span><\/p>\n","protected":false},"featured_media":48061,"comment_status":"closed","ping_status":"closed","template":"","meta":{"_acf_changed":false},"product_brand":[],"product_cat":[46,387,388,405,47,404],"product_tag":[],"class_list":{"0":"post-48060","1":"product","2":"type-product","3":"status-publish","4":"has-post-thumbnail","6":"product_cat-njega-kose","7":"product_cat-oblikovanje-kose-dodaci","8":"product_cat-paketi-promocije","9":"product_cat-ruzmarin-linija","10":"product_cat-samponi-i-balzami","11":"product_cat-ulja-serumi","13":"first","14":"instock","15":"sale","16":"taxable","17":"shipping-taxable","18":"purchasable","19":"product-type-simple"},"acf":[],"yoast_head":"<!-- This site is optimized with the Yoast SEO plugin v27.5 - https:\/\/yoast.com\/product\/yoast-seo-wordpress\/ -->\n<title>XL PAKET za rast las | Naturavit<\/title>\n<meta name=\"robots\" content=\"noindex, follow, max-snippet:-1, max-image-preview:large, max-video-preview:-1\" \/>\n<meta property=\"og:locale\" content=\"hr_HR\" \/>\n<meta property=\"og:type\" content=\"article\" \/>\n<meta property=\"og:title\" content=\"XL PAKET za rast las | Naturavit\" \/>\n<meta property=\"og:description\" content=\"Maksimalna podpora za goste in mo\u010dne lase v enem setu.\" \/>\n<meta property=\"og:url\" content=\"https:\/\/naturavit.kodnes.eu\/hr\/proizvod\/dvojna-moc-rozmarina\/\" \/>\n<meta property=\"og:site_name\" content=\"Naturavit\" \/>\n<meta property=\"article:publisher\" content=\"https:\/\/www.facebook.com\/naturavit\/\" \/>\n<meta property=\"article:modified_time\" content=\"2026-04-30T10:24:28+00:00\" \/>\n<meta property=\"og:image\" content=\"https:\/\/naturavit.kodnes.eu\/wp-content\/uploads\/2025\/04\/NV_XL-paket-za-rast-las_webphoto_SLO_2026-1024x1024.png\" \/>\n\t<meta property=\"og:image:width\" content=\"1024\" \/>\n\t<meta property=\"og:image:height\" content=\"1024\" \/>\n\t<meta property=\"og:image:type\" content=\"image\/png\" \/>\n<meta name=\"twitter:card\" content=\"summary_large_image\" \/>\n<meta name=\"twitter:label1\" content=\"Est. reading time\" \/>\n\t<meta name=\"twitter:data1\" content=\"1 minute\" \/>\n<script type=\"application\/ld+json\" class=\"yoast-schema-graph\">{\"@context\":\"https:\\\/\\\/schema.org\",\"@graph\":[{\"@type\":\"WebPage\",\"@id\":\"https:\\\/\\\/naturavit.kodnes.eu\\\/hr\\\/proizvod\\\/dvojna-moc-rozmarina\\\/\",\"url\":\"https:\\\/\\\/naturavit.kodnes.eu\\\/hr\\\/proizvod\\\/dvojna-moc-rozmarina\\\/\",\"name\":\"XL PAKET za rast las | Naturavit\",\"isPartOf\":{\"@id\":\"https:\\\/\\\/naturavit.kodnes.eu\\\/hr\\\/#website\"},\"primaryImageOfPage\":{\"@id\":\"https:\\\/\\\/naturavit.kodnes.eu\\\/hr\\\/proizvod\\\/dvojna-moc-rozmarina\\\/#primaryimage\"},\"image\":{\"@id\":\"https:\\\/\\\/naturavit.kodnes.eu\\\/hr\\\/proizvod\\\/dvojna-moc-rozmarina\\\/#primaryimage\"},\"thumbnailUrl\":\"https:\\\/\\\/naturavit.kodnes.eu\\\/wp-content\\\/uploads\\\/2025\\\/04\\\/NV_XL-paket-za-rast-las_webphoto_SLO_2026.png\",\"datePublished\":\"2024-08-13T06:44:33+00:00\",\"dateModified\":\"2026-04-30T10:24:28+00:00\",\"breadcrumb\":{\"@id\":\"https:\\\/\\\/naturavit.kodnes.eu\\\/hr\\\/proizvod\\\/dvojna-moc-rozmarina\\\/#breadcrumb\"},\"inLanguage\":\"hr-HR\",\"potentialAction\":[{\"@type\":\"ReadAction\",\"target\":[\"https:\\\/\\\/naturavit.kodnes.eu\\\/hr\\\/proizvod\\\/dvojna-moc-rozmarina\\\/\"]}]},{\"@type\":\"ImageObject\",\"inLanguage\":\"hr-HR\",\"@id\":\"https:\\\/\\\/naturavit.kodnes.eu\\\/hr\\\/proizvod\\\/dvojna-moc-rozmarina\\\/#primaryimage\",\"url\":\"https:\\\/\\\/naturavit.kodnes.eu\\\/wp-content\\\/uploads\\\/2025\\\/04\\\/NV_XL-paket-za-rast-las_webphoto_SLO_2026.png\",\"contentUrl\":\"https:\\\/\\\/naturavit.kodnes.eu\\\/wp-content\\\/uploads\\\/2025\\\/04\\\/NV_XL-paket-za-rast-las_webphoto_SLO_2026.png\",\"width\":2200,\"height\":2200,\"caption\":\"XL paket za rast las naturavit\"},{\"@type\":\"BreadcrumbList\",\"@id\":\"https:\\\/\\\/naturavit.kodnes.eu\\\/hr\\\/proizvod\\\/dvojna-moc-rozmarina\\\/#breadcrumb\",\"itemListElement\":[{\"@type\":\"ListItem\",\"position\":1,\"name\":\"Home\",\"item\":\"https:\\\/\\\/naturavit.kodnes.eu\\\/hr\\\/\"},{\"@type\":\"ListItem\",\"position\":2,\"name\":\"Trgovina\",\"item\":\"https:\\\/\\\/naturavit.kodnes.eu\\\/hr\\\/trgovina\\\/\"},{\"@type\":\"ListItem\",\"position\":3,\"name\":\"Njega kose\",\"item\":\"https:\\\/\\\/naturavit.kodnes.eu\\\/hr\\\/kategorija-proizvoda\\\/njega-kose\\\/\"},{\"@type\":\"ListItem\",\"position\":4,\"name\":\"Oblikovanje kose &amp; dodaci\",\"item\":\"https:\\\/\\\/naturavit.kodnes.eu\\\/hr\\\/kategorija-proizvoda\\\/njega-kose\\\/oblikovanje-kose-dodaci\\\/\"},{\"@type\":\"ListItem\",\"position\":5,\"name\":\"XL PAKET za rast las\"}]},{\"@type\":\"WebSite\",\"@id\":\"https:\\\/\\\/naturavit.kodnes.eu\\\/hr\\\/#website\",\"url\":\"https:\\\/\\\/naturavit.kodnes.eu\\\/hr\\\/\",\"name\":\"Naturavit\",\"description\":\"Naravna kozmetika\",\"publisher\":{\"@id\":\"https:\\\/\\\/naturavit.kodnes.eu\\\/hr\\\/#organization\"},\"potentialAction\":[{\"@type\":\"SearchAction\",\"target\":{\"@type\":\"EntryPoint\",\"urlTemplate\":\"https:\\\/\\\/naturavit.kodnes.eu\\\/hr\\\/?s={search_term_string}\"},\"query-input\":{\"@type\":\"PropertyValueSpecification\",\"valueRequired\":true,\"valueName\":\"search_term_string\"}}],\"inLanguage\":\"hr-HR\"},{\"@type\":\"Organization\",\"@id\":\"https:\\\/\\\/naturavit.kodnes.eu\\\/hr\\\/#organization\",\"name\":\"Naturavit\",\"url\":\"https:\\\/\\\/naturavit.kodnes.eu\\\/hr\\\/\",\"logo\":{\"@type\":\"ImageObject\",\"inLanguage\":\"hr-HR\",\"@id\":\"https:\\\/\\\/naturavit.kodnes.eu\\\/hr\\\/#\\\/schema\\\/logo\\\/image\\\/\",\"url\":\"https:\\\/\\\/naturavit.kodnes.eu\\\/wp-content\\\/uploads\\\/2021\\\/09\\\/116564984_3484379328307111_1830779139888479808_o.png\",\"contentUrl\":\"https:\\\/\\\/naturavit.kodnes.eu\\\/wp-content\\\/uploads\\\/2021\\\/09\\\/116564984_3484379328307111_1830779139888479808_o.png\",\"width\":1079,\"height\":1079,\"caption\":\"Naturavit\"},\"image\":{\"@id\":\"https:\\\/\\\/naturavit.kodnes.eu\\\/hr\\\/#\\\/schema\\\/logo\\\/image\\\/\"},\"sameAs\":[\"https:\\\/\\\/www.facebook.com\\\/naturavit\\\/\"]}]}<\/script>\n<!-- \/ Yoast SEO plugin. -->","yoast_head_json":{"title":"XL PAKET za rast las | Naturavit","robots":{"index":"noindex","follow":"follow","max-snippet":"max-snippet:-1","max-image-preview":"max-image-preview:large","max-video-preview":"max-video-preview:-1"},"og_locale":"hr_HR","og_type":"article","og_title":"XL PAKET za rast las | Naturavit","og_description":"Maksimalna podpora za goste in mo\u010dne lase v enem setu.","og_url":"https:\/\/naturavit.kodnes.eu\/hr\/proizvod\/dvojna-moc-rozmarina\/","og_site_name":"Naturavit","article_publisher":"https:\/\/www.facebook.com\/naturavit\/","article_modified_time":"2026-04-30T10:24:28+00:00","og_image":[{"width":1024,"height":1024,"url":"https:\/\/naturavit.kodnes.eu\/wp-content\/uploads\/2025\/04\/NV_XL-paket-za-rast-las_webphoto_SLO_2026-1024x1024.png","type":"image\/png"}],"twitter_card":"summary_large_image","twitter_misc":{"Est. reading time":"1 minute"},"schema":{"@context":"https:\/\/schema.org","@graph":[{"@type":"WebPage","@id":"https:\/\/naturavit.kodnes.eu\/hr\/proizvod\/dvojna-moc-rozmarina\/","url":"https:\/\/naturavit.kodnes.eu\/hr\/proizvod\/dvojna-moc-rozmarina\/","name":"XL PAKET za rast las | Naturavit","isPartOf":{"@id":"https:\/\/naturavit.kodnes.eu\/hr\/#website"},"primaryImageOfPage":{"@id":"https:\/\/naturavit.kodnes.eu\/hr\/proizvod\/dvojna-moc-rozmarina\/#primaryimage"},"image":{"@id":"https:\/\/naturavit.kodnes.eu\/hr\/proizvod\/dvojna-moc-rozmarina\/#primaryimage"},"thumbnailUrl":"https:\/\/naturavit.kodnes.eu\/wp-content\/uploads\/2025\/04\/NV_XL-paket-za-rast-las_webphoto_SLO_2026.png","datePublished":"2024-08-13T06:44:33+00:00","dateModified":"2026-04-30T10:24:28+00:00","breadcrumb":{"@id":"https:\/\/naturavit.kodnes.eu\/hr\/proizvod\/dvojna-moc-rozmarina\/#breadcrumb"},"inLanguage":"hr-HR","potentialAction":[{"@type":"ReadAction","target":["https:\/\/naturavit.kodnes.eu\/hr\/proizvod\/dvojna-moc-rozmarina\/"]}]},{"@type":"ImageObject","inLanguage":"hr-HR","@id":"https:\/\/naturavit.kodnes.eu\/hr\/proizvod\/dvojna-moc-rozmarina\/#primaryimage","url":"https:\/\/naturavit.kodnes.eu\/wp-content\/uploads\/2025\/04\/NV_XL-paket-za-rast-las_webphoto_SLO_2026.png","contentUrl":"https:\/\/naturavit.kodnes.eu\/wp-content\/uploads\/2025\/04\/NV_XL-paket-za-rast-las_webphoto_SLO_2026.png","width":2200,"height":2200,"caption":"XL paket za rast las naturavit"},{"@type":"BreadcrumbList","@id":"https:\/\/naturavit.kodnes.eu\/hr\/proizvod\/dvojna-moc-rozmarina\/#breadcrumb","itemListElement":[{"@type":"ListItem","position":1,"name":"Home","item":"https:\/\/naturavit.kodnes.eu\/hr\/"},{"@type":"ListItem","position":2,"name":"Trgovina","item":"https:\/\/naturavit.kodnes.eu\/hr\/trgovina\/"},{"@type":"ListItem","position":3,"name":"Njega kose","item":"https:\/\/naturavit.kodnes.eu\/hr\/kategorija-proizvoda\/njega-kose\/"},{"@type":"ListItem","position":4,"name":"Oblikovanje kose &amp; dodaci","item":"https:\/\/naturavit.kodnes.eu\/hr\/kategorija-proizvoda\/njega-kose\/oblikovanje-kose-dodaci\/"},{"@type":"ListItem","position":5,"name":"XL PAKET za rast las"}]},{"@type":"WebSite","@id":"https:\/\/naturavit.kodnes.eu\/hr\/#website","url":"https:\/\/naturavit.kodnes.eu\/hr\/","name":"Naturavit","description":"Naravna kozmetika","publisher":{"@id":"https:\/\/naturavit.kodnes.eu\/hr\/#organization"},"potentialAction":[{"@type":"SearchAction","target":{"@type":"EntryPoint","urlTemplate":"https:\/\/naturavit.kodnes.eu\/hr\/?s={search_term_string}"},"query-input":{"@type":"PropertyValueSpecification","valueRequired":true,"valueName":"search_term_string"}}],"inLanguage":"hr-HR"},{"@type":"Organization","@id":"https:\/\/naturavit.kodnes.eu\/hr\/#organization","name":"Naturavit","url":"https:\/\/naturavit.kodnes.eu\/hr\/","logo":{"@type":"ImageObject","inLanguage":"hr-HR","@id":"https:\/\/naturavit.kodnes.eu\/hr\/#\/schema\/logo\/image\/","url":"https:\/\/naturavit.kodnes.eu\/wp-content\/uploads\/2021\/09\/116564984_3484379328307111_1830779139888479808_o.png","contentUrl":"https:\/\/naturavit.kodnes.eu\/wp-content\/uploads\/2021\/09\/116564984_3484379328307111_1830779139888479808_o.png","width":1079,"height":1079,"caption":"Naturavit"},"image":{"@id":"https:\/\/naturavit.kodnes.eu\/hr\/#\/schema\/logo\/image\/"},"sameAs":["https:\/\/www.facebook.com\/naturavit\/"]}]}},"_links":{"self":[{"href":"https:\/\/naturavit.kodnes.eu\/hr\/wp-json\/wp\/v2\/product\/48060","targetHints":{"allow":["GET"]}}],"collection":[{"href":"https:\/\/naturavit.kodnes.eu\/hr\/wp-json\/wp\/v2\/product"}],"about":[{"href":"https:\/\/naturavit.kodnes.eu\/hr\/wp-json\/wp\/v2\/types\/product"}],"replies":[{"embeddable":true,"href":"https:\/\/naturavit.kodnes.eu\/hr\/wp-json\/wp\/v2\/comments?post=48060"}],"wp:featuredmedia":[{"embeddable":true,"href":"https:\/\/naturavit.kodnes.eu\/hr\/wp-json\/wp\/v2\/media\/48061"}],"wp:attachment":[{"href":"https:\/\/naturavit.kodnes.eu\/hr\/wp-json\/wp\/v2\/media?parent=48060"}],"wp:term":[{"taxonomy":"product_brand","embeddable":true,"href":"https:\/\/naturavit.kodnes.eu\/hr\/wp-json\/wp\/v2\/product_brand?post=48060"},{"taxonomy":"product_cat","embeddable":true,"href":"https:\/\/naturavit.kodnes.eu\/hr\/wp-json\/wp\/v2\/product_cat?post=48060"},{"taxonomy":"product_tag","embeddable":true,"href":"https:\/\/naturavit.kodnes.eu\/hr\/wp-json\/wp\/v2\/product_tag?post=48060"}],"curies":[{"name":"wp","href":"https:\/\/api.w.org\/{rel}","templated":true}]}}