{"id":48040,"date":"2024-10-23T09:18:23","date_gmt":"2024-10-23T07:18:23","guid":{"rendered":"https:\/\/naturavit.kodnes.eu\/izdelek\/rozmarinov-paket-za-rast-las-autumn-winter-edition\/"},"modified":"2026-04-30T12:24:27","modified_gmt":"2026-04-30T10:24:27","slug":"rozmarinov-paket-za-rast-las-autumn-winter-edition","status":"publish","type":"product","link":"https:\/\/naturavit.kodnes.eu\/hr\/proizvod\/rozmarinov-paket-za-rast-las-autumn-winter-edition\/","title":{"rendered":"Ro\u017emarinov paket za rast las \u2013 Autumn Winter edition"},"content":{"rendered":"<p>Kaj set vsebuje?<\/p>\n<p><strong>1x Ro\u017emarinovo olje<\/strong> (100 ml) \u2013 za spodbujanje rasti las in krepitev lasi\u0161\u010da.<br \/>\n<strong>1x Ro\u017emarinov \u0161ampon<\/strong> (250 ml) \u2013 ne\u017eno o\u010disti lase in lasi\u0161\u010de ter odstrani ne\u010disto\u010de.<br \/>\n<strong>1x Ro\u017emarinova voda<\/strong> (100 ml) \u2013 za vsakodnevno osve\u017eitev las in lasi\u0161\u010da.<br \/>\n<strong>1x Energijska leave-in maska<\/strong> (150 ml) \u2013 globinsko hrani in krepi lase brez izpiranja.<br \/>\n<strong>1x Serum za za\u0161\u010dito pred cepljenjem konic<\/strong> (50 ml) \u2013 za\u0161\u010diti lase pred lomljenjem in po\u0161kodbami.<br \/>\n<strong>1x Shampoo Brush za masa\u017eo lasi\u0161\u010da<\/strong><br \/>\n<strong>1x Hair Turban brisa\u010da za hitrej\u0161e su\u0161enje las in optimalno vpijanje olja.<\/strong><\/p>\n","protected":false},"excerpt":{"rendered":"<p><span data-sheets-root=\"1\">Pripravite svoje lase na hladnej\u0161e mesece s celovito podporo.<br \/>\nV obdobju, ko so lasje bolj nagnjeni k izpadanju, lasi\u0161\u010de pa k izsu\u0161itvi lasje potrebujejo ve\u010d nege.<\/span><\/p>\n","protected":false},"featured_media":48041,"comment_status":"closed","ping_status":"closed","template":"","meta":{"_acf_changed":false},"product_brand":[],"product_cat":[46,387,388,405,47,404],"product_tag":[],"class_list":{"0":"post-48040","1":"product","2":"type-product","3":"status-publish","4":"has-post-thumbnail","6":"product_cat-njega-kose","7":"product_cat-oblikovanje-kose-dodaci","8":"product_cat-paketi-promocije","9":"product_cat-ruzmarin-linija","10":"product_cat-samponi-i-balzami","11":"product_cat-ulja-serumi","13":"first","14":"instock","15":"sale","16":"taxable","17":"shipping-taxable","18":"purchasable","19":"product-type-simple"},"acf":[],"yoast_head":"<!-- This site is optimized with the Yoast SEO plugin v27.5 - https:\/\/yoast.com\/product\/yoast-seo-wordpress\/ -->\n<title>Ro\u017emarinov paket za rast las \u2013 Autumn Winter edition | Naturavit<\/title>\n<meta name=\"robots\" content=\"noindex, follow, max-snippet:-1, max-image-preview:large, max-video-preview:-1\" \/>\n<meta property=\"og:locale\" content=\"hr_HR\" \/>\n<meta property=\"og:type\" content=\"article\" \/>\n<meta property=\"og:title\" content=\"Ro\u017emarinov paket za rast las \u2013 Autumn Winter edition | Naturavit\" \/>\n<meta property=\"og:description\" content=\"Pripravite svoje lase na hladnej\u0161e mesece s celovito podporo. V obdobju, ko so lasje bolj nagnjeni k izpadanju, lasi\u0161\u010de pa k izsu\u0161itvi lasje potrebujejo ve\u010d nege.\" \/>\n<meta property=\"og:url\" content=\"https:\/\/naturavit.kodnes.eu\/hr\/proizvod\/rozmarinov-paket-za-rast-las-autumn-winter-edition\/\" \/>\n<meta property=\"og:site_name\" content=\"Naturavit\" \/>\n<meta property=\"article:publisher\" content=\"https:\/\/www.facebook.com\/naturavit\/\" \/>\n<meta property=\"article:modified_time\" content=\"2026-04-30T10:24:27+00:00\" \/>\n<meta property=\"og:image\" content=\"https:\/\/naturavit.kodnes.eu\/wp-content\/uploads\/2025\/04\/NV_Rozmarinov-paket-za-rast-las-Autumn-Winter-edition_webphoto_SLO_2026-1024x1024.png\" \/>\n\t<meta property=\"og:image:width\" content=\"1024\" \/>\n\t<meta property=\"og:image:height\" content=\"1024\" \/>\n\t<meta property=\"og:image:type\" content=\"image\/png\" \/>\n<meta name=\"twitter:card\" content=\"summary_large_image\" \/>\n<script type=\"application\/ld+json\" class=\"yoast-schema-graph\">{\"@context\":\"https:\\\/\\\/schema.org\",\"@graph\":[{\"@type\":\"WebPage\",\"@id\":\"https:\\\/\\\/naturavit.kodnes.eu\\\/hr\\\/proizvod\\\/rozmarinov-paket-za-rast-las-autumn-winter-edition\\\/\",\"url\":\"https:\\\/\\\/naturavit.kodnes.eu\\\/hr\\\/proizvod\\\/rozmarinov-paket-za-rast-las-autumn-winter-edition\\\/\",\"name\":\"Ro\u017emarinov paket za rast las \u2013 Autumn Winter edition | Naturavit\",\"isPartOf\":{\"@id\":\"https:\\\/\\\/naturavit.kodnes.eu\\\/hr\\\/#website\"},\"primaryImageOfPage\":{\"@id\":\"https:\\\/\\\/naturavit.kodnes.eu\\\/hr\\\/proizvod\\\/rozmarinov-paket-za-rast-las-autumn-winter-edition\\\/#primaryimage\"},\"image\":{\"@id\":\"https:\\\/\\\/naturavit.kodnes.eu\\\/hr\\\/proizvod\\\/rozmarinov-paket-za-rast-las-autumn-winter-edition\\\/#primaryimage\"},\"thumbnailUrl\":\"https:\\\/\\\/naturavit.kodnes.eu\\\/wp-content\\\/uploads\\\/2025\\\/04\\\/NV_Rozmarinov-paket-za-rast-las-Autumn-Winter-edition_webphoto_SLO_2026.png\",\"datePublished\":\"2024-10-23T07:18:23+00:00\",\"dateModified\":\"2026-04-30T10:24:27+00:00\",\"breadcrumb\":{\"@id\":\"https:\\\/\\\/naturavit.kodnes.eu\\\/hr\\\/proizvod\\\/rozmarinov-paket-za-rast-las-autumn-winter-edition\\\/#breadcrumb\"},\"inLanguage\":\"hr-HR\",\"potentialAction\":[{\"@type\":\"ReadAction\",\"target\":[\"https:\\\/\\\/naturavit.kodnes.eu\\\/hr\\\/proizvod\\\/rozmarinov-paket-za-rast-las-autumn-winter-edition\\\/\"]}]},{\"@type\":\"ImageObject\",\"inLanguage\":\"hr-HR\",\"@id\":\"https:\\\/\\\/naturavit.kodnes.eu\\\/hr\\\/proizvod\\\/rozmarinov-paket-za-rast-las-autumn-winter-edition\\\/#primaryimage\",\"url\":\"https:\\\/\\\/naturavit.kodnes.eu\\\/wp-content\\\/uploads\\\/2025\\\/04\\\/NV_Rozmarinov-paket-za-rast-las-Autumn-Winter-edition_webphoto_SLO_2026.png\",\"contentUrl\":\"https:\\\/\\\/naturavit.kodnes.eu\\\/wp-content\\\/uploads\\\/2025\\\/04\\\/NV_Rozmarinov-paket-za-rast-las-Autumn-Winter-edition_webphoto_SLO_2026.png\",\"width\":2200,\"height\":2200,\"caption\":\"Awtumn Winter paket za rast las naturavitAwtumn Winter paket za rast las naturavit\"},{\"@type\":\"BreadcrumbList\",\"@id\":\"https:\\\/\\\/naturavit.kodnes.eu\\\/hr\\\/proizvod\\\/rozmarinov-paket-za-rast-las-autumn-winter-edition\\\/#breadcrumb\",\"itemListElement\":[{\"@type\":\"ListItem\",\"position\":1,\"name\":\"Home\",\"item\":\"https:\\\/\\\/naturavit.kodnes.eu\\\/hr\\\/\"},{\"@type\":\"ListItem\",\"position\":2,\"name\":\"Trgovina\",\"item\":\"https:\\\/\\\/naturavit.kodnes.eu\\\/hr\\\/trgovina\\\/\"},{\"@type\":\"ListItem\",\"position\":3,\"name\":\"Njega kose\",\"item\":\"https:\\\/\\\/naturavit.kodnes.eu\\\/hr\\\/kategorija-proizvoda\\\/njega-kose\\\/\"},{\"@type\":\"ListItem\",\"position\":4,\"name\":\"Oblikovanje kose &amp; dodaci\",\"item\":\"https:\\\/\\\/naturavit.kodnes.eu\\\/hr\\\/kategorija-proizvoda\\\/njega-kose\\\/oblikovanje-kose-dodaci\\\/\"},{\"@type\":\"ListItem\",\"position\":5,\"name\":\"Ro\u017emarinov paket za rast las \u2013 Autumn Winter edition\"}]},{\"@type\":\"WebSite\",\"@id\":\"https:\\\/\\\/naturavit.kodnes.eu\\\/hr\\\/#website\",\"url\":\"https:\\\/\\\/naturavit.kodnes.eu\\\/hr\\\/\",\"name\":\"Naturavit\",\"description\":\"Naravna kozmetika\",\"publisher\":{\"@id\":\"https:\\\/\\\/naturavit.kodnes.eu\\\/hr\\\/#organization\"},\"potentialAction\":[{\"@type\":\"SearchAction\",\"target\":{\"@type\":\"EntryPoint\",\"urlTemplate\":\"https:\\\/\\\/naturavit.kodnes.eu\\\/hr\\\/?s={search_term_string}\"},\"query-input\":{\"@type\":\"PropertyValueSpecification\",\"valueRequired\":true,\"valueName\":\"search_term_string\"}}],\"inLanguage\":\"hr-HR\"},{\"@type\":\"Organization\",\"@id\":\"https:\\\/\\\/naturavit.kodnes.eu\\\/hr\\\/#organization\",\"name\":\"Naturavit\",\"url\":\"https:\\\/\\\/naturavit.kodnes.eu\\\/hr\\\/\",\"logo\":{\"@type\":\"ImageObject\",\"inLanguage\":\"hr-HR\",\"@id\":\"https:\\\/\\\/naturavit.kodnes.eu\\\/hr\\\/#\\\/schema\\\/logo\\\/image\\\/\",\"url\":\"https:\\\/\\\/naturavit.kodnes.eu\\\/wp-content\\\/uploads\\\/2021\\\/09\\\/116564984_3484379328307111_1830779139888479808_o.png\",\"contentUrl\":\"https:\\\/\\\/naturavit.kodnes.eu\\\/wp-content\\\/uploads\\\/2021\\\/09\\\/116564984_3484379328307111_1830779139888479808_o.png\",\"width\":1079,\"height\":1079,\"caption\":\"Naturavit\"},\"image\":{\"@id\":\"https:\\\/\\\/naturavit.kodnes.eu\\\/hr\\\/#\\\/schema\\\/logo\\\/image\\\/\"},\"sameAs\":[\"https:\\\/\\\/www.facebook.com\\\/naturavit\\\/\"]}]}<\/script>\n<!-- \/ Yoast SEO plugin. -->","yoast_head_json":{"title":"Ro\u017emarinov paket za rast las \u2013 Autumn Winter edition | Naturavit","robots":{"index":"noindex","follow":"follow","max-snippet":"max-snippet:-1","max-image-preview":"max-image-preview:large","max-video-preview":"max-video-preview:-1"},"og_locale":"hr_HR","og_type":"article","og_title":"Ro\u017emarinov paket za rast las \u2013 Autumn Winter edition | Naturavit","og_description":"Pripravite svoje lase na hladnej\u0161e mesece s celovito podporo. V obdobju, ko so lasje bolj nagnjeni k izpadanju, lasi\u0161\u010de pa k izsu\u0161itvi lasje potrebujejo ve\u010d nege.","og_url":"https:\/\/naturavit.kodnes.eu\/hr\/proizvod\/rozmarinov-paket-za-rast-las-autumn-winter-edition\/","og_site_name":"Naturavit","article_publisher":"https:\/\/www.facebook.com\/naturavit\/","article_modified_time":"2026-04-30T10:24:27+00:00","og_image":[{"width":1024,"height":1024,"url":"https:\/\/naturavit.kodnes.eu\/wp-content\/uploads\/2025\/04\/NV_Rozmarinov-paket-za-rast-las-Autumn-Winter-edition_webphoto_SLO_2026-1024x1024.png","type":"image\/png"}],"twitter_card":"summary_large_image","schema":{"@context":"https:\/\/schema.org","@graph":[{"@type":"WebPage","@id":"https:\/\/naturavit.kodnes.eu\/hr\/proizvod\/rozmarinov-paket-za-rast-las-autumn-winter-edition\/","url":"https:\/\/naturavit.kodnes.eu\/hr\/proizvod\/rozmarinov-paket-za-rast-las-autumn-winter-edition\/","name":"Ro\u017emarinov paket za rast las \u2013 Autumn Winter edition | Naturavit","isPartOf":{"@id":"https:\/\/naturavit.kodnes.eu\/hr\/#website"},"primaryImageOfPage":{"@id":"https:\/\/naturavit.kodnes.eu\/hr\/proizvod\/rozmarinov-paket-za-rast-las-autumn-winter-edition\/#primaryimage"},"image":{"@id":"https:\/\/naturavit.kodnes.eu\/hr\/proizvod\/rozmarinov-paket-za-rast-las-autumn-winter-edition\/#primaryimage"},"thumbnailUrl":"https:\/\/naturavit.kodnes.eu\/wp-content\/uploads\/2025\/04\/NV_Rozmarinov-paket-za-rast-las-Autumn-Winter-edition_webphoto_SLO_2026.png","datePublished":"2024-10-23T07:18:23+00:00","dateModified":"2026-04-30T10:24:27+00:00","breadcrumb":{"@id":"https:\/\/naturavit.kodnes.eu\/hr\/proizvod\/rozmarinov-paket-za-rast-las-autumn-winter-edition\/#breadcrumb"},"inLanguage":"hr-HR","potentialAction":[{"@type":"ReadAction","target":["https:\/\/naturavit.kodnes.eu\/hr\/proizvod\/rozmarinov-paket-za-rast-las-autumn-winter-edition\/"]}]},{"@type":"ImageObject","inLanguage":"hr-HR","@id":"https:\/\/naturavit.kodnes.eu\/hr\/proizvod\/rozmarinov-paket-za-rast-las-autumn-winter-edition\/#primaryimage","url":"https:\/\/naturavit.kodnes.eu\/wp-content\/uploads\/2025\/04\/NV_Rozmarinov-paket-za-rast-las-Autumn-Winter-edition_webphoto_SLO_2026.png","contentUrl":"https:\/\/naturavit.kodnes.eu\/wp-content\/uploads\/2025\/04\/NV_Rozmarinov-paket-za-rast-las-Autumn-Winter-edition_webphoto_SLO_2026.png","width":2200,"height":2200,"caption":"Awtumn Winter paket za rast las naturavitAwtumn Winter paket za rast las naturavit"},{"@type":"BreadcrumbList","@id":"https:\/\/naturavit.kodnes.eu\/hr\/proizvod\/rozmarinov-paket-za-rast-las-autumn-winter-edition\/#breadcrumb","itemListElement":[{"@type":"ListItem","position":1,"name":"Home","item":"https:\/\/naturavit.kodnes.eu\/hr\/"},{"@type":"ListItem","position":2,"name":"Trgovina","item":"https:\/\/naturavit.kodnes.eu\/hr\/trgovina\/"},{"@type":"ListItem","position":3,"name":"Njega kose","item":"https:\/\/naturavit.kodnes.eu\/hr\/kategorija-proizvoda\/njega-kose\/"},{"@type":"ListItem","position":4,"name":"Oblikovanje kose &amp; dodaci","item":"https:\/\/naturavit.kodnes.eu\/hr\/kategorija-proizvoda\/njega-kose\/oblikovanje-kose-dodaci\/"},{"@type":"ListItem","position":5,"name":"Ro\u017emarinov paket za rast las \u2013 Autumn Winter edition"}]},{"@type":"WebSite","@id":"https:\/\/naturavit.kodnes.eu\/hr\/#website","url":"https:\/\/naturavit.kodnes.eu\/hr\/","name":"Naturavit","description":"Naravna kozmetika","publisher":{"@id":"https:\/\/naturavit.kodnes.eu\/hr\/#organization"},"potentialAction":[{"@type":"SearchAction","target":{"@type":"EntryPoint","urlTemplate":"https:\/\/naturavit.kodnes.eu\/hr\/?s={search_term_string}"},"query-input":{"@type":"PropertyValueSpecification","valueRequired":true,"valueName":"search_term_string"}}],"inLanguage":"hr-HR"},{"@type":"Organization","@id":"https:\/\/naturavit.kodnes.eu\/hr\/#organization","name":"Naturavit","url":"https:\/\/naturavit.kodnes.eu\/hr\/","logo":{"@type":"ImageObject","inLanguage":"hr-HR","@id":"https:\/\/naturavit.kodnes.eu\/hr\/#\/schema\/logo\/image\/","url":"https:\/\/naturavit.kodnes.eu\/wp-content\/uploads\/2021\/09\/116564984_3484379328307111_1830779139888479808_o.png","contentUrl":"https:\/\/naturavit.kodnes.eu\/wp-content\/uploads\/2021\/09\/116564984_3484379328307111_1830779139888479808_o.png","width":1079,"height":1079,"caption":"Naturavit"},"image":{"@id":"https:\/\/naturavit.kodnes.eu\/hr\/#\/schema\/logo\/image\/"},"sameAs":["https:\/\/www.facebook.com\/naturavit\/"]}]}},"_links":{"self":[{"href":"https:\/\/naturavit.kodnes.eu\/hr\/wp-json\/wp\/v2\/product\/48040","targetHints":{"allow":["GET"]}}],"collection":[{"href":"https:\/\/naturavit.kodnes.eu\/hr\/wp-json\/wp\/v2\/product"}],"about":[{"href":"https:\/\/naturavit.kodnes.eu\/hr\/wp-json\/wp\/v2\/types\/product"}],"replies":[{"embeddable":true,"href":"https:\/\/naturavit.kodnes.eu\/hr\/wp-json\/wp\/v2\/comments?post=48040"}],"wp:featuredmedia":[{"embeddable":true,"href":"https:\/\/naturavit.kodnes.eu\/hr\/wp-json\/wp\/v2\/media\/48041"}],"wp:attachment":[{"href":"https:\/\/naturavit.kodnes.eu\/hr\/wp-json\/wp\/v2\/media?parent=48040"}],"wp:term":[{"taxonomy":"product_brand","embeddable":true,"href":"https:\/\/naturavit.kodnes.eu\/hr\/wp-json\/wp\/v2\/product_brand?post=48040"},{"taxonomy":"product_cat","embeddable":true,"href":"https:\/\/naturavit.kodnes.eu\/hr\/wp-json\/wp\/v2\/product_cat?post=48040"},{"taxonomy":"product_tag","embeddable":true,"href":"https:\/\/naturavit.kodnes.eu\/hr\/wp-json\/wp\/v2\/product_tag?post=48040"}],"curies":[{"name":"wp","href":"https:\/\/api.w.org\/{rel}","templated":true}]}}