{"id":47860,"date":"2026-04-15T13:07:14","date_gmt":"2026-04-15T11:07:14","guid":{"rendered":"https:\/\/naturavit.kodnes.eu\/izdelek\/xl-gel-za-tusiranje-ginger-bloom\/"},"modified":"2026-04-30T12:24:25","modified_gmt":"2026-04-30T10:24:25","slug":"xl-gel-za-tusiranje-ginger-bloom","status":"publish","type":"product","link":"https:\/\/naturavit.kodnes.eu\/hr\/proizvod\/xl-gel-za-tusiranje-ginger-bloom\/","title":{"rendered":"XL Gel za tu\u0161iranje Ginger Bloom"},"content":{"rendered":"<p><strong>Ob\u010dutek:<\/strong><br \/>\nbogata, a lahkotna tekstura, ki ustvari kremno peno in se z lahkoto izpere brez lepljivega ob\u010dutka.<\/p>\n<p><strong>Vonj:<\/strong><br \/>\nNaraven ingver in sve\u017eina citrusov.<\/p>\n","protected":false},"excerpt":{"rendered":"<p><span data-sheets-root=\"1\">Po\u017eivljajo\u010da formula aromaterapevtskega gela za tu\u0161iranje je zasnovana za globinsko \u010di\u0161\u010denje in prebuditev \u010dutov s pomo\u010djo eteri\u010dnih olj ingverja, limonske trave in limone. Ne\u017eno o\u010disti in nahrnai ko\u017eo ko\u017eo, medtem ko pod prho ustvari aromaterapevtsko izku\u0161njo.\u00a0<\/span><\/p>\n","protected":false},"featured_media":47862,"comment_status":"closed","ping_status":"closed","template":"","meta":{"_acf_changed":false},"product_brand":[],"product_cat":[399,53],"product_tag":[],"class_list":{"0":"post-47860","1":"product","2":"type-product","3":"status-publish","4":"has-post-thumbnail","6":"product_cat-bestseleri","7":"product_cat-tus-tjelo","9":"first","10":"instock","11":"taxable","12":"shipping-taxable","13":"purchasable","14":"product-type-simple"},"acf":[],"yoast_head":"<!-- This site is optimized with the Yoast SEO plugin v27.5 - https:\/\/yoast.com\/product\/yoast-seo-wordpress\/ -->\n<title>XL Gel za tu\u0161iranje Ginger Bloom | Naturavit<\/title>\n<meta name=\"robots\" content=\"noindex, follow, max-snippet:-1, max-image-preview:large, max-video-preview:-1\" \/>\n<meta property=\"og:locale\" content=\"hr_HR\" \/>\n<meta property=\"og:type\" content=\"article\" \/>\n<meta property=\"og:title\" content=\"XL Gel za tu\u0161iranje Ginger Bloom | Naturavit\" \/>\n<meta property=\"og:description\" content=\"Po\u017eivljajo\u010da formula aromaterapevtskega gela za tu\u0161iranje je zasnovana za globinsko \u010di\u0161\u010denje in prebuditev \u010dutov s pomo\u010djo eteri\u010dnih olj ingverja, limonske trave in limone. Ne\u017eno o\u010disti in nahrnai ko\u017eo ko\u017eo, medtem ko pod prho ustvari aromaterapevtsko izku\u0161njo.\u00a0\" \/>\n<meta property=\"og:url\" content=\"https:\/\/naturavit.kodnes.eu\/hr\/proizvod\/xl-gel-za-tusiranje-ginger-bloom\/\" \/>\n<meta property=\"og:site_name\" content=\"Naturavit\" \/>\n<meta property=\"article:publisher\" content=\"https:\/\/www.facebook.com\/naturavit\/\" \/>\n<meta property=\"article:modified_time\" content=\"2026-04-30T10:24:25+00:00\" \/>\n<meta property=\"og:image\" content=\"https:\/\/naturavit.kodnes.eu\/wp-content\/uploads\/2026\/04\/ShowerGel_Ginger_reflection-copy-scaled.jpg\" \/>\n\t<meta property=\"og:image:width\" content=\"2560\" \/>\n\t<meta property=\"og:image:height\" content=\"2560\" \/>\n\t<meta property=\"og:image:type\" content=\"image\/jpeg\" \/>\n<meta name=\"twitter:card\" content=\"summary_large_image\" \/>\n<meta name=\"twitter:label1\" content=\"Est. reading time\" \/>\n\t<meta name=\"twitter:data1\" content=\"1 minute\" \/>\n<script type=\"application\/ld+json\" class=\"yoast-schema-graph\">{\"@context\":\"https:\\\/\\\/schema.org\",\"@graph\":[{\"@type\":\"WebPage\",\"@id\":\"https:\\\/\\\/naturavit.kodnes.eu\\\/hr\\\/proizvod\\\/xl-gel-za-tusiranje-ginger-bloom\\\/\",\"url\":\"https:\\\/\\\/naturavit.kodnes.eu\\\/hr\\\/proizvod\\\/xl-gel-za-tusiranje-ginger-bloom\\\/\",\"name\":\"XL Gel za tu\u0161iranje Ginger Bloom | Naturavit\",\"isPartOf\":{\"@id\":\"https:\\\/\\\/naturavit.kodnes.eu\\\/hr\\\/#website\"},\"primaryImageOfPage\":{\"@id\":\"https:\\\/\\\/naturavit.kodnes.eu\\\/hr\\\/proizvod\\\/xl-gel-za-tusiranje-ginger-bloom\\\/#primaryimage\"},\"image\":{\"@id\":\"https:\\\/\\\/naturavit.kodnes.eu\\\/hr\\\/proizvod\\\/xl-gel-za-tusiranje-ginger-bloom\\\/#primaryimage\"},\"thumbnailUrl\":\"https:\\\/\\\/naturavit.kodnes.eu\\\/wp-content\\\/uploads\\\/2026\\\/04\\\/ShowerGel_Ginger_reflection-copy-scaled.jpg\",\"datePublished\":\"2026-04-15T11:07:14+00:00\",\"dateModified\":\"2026-04-30T10:24:25+00:00\",\"breadcrumb\":{\"@id\":\"https:\\\/\\\/naturavit.kodnes.eu\\\/hr\\\/proizvod\\\/xl-gel-za-tusiranje-ginger-bloom\\\/#breadcrumb\"},\"inLanguage\":\"hr-HR\",\"potentialAction\":[{\"@type\":\"ReadAction\",\"target\":[\"https:\\\/\\\/naturavit.kodnes.eu\\\/hr\\\/proizvod\\\/xl-gel-za-tusiranje-ginger-bloom\\\/\"]}]},{\"@type\":\"ImageObject\",\"inLanguage\":\"hr-HR\",\"@id\":\"https:\\\/\\\/naturavit.kodnes.eu\\\/hr\\\/proizvod\\\/xl-gel-za-tusiranje-ginger-bloom\\\/#primaryimage\",\"url\":\"https:\\\/\\\/naturavit.kodnes.eu\\\/wp-content\\\/uploads\\\/2026\\\/04\\\/ShowerGel_Ginger_reflection-copy-scaled.jpg\",\"contentUrl\":\"https:\\\/\\\/naturavit.kodnes.eu\\\/wp-content\\\/uploads\\\/2026\\\/04\\\/ShowerGel_Ginger_reflection-copy-scaled.jpg\",\"width\":2560,\"height\":2560,\"caption\":\"Gel za tu\u0161iranje XL 500ml Giner Bloom Naturavit\"},{\"@type\":\"BreadcrumbList\",\"@id\":\"https:\\\/\\\/naturavit.kodnes.eu\\\/hr\\\/proizvod\\\/xl-gel-za-tusiranje-ginger-bloom\\\/#breadcrumb\",\"itemListElement\":[{\"@type\":\"ListItem\",\"position\":1,\"name\":\"Home\",\"item\":\"https:\\\/\\\/naturavit.kodnes.eu\\\/hr\\\/\"},{\"@type\":\"ListItem\",\"position\":2,\"name\":\"Trgovina\",\"item\":\"https:\\\/\\\/naturavit.kodnes.eu\\\/hr\\\/trgovina\\\/\"},{\"@type\":\"ListItem\",\"position\":3,\"name\":\"Bestseleri\",\"item\":\"https:\\\/\\\/naturavit.kodnes.eu\\\/hr\\\/kategorija-proizvoda\\\/bestseleri\\\/\"},{\"@type\":\"ListItem\",\"position\":4,\"name\":\"XL Gel za tu\u0161iranje Ginger Bloom\"}]},{\"@type\":\"WebSite\",\"@id\":\"https:\\\/\\\/naturavit.kodnes.eu\\\/hr\\\/#website\",\"url\":\"https:\\\/\\\/naturavit.kodnes.eu\\\/hr\\\/\",\"name\":\"Naturavit\",\"description\":\"Naravna kozmetika\",\"publisher\":{\"@id\":\"https:\\\/\\\/naturavit.kodnes.eu\\\/hr\\\/#organization\"},\"potentialAction\":[{\"@type\":\"SearchAction\",\"target\":{\"@type\":\"EntryPoint\",\"urlTemplate\":\"https:\\\/\\\/naturavit.kodnes.eu\\\/hr\\\/?s={search_term_string}\"},\"query-input\":{\"@type\":\"PropertyValueSpecification\",\"valueRequired\":true,\"valueName\":\"search_term_string\"}}],\"inLanguage\":\"hr-HR\"},{\"@type\":\"Organization\",\"@id\":\"https:\\\/\\\/naturavit.kodnes.eu\\\/hr\\\/#organization\",\"name\":\"Naturavit\",\"url\":\"https:\\\/\\\/naturavit.kodnes.eu\\\/hr\\\/\",\"logo\":{\"@type\":\"ImageObject\",\"inLanguage\":\"hr-HR\",\"@id\":\"https:\\\/\\\/naturavit.kodnes.eu\\\/hr\\\/#\\\/schema\\\/logo\\\/image\\\/\",\"url\":\"https:\\\/\\\/naturavit.kodnes.eu\\\/wp-content\\\/uploads\\\/2021\\\/09\\\/116564984_3484379328307111_1830779139888479808_o.png\",\"contentUrl\":\"https:\\\/\\\/naturavit.kodnes.eu\\\/wp-content\\\/uploads\\\/2021\\\/09\\\/116564984_3484379328307111_1830779139888479808_o.png\",\"width\":1079,\"height\":1079,\"caption\":\"Naturavit\"},\"image\":{\"@id\":\"https:\\\/\\\/naturavit.kodnes.eu\\\/hr\\\/#\\\/schema\\\/logo\\\/image\\\/\"},\"sameAs\":[\"https:\\\/\\\/www.facebook.com\\\/naturavit\\\/\"]}]}<\/script>\n<!-- \/ Yoast SEO plugin. -->","yoast_head_json":{"title":"XL Gel za tu\u0161iranje Ginger Bloom | Naturavit","robots":{"index":"noindex","follow":"follow","max-snippet":"max-snippet:-1","max-image-preview":"max-image-preview:large","max-video-preview":"max-video-preview:-1"},"og_locale":"hr_HR","og_type":"article","og_title":"XL Gel za tu\u0161iranje Ginger Bloom | Naturavit","og_description":"Po\u017eivljajo\u010da formula aromaterapevtskega gela za tu\u0161iranje je zasnovana za globinsko \u010di\u0161\u010denje in prebuditev \u010dutov s pomo\u010djo eteri\u010dnih olj ingverja, limonske trave in limone. Ne\u017eno o\u010disti in nahrnai ko\u017eo ko\u017eo, medtem ko pod prho ustvari aromaterapevtsko izku\u0161njo.\u00a0","og_url":"https:\/\/naturavit.kodnes.eu\/hr\/proizvod\/xl-gel-za-tusiranje-ginger-bloom\/","og_site_name":"Naturavit","article_publisher":"https:\/\/www.facebook.com\/naturavit\/","article_modified_time":"2026-04-30T10:24:25+00:00","og_image":[{"width":2560,"height":2560,"url":"https:\/\/naturavit.kodnes.eu\/wp-content\/uploads\/2026\/04\/ShowerGel_Ginger_reflection-copy-scaled.jpg","type":"image\/jpeg"}],"twitter_card":"summary_large_image","twitter_misc":{"Est. reading time":"1 minute"},"schema":{"@context":"https:\/\/schema.org","@graph":[{"@type":"WebPage","@id":"https:\/\/naturavit.kodnes.eu\/hr\/proizvod\/xl-gel-za-tusiranje-ginger-bloom\/","url":"https:\/\/naturavit.kodnes.eu\/hr\/proizvod\/xl-gel-za-tusiranje-ginger-bloom\/","name":"XL Gel za tu\u0161iranje Ginger Bloom | Naturavit","isPartOf":{"@id":"https:\/\/naturavit.kodnes.eu\/hr\/#website"},"primaryImageOfPage":{"@id":"https:\/\/naturavit.kodnes.eu\/hr\/proizvod\/xl-gel-za-tusiranje-ginger-bloom\/#primaryimage"},"image":{"@id":"https:\/\/naturavit.kodnes.eu\/hr\/proizvod\/xl-gel-za-tusiranje-ginger-bloom\/#primaryimage"},"thumbnailUrl":"https:\/\/naturavit.kodnes.eu\/wp-content\/uploads\/2026\/04\/ShowerGel_Ginger_reflection-copy-scaled.jpg","datePublished":"2026-04-15T11:07:14+00:00","dateModified":"2026-04-30T10:24:25+00:00","breadcrumb":{"@id":"https:\/\/naturavit.kodnes.eu\/hr\/proizvod\/xl-gel-za-tusiranje-ginger-bloom\/#breadcrumb"},"inLanguage":"hr-HR","potentialAction":[{"@type":"ReadAction","target":["https:\/\/naturavit.kodnes.eu\/hr\/proizvod\/xl-gel-za-tusiranje-ginger-bloom\/"]}]},{"@type":"ImageObject","inLanguage":"hr-HR","@id":"https:\/\/naturavit.kodnes.eu\/hr\/proizvod\/xl-gel-za-tusiranje-ginger-bloom\/#primaryimage","url":"https:\/\/naturavit.kodnes.eu\/wp-content\/uploads\/2026\/04\/ShowerGel_Ginger_reflection-copy-scaled.jpg","contentUrl":"https:\/\/naturavit.kodnes.eu\/wp-content\/uploads\/2026\/04\/ShowerGel_Ginger_reflection-copy-scaled.jpg","width":2560,"height":2560,"caption":"Gel za tu\u0161iranje XL 500ml Giner Bloom Naturavit"},{"@type":"BreadcrumbList","@id":"https:\/\/naturavit.kodnes.eu\/hr\/proizvod\/xl-gel-za-tusiranje-ginger-bloom\/#breadcrumb","itemListElement":[{"@type":"ListItem","position":1,"name":"Home","item":"https:\/\/naturavit.kodnes.eu\/hr\/"},{"@type":"ListItem","position":2,"name":"Trgovina","item":"https:\/\/naturavit.kodnes.eu\/hr\/trgovina\/"},{"@type":"ListItem","position":3,"name":"Bestseleri","item":"https:\/\/naturavit.kodnes.eu\/hr\/kategorija-proizvoda\/bestseleri\/"},{"@type":"ListItem","position":4,"name":"XL Gel za tu\u0161iranje Ginger Bloom"}]},{"@type":"WebSite","@id":"https:\/\/naturavit.kodnes.eu\/hr\/#website","url":"https:\/\/naturavit.kodnes.eu\/hr\/","name":"Naturavit","description":"Naravna kozmetika","publisher":{"@id":"https:\/\/naturavit.kodnes.eu\/hr\/#organization"},"potentialAction":[{"@type":"SearchAction","target":{"@type":"EntryPoint","urlTemplate":"https:\/\/naturavit.kodnes.eu\/hr\/?s={search_term_string}"},"query-input":{"@type":"PropertyValueSpecification","valueRequired":true,"valueName":"search_term_string"}}],"inLanguage":"hr-HR"},{"@type":"Organization","@id":"https:\/\/naturavit.kodnes.eu\/hr\/#organization","name":"Naturavit","url":"https:\/\/naturavit.kodnes.eu\/hr\/","logo":{"@type":"ImageObject","inLanguage":"hr-HR","@id":"https:\/\/naturavit.kodnes.eu\/hr\/#\/schema\/logo\/image\/","url":"https:\/\/naturavit.kodnes.eu\/wp-content\/uploads\/2021\/09\/116564984_3484379328307111_1830779139888479808_o.png","contentUrl":"https:\/\/naturavit.kodnes.eu\/wp-content\/uploads\/2021\/09\/116564984_3484379328307111_1830779139888479808_o.png","width":1079,"height":1079,"caption":"Naturavit"},"image":{"@id":"https:\/\/naturavit.kodnes.eu\/hr\/#\/schema\/logo\/image\/"},"sameAs":["https:\/\/www.facebook.com\/naturavit\/"]}]}},"_links":{"self":[{"href":"https:\/\/naturavit.kodnes.eu\/hr\/wp-json\/wp\/v2\/product\/47860","targetHints":{"allow":["GET"]}}],"collection":[{"href":"https:\/\/naturavit.kodnes.eu\/hr\/wp-json\/wp\/v2\/product"}],"about":[{"href":"https:\/\/naturavit.kodnes.eu\/hr\/wp-json\/wp\/v2\/types\/product"}],"replies":[{"embeddable":true,"href":"https:\/\/naturavit.kodnes.eu\/hr\/wp-json\/wp\/v2\/comments?post=47860"}],"wp:featuredmedia":[{"embeddable":true,"href":"https:\/\/naturavit.kodnes.eu\/hr\/wp-json\/wp\/v2\/media\/47862"}],"wp:attachment":[{"href":"https:\/\/naturavit.kodnes.eu\/hr\/wp-json\/wp\/v2\/media?parent=47860"}],"wp:term":[{"taxonomy":"product_brand","embeddable":true,"href":"https:\/\/naturavit.kodnes.eu\/hr\/wp-json\/wp\/v2\/product_brand?post=47860"},{"taxonomy":"product_cat","embeddable":true,"href":"https:\/\/naturavit.kodnes.eu\/hr\/wp-json\/wp\/v2\/product_cat?post=47860"},{"taxonomy":"product_tag","embeddable":true,"href":"https:\/\/naturavit.kodnes.eu\/hr\/wp-json\/wp\/v2\/product_tag?post=47860"}],"curies":[{"name":"wp","href":"https:\/\/api.w.org\/{rel}","templated":true}]}}