{"id":47775,"date":"2019-01-30T17:49:41","date_gmt":"2019-01-30T16:49:41","guid":{"rendered":"https:\/\/naturavit.kodnes.eu\/izdelek\/respect-r05-svetlo-rjava\/"},"modified":"2026-04-30T12:24:31","modified_gmt":"2026-04-30T10:24:31","slug":"respect-r05-svetlo-rjava","status":"publish","type":"product","link":"https:\/\/naturavit.kodnes.eu\/hr\/proizvod\/respect-r05-svetlo-rjava\/","title":{"rendered":"Respect &#8211; R05 Svetlo rjava"},"content":{"rendered":"<p>Ob\u010duti se kot<\/p>\n<p>kremna, bogata barvna masa, ki se enostavno nana\u0161a in ne te\u010de.<\/p>\n<p>Di\u0161i kot<\/p>\n<p>ne\u017een, naraven vonj brez agresivnih kemi\u010dnih not.<\/p>\n","protected":false},"excerpt":{"rendered":"<p><span data-sheets-root=\"1\">Naravna, obstojna barva za lase, ki prekrije sive lase.<\/span><\/p>\n<p>Barva za lase ne bi smela biti kompromis med rezultatom in zdravjem las.<br \/>\nMartis Respect zdru\u017euje intenzivno barvo in negovalno formulo z rastlinskimi izvle\u010dki za sijo\u010de, mo\u010dne in zdrave lase po vsakem barvanju.<\/p>\n","protected":false},"featured_media":47776,"comment_status":"closed","ping_status":"closed","template":"","meta":{"_acf_changed":false},"product_brand":[],"product_cat":[399,44,385],"product_tag":[],"class_list":{"0":"post-47775","1":"product","2":"type-product","3":"status-publish","4":"has-post-thumbnail","6":"product_cat-bestseleri","7":"product_cat-boje-za-kosu","8":"product_cat-trajne-boje-za-kosu","10":"first","11":"instock","12":"taxable","13":"shipping-taxable","14":"purchasable","15":"product-type-simple"},"acf":[],"yoast_head":"<!-- This site is optimized with the Yoast SEO plugin v27.5 - https:\/\/yoast.com\/product\/yoast-seo-wordpress\/ -->\n<title>Naravna barva za lase Respect - R05 Svetlo rjava | Naturavit<\/title>\n<meta name=\"description\" content=\"Prva slovenska veganska in naravna barva za lase brez amonijaka, brez resorcina, brez parafenilendamina, brez SLS in SLES.\" \/>\n<meta name=\"robots\" content=\"noindex, follow, max-snippet:-1, max-image-preview:large, max-video-preview:-1\" \/>\n<meta property=\"og:locale\" content=\"hr_HR\" \/>\n<meta property=\"og:type\" content=\"article\" \/>\n<meta property=\"og:title\" content=\"Naravna barva za lase Respect - R05 Svetlo rjava | Naturavit\" \/>\n<meta property=\"og:description\" content=\"Prva slovenska veganska in naravna barva za lase brez amonijaka, brez resorcina, brez parafenilendamina, brez SLS in SLES.\" \/>\n<meta property=\"og:url\" content=\"https:\/\/naturavit.kodnes.eu\/hr\/proizvod\/respect-r05-svetlo-rjava\/\" \/>\n<meta property=\"og:site_name\" content=\"Naturavit\" \/>\n<meta property=\"article:publisher\" content=\"https:\/\/www.facebook.com\/naturavit\/\" \/>\n<meta property=\"article:modified_time\" content=\"2026-04-30T10:24:31+00:00\" \/>\n<meta property=\"og:image\" content=\"https:\/\/naturavit.kodnes.eu\/wp-content\/uploads\/2026\/03\/R05-svetlo-rjava_.jpg\" \/>\n\t<meta property=\"og:image:width\" content=\"1200\" \/>\n\t<meta property=\"og:image:height\" content=\"1200\" \/>\n\t<meta property=\"og:image:type\" content=\"image\/jpeg\" \/>\n<meta name=\"twitter:card\" content=\"summary_large_image\" \/>\n<script type=\"application\/ld+json\" class=\"yoast-schema-graph\">{\"@context\":\"https:\\\/\\\/schema.org\",\"@graph\":[{\"@type\":\"WebPage\",\"@id\":\"https:\\\/\\\/naturavit.kodnes.eu\\\/hr\\\/proizvod\\\/respect-r05-svetlo-rjava\\\/\",\"url\":\"https:\\\/\\\/naturavit.kodnes.eu\\\/hr\\\/proizvod\\\/respect-r05-svetlo-rjava\\\/\",\"name\":\"Naravna barva za lase Respect - R05 Svetlo rjava | Naturavit\",\"isPartOf\":{\"@id\":\"https:\\\/\\\/naturavit.kodnes.eu\\\/hr\\\/#website\"},\"primaryImageOfPage\":{\"@id\":\"https:\\\/\\\/naturavit.kodnes.eu\\\/hr\\\/proizvod\\\/respect-r05-svetlo-rjava\\\/#primaryimage\"},\"image\":{\"@id\":\"https:\\\/\\\/naturavit.kodnes.eu\\\/hr\\\/proizvod\\\/respect-r05-svetlo-rjava\\\/#primaryimage\"},\"thumbnailUrl\":\"https:\\\/\\\/naturavit.kodnes.eu\\\/wp-content\\\/uploads\\\/2026\\\/03\\\/R05-svetlo-rjava_.jpg\",\"datePublished\":\"2019-01-30T16:49:41+00:00\",\"dateModified\":\"2026-04-30T10:24:31+00:00\",\"description\":\"Prva slovenska veganska in naravna barva za lase brez amonijaka, brez resorcina, brez parafenilendamina, brez SLS in SLES.\",\"breadcrumb\":{\"@id\":\"https:\\\/\\\/naturavit.kodnes.eu\\\/hr\\\/proizvod\\\/respect-r05-svetlo-rjava\\\/#breadcrumb\"},\"inLanguage\":\"hr-HR\",\"potentialAction\":[{\"@type\":\"ReadAction\",\"target\":[\"https:\\\/\\\/naturavit.kodnes.eu\\\/hr\\\/proizvod\\\/respect-r05-svetlo-rjava\\\/\"]}]},{\"@type\":\"ImageObject\",\"inLanguage\":\"hr-HR\",\"@id\":\"https:\\\/\\\/naturavit.kodnes.eu\\\/hr\\\/proizvod\\\/respect-r05-svetlo-rjava\\\/#primaryimage\",\"url\":\"https:\\\/\\\/naturavit.kodnes.eu\\\/wp-content\\\/uploads\\\/2026\\\/03\\\/R05-svetlo-rjava_.jpg\",\"contentUrl\":\"https:\\\/\\\/naturavit.kodnes.eu\\\/wp-content\\\/uploads\\\/2026\\\/03\\\/R05-svetlo-rjava_.jpg\",\"width\":1200,\"height\":1200},{\"@type\":\"BreadcrumbList\",\"@id\":\"https:\\\/\\\/naturavit.kodnes.eu\\\/hr\\\/proizvod\\\/respect-r05-svetlo-rjava\\\/#breadcrumb\",\"itemListElement\":[{\"@type\":\"ListItem\",\"position\":1,\"name\":\"Home\",\"item\":\"https:\\\/\\\/naturavit.kodnes.eu\\\/hr\\\/\"},{\"@type\":\"ListItem\",\"position\":2,\"name\":\"Trgovina\",\"item\":\"https:\\\/\\\/naturavit.kodnes.eu\\\/hr\\\/trgovina\\\/\"},{\"@type\":\"ListItem\",\"position\":3,\"name\":\"Boje za kosu\",\"item\":\"https:\\\/\\\/naturavit.kodnes.eu\\\/hr\\\/kategorija-proizvoda\\\/boje-za-kosu\\\/\"},{\"@type\":\"ListItem\",\"position\":4,\"name\":\"Trajne boje za kosu\",\"item\":\"https:\\\/\\\/naturavit.kodnes.eu\\\/hr\\\/kategorija-proizvoda\\\/boje-za-kosu\\\/trajne-boje-za-kosu\\\/\"},{\"@type\":\"ListItem\",\"position\":5,\"name\":\"Respect &#8211; R05 Svetlo rjava\"}]},{\"@type\":\"WebSite\",\"@id\":\"https:\\\/\\\/naturavit.kodnes.eu\\\/hr\\\/#website\",\"url\":\"https:\\\/\\\/naturavit.kodnes.eu\\\/hr\\\/\",\"name\":\"Naturavit\",\"description\":\"Naravna kozmetika\",\"publisher\":{\"@id\":\"https:\\\/\\\/naturavit.kodnes.eu\\\/hr\\\/#organization\"},\"potentialAction\":[{\"@type\":\"SearchAction\",\"target\":{\"@type\":\"EntryPoint\",\"urlTemplate\":\"https:\\\/\\\/naturavit.kodnes.eu\\\/hr\\\/?s={search_term_string}\"},\"query-input\":{\"@type\":\"PropertyValueSpecification\",\"valueRequired\":true,\"valueName\":\"search_term_string\"}}],\"inLanguage\":\"hr-HR\"},{\"@type\":\"Organization\",\"@id\":\"https:\\\/\\\/naturavit.kodnes.eu\\\/hr\\\/#organization\",\"name\":\"Naturavit\",\"url\":\"https:\\\/\\\/naturavit.kodnes.eu\\\/hr\\\/\",\"logo\":{\"@type\":\"ImageObject\",\"inLanguage\":\"hr-HR\",\"@id\":\"https:\\\/\\\/naturavit.kodnes.eu\\\/hr\\\/#\\\/schema\\\/logo\\\/image\\\/\",\"url\":\"https:\\\/\\\/naturavit.kodnes.eu\\\/wp-content\\\/uploads\\\/2021\\\/09\\\/116564984_3484379328307111_1830779139888479808_o.png\",\"contentUrl\":\"https:\\\/\\\/naturavit.kodnes.eu\\\/wp-content\\\/uploads\\\/2021\\\/09\\\/116564984_3484379328307111_1830779139888479808_o.png\",\"width\":1079,\"height\":1079,\"caption\":\"Naturavit\"},\"image\":{\"@id\":\"https:\\\/\\\/naturavit.kodnes.eu\\\/hr\\\/#\\\/schema\\\/logo\\\/image\\\/\"},\"sameAs\":[\"https:\\\/\\\/www.facebook.com\\\/naturavit\\\/\"]}]}<\/script>\n<!-- \/ Yoast SEO plugin. -->","yoast_head_json":{"title":"Naravna barva za lase Respect - R05 Svetlo rjava | Naturavit","description":"Prva slovenska veganska in naravna barva za lase brez amonijaka, brez resorcina, brez parafenilendamina, brez SLS in SLES.","robots":{"index":"noindex","follow":"follow","max-snippet":"max-snippet:-1","max-image-preview":"max-image-preview:large","max-video-preview":"max-video-preview:-1"},"og_locale":"hr_HR","og_type":"article","og_title":"Naravna barva za lase Respect - R05 Svetlo rjava | Naturavit","og_description":"Prva slovenska veganska in naravna barva za lase brez amonijaka, brez resorcina, brez parafenilendamina, brez SLS in SLES.","og_url":"https:\/\/naturavit.kodnes.eu\/hr\/proizvod\/respect-r05-svetlo-rjava\/","og_site_name":"Naturavit","article_publisher":"https:\/\/www.facebook.com\/naturavit\/","article_modified_time":"2026-04-30T10:24:31+00:00","og_image":[{"width":1200,"height":1200,"url":"https:\/\/naturavit.kodnes.eu\/wp-content\/uploads\/2026\/03\/R05-svetlo-rjava_.jpg","type":"image\/jpeg"}],"twitter_card":"summary_large_image","schema":{"@context":"https:\/\/schema.org","@graph":[{"@type":"WebPage","@id":"https:\/\/naturavit.kodnes.eu\/hr\/proizvod\/respect-r05-svetlo-rjava\/","url":"https:\/\/naturavit.kodnes.eu\/hr\/proizvod\/respect-r05-svetlo-rjava\/","name":"Naravna barva za lase Respect - R05 Svetlo rjava | Naturavit","isPartOf":{"@id":"https:\/\/naturavit.kodnes.eu\/hr\/#website"},"primaryImageOfPage":{"@id":"https:\/\/naturavit.kodnes.eu\/hr\/proizvod\/respect-r05-svetlo-rjava\/#primaryimage"},"image":{"@id":"https:\/\/naturavit.kodnes.eu\/hr\/proizvod\/respect-r05-svetlo-rjava\/#primaryimage"},"thumbnailUrl":"https:\/\/naturavit.kodnes.eu\/wp-content\/uploads\/2026\/03\/R05-svetlo-rjava_.jpg","datePublished":"2019-01-30T16:49:41+00:00","dateModified":"2026-04-30T10:24:31+00:00","description":"Prva slovenska veganska in naravna barva za lase brez amonijaka, brez resorcina, brez parafenilendamina, brez SLS in SLES.","breadcrumb":{"@id":"https:\/\/naturavit.kodnes.eu\/hr\/proizvod\/respect-r05-svetlo-rjava\/#breadcrumb"},"inLanguage":"hr-HR","potentialAction":[{"@type":"ReadAction","target":["https:\/\/naturavit.kodnes.eu\/hr\/proizvod\/respect-r05-svetlo-rjava\/"]}]},{"@type":"ImageObject","inLanguage":"hr-HR","@id":"https:\/\/naturavit.kodnes.eu\/hr\/proizvod\/respect-r05-svetlo-rjava\/#primaryimage","url":"https:\/\/naturavit.kodnes.eu\/wp-content\/uploads\/2026\/03\/R05-svetlo-rjava_.jpg","contentUrl":"https:\/\/naturavit.kodnes.eu\/wp-content\/uploads\/2026\/03\/R05-svetlo-rjava_.jpg","width":1200,"height":1200},{"@type":"BreadcrumbList","@id":"https:\/\/naturavit.kodnes.eu\/hr\/proizvod\/respect-r05-svetlo-rjava\/#breadcrumb","itemListElement":[{"@type":"ListItem","position":1,"name":"Home","item":"https:\/\/naturavit.kodnes.eu\/hr\/"},{"@type":"ListItem","position":2,"name":"Trgovina","item":"https:\/\/naturavit.kodnes.eu\/hr\/trgovina\/"},{"@type":"ListItem","position":3,"name":"Boje za kosu","item":"https:\/\/naturavit.kodnes.eu\/hr\/kategorija-proizvoda\/boje-za-kosu\/"},{"@type":"ListItem","position":4,"name":"Trajne boje za kosu","item":"https:\/\/naturavit.kodnes.eu\/hr\/kategorija-proizvoda\/boje-za-kosu\/trajne-boje-za-kosu\/"},{"@type":"ListItem","position":5,"name":"Respect &#8211; R05 Svetlo rjava"}]},{"@type":"WebSite","@id":"https:\/\/naturavit.kodnes.eu\/hr\/#website","url":"https:\/\/naturavit.kodnes.eu\/hr\/","name":"Naturavit","description":"Naravna kozmetika","publisher":{"@id":"https:\/\/naturavit.kodnes.eu\/hr\/#organization"},"potentialAction":[{"@type":"SearchAction","target":{"@type":"EntryPoint","urlTemplate":"https:\/\/naturavit.kodnes.eu\/hr\/?s={search_term_string}"},"query-input":{"@type":"PropertyValueSpecification","valueRequired":true,"valueName":"search_term_string"}}],"inLanguage":"hr-HR"},{"@type":"Organization","@id":"https:\/\/naturavit.kodnes.eu\/hr\/#organization","name":"Naturavit","url":"https:\/\/naturavit.kodnes.eu\/hr\/","logo":{"@type":"ImageObject","inLanguage":"hr-HR","@id":"https:\/\/naturavit.kodnes.eu\/hr\/#\/schema\/logo\/image\/","url":"https:\/\/naturavit.kodnes.eu\/wp-content\/uploads\/2021\/09\/116564984_3484379328307111_1830779139888479808_o.png","contentUrl":"https:\/\/naturavit.kodnes.eu\/wp-content\/uploads\/2021\/09\/116564984_3484379328307111_1830779139888479808_o.png","width":1079,"height":1079,"caption":"Naturavit"},"image":{"@id":"https:\/\/naturavit.kodnes.eu\/hr\/#\/schema\/logo\/image\/"},"sameAs":["https:\/\/www.facebook.com\/naturavit\/"]}]}},"_links":{"self":[{"href":"https:\/\/naturavit.kodnes.eu\/hr\/wp-json\/wp\/v2\/product\/47775","targetHints":{"allow":["GET"]}}],"collection":[{"href":"https:\/\/naturavit.kodnes.eu\/hr\/wp-json\/wp\/v2\/product"}],"about":[{"href":"https:\/\/naturavit.kodnes.eu\/hr\/wp-json\/wp\/v2\/types\/product"}],"replies":[{"embeddable":true,"href":"https:\/\/naturavit.kodnes.eu\/hr\/wp-json\/wp\/v2\/comments?post=47775"}],"wp:featuredmedia":[{"embeddable":true,"href":"https:\/\/naturavit.kodnes.eu\/hr\/wp-json\/wp\/v2\/media\/47776"}],"wp:attachment":[{"href":"https:\/\/naturavit.kodnes.eu\/hr\/wp-json\/wp\/v2\/media?parent=47775"}],"wp:term":[{"taxonomy":"product_brand","embeddable":true,"href":"https:\/\/naturavit.kodnes.eu\/hr\/wp-json\/wp\/v2\/product_brand?post=47775"},{"taxonomy":"product_cat","embeddable":true,"href":"https:\/\/naturavit.kodnes.eu\/hr\/wp-json\/wp\/v2\/product_cat?post=47775"},{"taxonomy":"product_tag","embeddable":true,"href":"https:\/\/naturavit.kodnes.eu\/hr\/wp-json\/wp\/v2\/product_tag?post=47775"}],"curies":[{"name":"wp","href":"https:\/\/api.w.org\/{rel}","templated":true}]}}