{"id":47731,"date":"2019-02-28T09:55:19","date_gmt":"2019-02-28T08:55:19","guid":{"rendered":"https:\/\/naturavit.kodnes.eu\/izdelek\/piling-sampon-za-lasisce\/"},"modified":"2026-04-30T12:24:30","modified_gmt":"2026-04-30T10:24:30","slug":"piling-sampon-za-lasisce","status":"publish","type":"product","link":"https:\/\/naturavit.kodnes.eu\/hr\/proizvod\/piling-sampon-za-lasisce\/","title":{"rendered":"Piling \u0161ampon za \u010di\u0161\u010denje lasi\u0161\u010da"},"content":{"rendered":"<p>Ob\u010duti se kot<br \/>\nne\u017ena kremna tekstura z drobnimi piling delci, ki u\u010dinkovito o\u010disti lasi\u0161\u010de brez dra\u017eenja.<\/p>\n<p>Di\u0161i kot<br \/>\nsve\u017ea zeli\u0161\u010dna kombinacija mete in konoplje.<\/p>\n<p>Piling \u0161ampon lasi\u0161\u010du nudi ve\u010d kot le \u010di\u0161\u010denje. Aktivni piling z vulkansko kamnino perlit odstrani odmrle ko\u017ene celice in ostanke izdelkov ter pomaga uravnavati mastenje lasi\u0161\u010da. Kombinacija eteri\u010dnih olj mete in konoplje spodbuja prekrvavitev, kar izbolj\u0161a dotok hranil do lasnih me\u0161i\u010dkov in ustvarja optimalne pogoje za rast mo\u010dnej\u0161ih las.<\/p>\n","protected":false},"excerpt":{"rendered":"<p data-start=\"42\" data-end=\"271\"><span data-sheets-root=\"1\">Kremni piling \u0161ampon za globinsko \u010di\u0161\u010denje lasi\u0161\u010da z ne\u017eno vulkansko kamnino perlit, ki odstrani odmrle celice, prese\u017eek sebuma in ostanke izdelkov.<br \/>\n\u0160e posebej primeren za tiste z mastnim lasi\u0161\u010dem, prhljajem ali obremenjenim lasi\u0161\u010dem.<br \/>\n<\/span><\/p>\n","protected":false},"featured_media":47732,"comment_status":"closed","ping_status":"closed","template":"","meta":{"_acf_changed":false},"product_brand":[],"product_cat":[399,46,47],"product_tag":[],"class_list":{"0":"post-47731","1":"product","2":"type-product","3":"status-publish","4":"has-post-thumbnail","6":"product_cat-bestseleri","7":"product_cat-njega-kose","8":"product_cat-samponi-i-balzami","10":"first","11":"instock","12":"taxable","13":"shipping-taxable","14":"purchasable","15":"product-type-simple"},"acf":[],"yoast_head":"<!-- This site is optimized with the Yoast SEO plugin v27.5 - https:\/\/yoast.com\/product\/yoast-seo-wordpress\/ -->\n<title>Naraven Piling \u0161ampon za \u010di\u0161\u010denje lasi\u0161\u010da - Perlite | Naturavit, Zaupaj naravi<\/title>\n<meta name=\"description\" content=\"Piling \u0161ampon za globinsko \u010di\u0161\u010denje lasi\u0161\u010da, odstranjevanje sebuma in ostankov izdelkov. Pomaga pri prhljaju in pomaga pri prekomernem mastenju lasi\u0161\u010da.\" \/>\n<meta name=\"robots\" content=\"noindex, follow, max-snippet:-1, max-image-preview:large, max-video-preview:-1\" \/>\n<meta property=\"og:locale\" content=\"hr_HR\" \/>\n<meta property=\"og:type\" content=\"article\" \/>\n<meta property=\"og:title\" content=\"Naraven Piling \u0161ampon za \u010di\u0161\u010denje lasi\u0161\u010da - Perlite | Naturavit, Zaupaj naravi\" \/>\n<meta property=\"og:description\" content=\"Piling \u0161ampon za globinsko \u010di\u0161\u010denje lasi\u0161\u010da, odstranjevanje sebuma in ostankov izdelkov. Pomaga pri prhljaju in pomaga pri prekomernem mastenju lasi\u0161\u010da.\" \/>\n<meta property=\"og:url\" content=\"https:\/\/naturavit.kodnes.eu\/hr\/proizvod\/piling-sampon-za-lasisce\/\" \/>\n<meta property=\"og:site_name\" content=\"Naturavit\" \/>\n<meta property=\"article:publisher\" content=\"https:\/\/www.facebook.com\/naturavit\/\" \/>\n<meta property=\"article:modified_time\" content=\"2026-04-30T10:24:30+00:00\" \/>\n<meta property=\"og:image\" content=\"https:\/\/naturavit.kodnes.eu\/wp-content\/uploads\/2026\/03\/Naturavit_peelingShampoo_JPEG.jpg\" \/>\n\t<meta property=\"og:image:width\" content=\"1200\" \/>\n\t<meta property=\"og:image:height\" content=\"1200\" \/>\n\t<meta property=\"og:image:type\" content=\"image\/jpeg\" \/>\n<meta name=\"twitter:card\" content=\"summary_large_image\" \/>\n<script type=\"application\/ld+json\" class=\"yoast-schema-graph\">{\"@context\":\"https:\\\/\\\/schema.org\",\"@graph\":[{\"@type\":\"WebPage\",\"@id\":\"https:\\\/\\\/naturavit.kodnes.eu\\\/hr\\\/proizvod\\\/piling-sampon-za-lasisce\\\/\",\"url\":\"https:\\\/\\\/naturavit.kodnes.eu\\\/hr\\\/proizvod\\\/piling-sampon-za-lasisce\\\/\",\"name\":\"Naraven Piling \u0161ampon za \u010di\u0161\u010denje lasi\u0161\u010da - Perlite | Naturavit, Zaupaj naravi\",\"isPartOf\":{\"@id\":\"https:\\\/\\\/naturavit.kodnes.eu\\\/hr\\\/#website\"},\"primaryImageOfPage\":{\"@id\":\"https:\\\/\\\/naturavit.kodnes.eu\\\/hr\\\/proizvod\\\/piling-sampon-za-lasisce\\\/#primaryimage\"},\"image\":{\"@id\":\"https:\\\/\\\/naturavit.kodnes.eu\\\/hr\\\/proizvod\\\/piling-sampon-za-lasisce\\\/#primaryimage\"},\"thumbnailUrl\":\"https:\\\/\\\/naturavit.kodnes.eu\\\/wp-content\\\/uploads\\\/2026\\\/03\\\/Naturavit_peelingShampoo_JPEG.jpg\",\"datePublished\":\"2019-02-28T08:55:19+00:00\",\"dateModified\":\"2026-04-30T10:24:30+00:00\",\"description\":\"Piling \u0161ampon za globinsko \u010di\u0161\u010denje lasi\u0161\u010da, odstranjevanje sebuma in ostankov izdelkov. Pomaga pri prhljaju in pomaga pri prekomernem mastenju lasi\u0161\u010da.\",\"breadcrumb\":{\"@id\":\"https:\\\/\\\/naturavit.kodnes.eu\\\/hr\\\/proizvod\\\/piling-sampon-za-lasisce\\\/#breadcrumb\"},\"inLanguage\":\"hr-HR\",\"potentialAction\":[{\"@type\":\"ReadAction\",\"target\":[\"https:\\\/\\\/naturavit.kodnes.eu\\\/hr\\\/proizvod\\\/piling-sampon-za-lasisce\\\/\"]}]},{\"@type\":\"ImageObject\",\"inLanguage\":\"hr-HR\",\"@id\":\"https:\\\/\\\/naturavit.kodnes.eu\\\/hr\\\/proizvod\\\/piling-sampon-za-lasisce\\\/#primaryimage\",\"url\":\"https:\\\/\\\/naturavit.kodnes.eu\\\/wp-content\\\/uploads\\\/2026\\\/03\\\/Naturavit_peelingShampoo_JPEG.jpg\",\"contentUrl\":\"https:\\\/\\\/naturavit.kodnes.eu\\\/wp-content\\\/uploads\\\/2026\\\/03\\\/Naturavit_peelingShampoo_JPEG.jpg\",\"width\":1200,\"height\":1200},{\"@type\":\"BreadcrumbList\",\"@id\":\"https:\\\/\\\/naturavit.kodnes.eu\\\/hr\\\/proizvod\\\/piling-sampon-za-lasisce\\\/#breadcrumb\",\"itemListElement\":[{\"@type\":\"ListItem\",\"position\":1,\"name\":\"Home\",\"item\":\"https:\\\/\\\/naturavit.kodnes.eu\\\/hr\\\/\"},{\"@type\":\"ListItem\",\"position\":2,\"name\":\"Trgovina\",\"item\":\"https:\\\/\\\/naturavit.kodnes.eu\\\/hr\\\/trgovina\\\/\"},{\"@type\":\"ListItem\",\"position\":3,\"name\":\"Njega kose\",\"item\":\"https:\\\/\\\/naturavit.kodnes.eu\\\/hr\\\/kategorija-proizvoda\\\/njega-kose\\\/\"},{\"@type\":\"ListItem\",\"position\":4,\"name\":\"Piling \u0161ampon za \u010di\u0161\u010denje lasi\u0161\u010da\"}]},{\"@type\":\"WebSite\",\"@id\":\"https:\\\/\\\/naturavit.kodnes.eu\\\/hr\\\/#website\",\"url\":\"https:\\\/\\\/naturavit.kodnes.eu\\\/hr\\\/\",\"name\":\"Naturavit\",\"description\":\"Naravna kozmetika\",\"publisher\":{\"@id\":\"https:\\\/\\\/naturavit.kodnes.eu\\\/hr\\\/#organization\"},\"potentialAction\":[{\"@type\":\"SearchAction\",\"target\":{\"@type\":\"EntryPoint\",\"urlTemplate\":\"https:\\\/\\\/naturavit.kodnes.eu\\\/hr\\\/?s={search_term_string}\"},\"query-input\":{\"@type\":\"PropertyValueSpecification\",\"valueRequired\":true,\"valueName\":\"search_term_string\"}}],\"inLanguage\":\"hr-HR\"},{\"@type\":\"Organization\",\"@id\":\"https:\\\/\\\/naturavit.kodnes.eu\\\/hr\\\/#organization\",\"name\":\"Naturavit\",\"url\":\"https:\\\/\\\/naturavit.kodnes.eu\\\/hr\\\/\",\"logo\":{\"@type\":\"ImageObject\",\"inLanguage\":\"hr-HR\",\"@id\":\"https:\\\/\\\/naturavit.kodnes.eu\\\/hr\\\/#\\\/schema\\\/logo\\\/image\\\/\",\"url\":\"https:\\\/\\\/naturavit.kodnes.eu\\\/wp-content\\\/uploads\\\/2021\\\/09\\\/116564984_3484379328307111_1830779139888479808_o.png\",\"contentUrl\":\"https:\\\/\\\/naturavit.kodnes.eu\\\/wp-content\\\/uploads\\\/2021\\\/09\\\/116564984_3484379328307111_1830779139888479808_o.png\",\"width\":1079,\"height\":1079,\"caption\":\"Naturavit\"},\"image\":{\"@id\":\"https:\\\/\\\/naturavit.kodnes.eu\\\/hr\\\/#\\\/schema\\\/logo\\\/image\\\/\"},\"sameAs\":[\"https:\\\/\\\/www.facebook.com\\\/naturavit\\\/\"]}]}<\/script>\n<!-- \/ Yoast SEO plugin. -->","yoast_head_json":{"title":"Naraven Piling \u0161ampon za \u010di\u0161\u010denje lasi\u0161\u010da - Perlite | Naturavit, Zaupaj naravi","description":"Piling \u0161ampon za globinsko \u010di\u0161\u010denje lasi\u0161\u010da, odstranjevanje sebuma in ostankov izdelkov. Pomaga pri prhljaju in pomaga pri prekomernem mastenju lasi\u0161\u010da.","robots":{"index":"noindex","follow":"follow","max-snippet":"max-snippet:-1","max-image-preview":"max-image-preview:large","max-video-preview":"max-video-preview:-1"},"og_locale":"hr_HR","og_type":"article","og_title":"Naraven Piling \u0161ampon za \u010di\u0161\u010denje lasi\u0161\u010da - Perlite | Naturavit, Zaupaj naravi","og_description":"Piling \u0161ampon za globinsko \u010di\u0161\u010denje lasi\u0161\u010da, odstranjevanje sebuma in ostankov izdelkov. Pomaga pri prhljaju in pomaga pri prekomernem mastenju lasi\u0161\u010da.","og_url":"https:\/\/naturavit.kodnes.eu\/hr\/proizvod\/piling-sampon-za-lasisce\/","og_site_name":"Naturavit","article_publisher":"https:\/\/www.facebook.com\/naturavit\/","article_modified_time":"2026-04-30T10:24:30+00:00","og_image":[{"width":1200,"height":1200,"url":"https:\/\/naturavit.kodnes.eu\/wp-content\/uploads\/2026\/03\/Naturavit_peelingShampoo_JPEG.jpg","type":"image\/jpeg"}],"twitter_card":"summary_large_image","schema":{"@context":"https:\/\/schema.org","@graph":[{"@type":"WebPage","@id":"https:\/\/naturavit.kodnes.eu\/hr\/proizvod\/piling-sampon-za-lasisce\/","url":"https:\/\/naturavit.kodnes.eu\/hr\/proizvod\/piling-sampon-za-lasisce\/","name":"Naraven Piling \u0161ampon za \u010di\u0161\u010denje lasi\u0161\u010da - Perlite | Naturavit, Zaupaj naravi","isPartOf":{"@id":"https:\/\/naturavit.kodnes.eu\/hr\/#website"},"primaryImageOfPage":{"@id":"https:\/\/naturavit.kodnes.eu\/hr\/proizvod\/piling-sampon-za-lasisce\/#primaryimage"},"image":{"@id":"https:\/\/naturavit.kodnes.eu\/hr\/proizvod\/piling-sampon-za-lasisce\/#primaryimage"},"thumbnailUrl":"https:\/\/naturavit.kodnes.eu\/wp-content\/uploads\/2026\/03\/Naturavit_peelingShampoo_JPEG.jpg","datePublished":"2019-02-28T08:55:19+00:00","dateModified":"2026-04-30T10:24:30+00:00","description":"Piling \u0161ampon za globinsko \u010di\u0161\u010denje lasi\u0161\u010da, odstranjevanje sebuma in ostankov izdelkov. Pomaga pri prhljaju in pomaga pri prekomernem mastenju lasi\u0161\u010da.","breadcrumb":{"@id":"https:\/\/naturavit.kodnes.eu\/hr\/proizvod\/piling-sampon-za-lasisce\/#breadcrumb"},"inLanguage":"hr-HR","potentialAction":[{"@type":"ReadAction","target":["https:\/\/naturavit.kodnes.eu\/hr\/proizvod\/piling-sampon-za-lasisce\/"]}]},{"@type":"ImageObject","inLanguage":"hr-HR","@id":"https:\/\/naturavit.kodnes.eu\/hr\/proizvod\/piling-sampon-za-lasisce\/#primaryimage","url":"https:\/\/naturavit.kodnes.eu\/wp-content\/uploads\/2026\/03\/Naturavit_peelingShampoo_JPEG.jpg","contentUrl":"https:\/\/naturavit.kodnes.eu\/wp-content\/uploads\/2026\/03\/Naturavit_peelingShampoo_JPEG.jpg","width":1200,"height":1200},{"@type":"BreadcrumbList","@id":"https:\/\/naturavit.kodnes.eu\/hr\/proizvod\/piling-sampon-za-lasisce\/#breadcrumb","itemListElement":[{"@type":"ListItem","position":1,"name":"Home","item":"https:\/\/naturavit.kodnes.eu\/hr\/"},{"@type":"ListItem","position":2,"name":"Trgovina","item":"https:\/\/naturavit.kodnes.eu\/hr\/trgovina\/"},{"@type":"ListItem","position":3,"name":"Njega kose","item":"https:\/\/naturavit.kodnes.eu\/hr\/kategorija-proizvoda\/njega-kose\/"},{"@type":"ListItem","position":4,"name":"Piling \u0161ampon za \u010di\u0161\u010denje lasi\u0161\u010da"}]},{"@type":"WebSite","@id":"https:\/\/naturavit.kodnes.eu\/hr\/#website","url":"https:\/\/naturavit.kodnes.eu\/hr\/","name":"Naturavit","description":"Naravna kozmetika","publisher":{"@id":"https:\/\/naturavit.kodnes.eu\/hr\/#organization"},"potentialAction":[{"@type":"SearchAction","target":{"@type":"EntryPoint","urlTemplate":"https:\/\/naturavit.kodnes.eu\/hr\/?s={search_term_string}"},"query-input":{"@type":"PropertyValueSpecification","valueRequired":true,"valueName":"search_term_string"}}],"inLanguage":"hr-HR"},{"@type":"Organization","@id":"https:\/\/naturavit.kodnes.eu\/hr\/#organization","name":"Naturavit","url":"https:\/\/naturavit.kodnes.eu\/hr\/","logo":{"@type":"ImageObject","inLanguage":"hr-HR","@id":"https:\/\/naturavit.kodnes.eu\/hr\/#\/schema\/logo\/image\/","url":"https:\/\/naturavit.kodnes.eu\/wp-content\/uploads\/2021\/09\/116564984_3484379328307111_1830779139888479808_o.png","contentUrl":"https:\/\/naturavit.kodnes.eu\/wp-content\/uploads\/2021\/09\/116564984_3484379328307111_1830779139888479808_o.png","width":1079,"height":1079,"caption":"Naturavit"},"image":{"@id":"https:\/\/naturavit.kodnes.eu\/hr\/#\/schema\/logo\/image\/"},"sameAs":["https:\/\/www.facebook.com\/naturavit\/"]}]}},"_links":{"self":[{"href":"https:\/\/naturavit.kodnes.eu\/hr\/wp-json\/wp\/v2\/product\/47731","targetHints":{"allow":["GET"]}}],"collection":[{"href":"https:\/\/naturavit.kodnes.eu\/hr\/wp-json\/wp\/v2\/product"}],"about":[{"href":"https:\/\/naturavit.kodnes.eu\/hr\/wp-json\/wp\/v2\/types\/product"}],"replies":[{"embeddable":true,"href":"https:\/\/naturavit.kodnes.eu\/hr\/wp-json\/wp\/v2\/comments?post=47731"}],"wp:featuredmedia":[{"embeddable":true,"href":"https:\/\/naturavit.kodnes.eu\/hr\/wp-json\/wp\/v2\/media\/47732"}],"wp:attachment":[{"href":"https:\/\/naturavit.kodnes.eu\/hr\/wp-json\/wp\/v2\/media?parent=47731"}],"wp:term":[{"taxonomy":"product_brand","embeddable":true,"href":"https:\/\/naturavit.kodnes.eu\/hr\/wp-json\/wp\/v2\/product_brand?post=47731"},{"taxonomy":"product_cat","embeddable":true,"href":"https:\/\/naturavit.kodnes.eu\/hr\/wp-json\/wp\/v2\/product_cat?post=47731"},{"taxonomy":"product_tag","embeddable":true,"href":"https:\/\/naturavit.kodnes.eu\/hr\/wp-json\/wp\/v2\/product_tag?post=47731"}],"curies":[{"name":"wp","href":"https:\/\/api.w.org\/{rel}","templated":true}]}}