{"id":26071,"date":"2020-04-13T08:17:10","date_gmt":"2020-04-13T08:17:10","guid":{"rendered":"https:\/\/naturavit.kodnes.eu\/slovenska-prirodna-kozmetika\/"},"modified":"2021-09-27T14:55:12","modified_gmt":"2021-09-27T12:55:12","slug":"slovenska-prirodna-kozmetika","status":"publish","type":"page","link":"https:\/\/naturavit.kodnes.eu\/hr\/","title":{"rendered":"Naturavit: prirodna kozmetika"},"content":{"rendered":"<p>[vc_row full_width=&#8221;stretch_row_content_no_spaces&#8221;][vc_column][rev_slider alias=&#8221;naturavit-slider&#8221;][\/vc_column][\/vc_row][vc_row full_width=&#8221;stretch_row_content_no_spaces&#8221; gap=&#8221;20&#8243; equal_height=&#8221;yes&#8221; content_placement=&#8221;middle&#8221; css=&#8221;.vc_custom_1632474570725{padding-top: 20px !important;padding-bottom: 30px !important;background-color: #a35436 !important;}&#8221;][vc_column width=&#8221;1\/6&#8243;][\/vc_column][vc_column width=&#8221;1\/6&#8243;][vc_single_image image=&#8221;34170&#8243; img_size=&#8221;100&#215;100&#8243; alignment=&#8221;center&#8221; onclick=&#8221;custom_link&#8221; link=&#8221;https:%2F%2Fwww.naturavit.net%2Fproduct-category%2Fbarve-za-lase%2F|&#8221;][vc_column_text css=&#8221;.vc_custom_1632476526923{background-position: center !important;background-repeat: no-repeat !important;background-size: cover !important;}&#8221;]<\/p>\n<h3 style=\"text-align: center; color: #ffff;\">Boje kose<\/h3>\n<p>[\/vc_column_text][supro_empty_space height=&#8221;10&#8243; height_tablet=&#8221;10&#8243; height_mobile=&#8221;10&#8243;][supro_button color=&#8221;light&#8221; font_size=&#8221;12&#8243; align=&#8221;center&#8221; style=&#8221;border-bottom&#8221; css_animation=&#8221;none&#8221; t_supro_heading=&#8221;&#8221; m_supro_heading=&#8221;&#8221; link=&#8221;url:https%3A%2F%2Fwww.naturavit.net%2Fproduct-category%2Fbarve-za-lase%2F|title:SPOZNAJ%20VE%C4%8C||&#8221;][\/vc_column][vc_column width=&#8221;1\/6&#8243;][vc_single_image image=&#8221;34177&#8243; img_size=&#8221;100&#215;100&#8243; alignment=&#8221;center&#8221; onclick=&#8221;custom_link&#8221; link=&#8221;https:%2F%2Fwww.naturavit.net%2Fproduct-category%2Fnega|&#8221;][vc_column_text css=&#8221;.vc_custom_1632476531802{background-position: center !important;background-repeat: no-repeat !important;background-size: cover !important;}&#8221;]<\/p>\n<h3 style=\"text-align: center; color: #ffff;\">Njega kose<\/h3>\n<p>[\/vc_column_text][supro_empty_space height=&#8221;10&#8243; height_tablet=&#8221;10&#8243; height_mobile=&#8221;10&#8243;][supro_button color=&#8221;light&#8221; font_size=&#8221;12&#8243; align=&#8221;center&#8221; style=&#8221;border-bottom&#8221; t_supro_heading=&#8221;&#8221; m_supro_heading=&#8221;&#8221; link=&#8221;url:https%3A%2F%2Fwww.naturavit.net%2Fproduct-category%2Fnega%2F|title:SPOZNAJ%20VE%C4%8C||&#8221;][\/vc_column][vc_column width=&#8221;1\/6&#8243;][vc_single_image image=&#8221;34180&#8243; img_size=&#8221;100&#215;100&#8243; alignment=&#8221;center&#8221; onclick=&#8221;custom_link&#8221; link=&#8221;https:%2F%2Fwww.naturavit.net%2Fproduct-category%2Ftelo-in-obraz|&#8221;][vc_column_text css=&#8221;.vc_custom_1632476536390{background-position: center !important;background-repeat: no-repeat !important;background-size: cover !important;}&#8221;]<\/p>\n<h3 style=\"text-align: center; color: #ffff;\">Tijelo i lice<\/h3>\n<p>[\/vc_column_text][supro_empty_space height=&#8221;10&#8243; height_tablet=&#8221;10&#8243; height_mobile=&#8221;10&#8243;][supro_button color=&#8221;light&#8221; font_size=&#8221;12&#8243; align=&#8221;center&#8221; style=&#8221;border-bottom&#8221; t_supro_heading=&#8221;&#8221; m_supro_heading=&#8221;&#8221; link=&#8221;url:https%3A%2F%2Fwww.naturavit.net%2Fproduct-category%2Ftelo-in-obraz%2F|title:SPOZNAJ%20VE%C4%8C||&#8221;][\/vc_column][vc_column width=&#8221;1\/6&#8243;][vc_single_image image=&#8221;34173&#8243; img_size=&#8221;100&#215;100&#8243; alignment=&#8221;center&#8221; onclick=&#8221;custom_link&#8221; link=&#8221;https:%2F%2Fwww.naturavit.net%2Fproduct-category%2Fetericna-olja|&#8221;][vc_column_text css=&#8221;.vc_custom_1632476541161{background-position: center !important;background-repeat: no-repeat !important;background-size: cover !important;}&#8221;]<\/p>\n<h3 style=\"text-align: center; color: #ffff;\">Esencijalna ulja<\/h3>\n<p>[\/vc_column_text][supro_empty_space height=&#8221;10&#8243; height_tablet=&#8221;10&#8243; height_mobile=&#8221;10&#8243;][supro_button color=&#8221;light&#8221; font_size=&#8221;12&#8243; align=&#8221;center&#8221; style=&#8221;border-bottom&#8221; t_supro_heading=&#8221;&#8221; m_supro_heading=&#8221;&#8221; link=&#8221;url:https%3A%2F%2Fwww.naturavit.net%2Fproduct-category%2Fetericna-olja%2F|title:SPOZNAJ%20VE%C4%8C||&#8221;][\/vc_column][vc_column width=&#8221;1\/6&#8243;][\/vc_column][\/vc_row][vc_row][vc_column][supro_empty_space height=&#8221;100px&#8221; height_tablet=&#8221;50px&#8221; height_mobile=&#8221;40px&#8221;][\/vc_column][\/vc_row][vc_row][vc_column][vc_column_text]<\/p>\n<h2 style=\"text-align: center;\">Jesenski izbor<\/h2>\n<p>[\/vc_column_text][supro_empty_space height=&#8221;50px&#8221; height_tablet=&#8221;15px&#8221; height_mobile=&#8221;5px&#8221;][\/vc_column][\/vc_row][vc_row equal_height=&#8221;yes&#8221; content_placement=&#8221;middle&#8221;][vc_column el_class=&#8221;product-frontpage&#8221;][supro_products style=&#8221;3&#8243; limit=&#8221;8&#8243; columns=&#8221;4&#8243; category=&#8221;njega&#8221; m_columns=&#8221;2&#8243;][\/vc_column][\/vc_row][vc_row full_width=&#8221;stretch_row_content&#8221; gap=&#8221;20&#8243; equal_height=&#8221;yes&#8221; content_placement=&#8221;middle&#8221; css=&#8221;.vc_custom_1590402546180{padding-top: 10px !important;padding-bottom: 30px !important;background-color: #7c7f64 !important;}&#8221;][vc_column width=&#8221;1\/5&#8243;][\/vc_column][vc_column width=&#8221;1\/5&#8243;][vc_single_image image=&#8221;34231&#8243; img_size=&#8221;100&#215;100&#8243; alignment=&#8221;center&#8221; onclick=&#8221;custom_link&#8221;][vc_column_text css=&#8221;.vc_custom_1632732087415{background-position: center !important;background-repeat: no-repeat !important;background-size: cover !important;}&#8221;]<\/p>\n<h4 style=\"text-align: center; color: #ffff;\">Vegansko<\/h4>\n<p>[\/vc_column_text][\/vc_column][vc_column width=&#8221;1\/5&#8243;][vc_single_image image=&#8221;34228&#8243; img_size=&#8221;100&#215;100&#8243; alignment=&#8221;center&#8221; onclick=&#8221;custom_link&#8221;][vc_column_text css=&#8221;.vc_custom_1632732130491{background-position: center !important;background-repeat: no-repeat !important;background-size: cover !important;}&#8221;]<\/p>\n<h4 style=\"text-align: center; color: #ffff;\">Naravno<\/h4>\n<p>[\/vc_column_text][\/vc_column][vc_column width=&#8221;1\/5&#8243;][vc_single_image image=&#8221;34225&#8243; img_size=&#8221;100&#215;100&#8243; alignment=&#8221;center&#8221; onclick=&#8221;custom_link&#8221;][vc_column_text css=&#8221;.vc_custom_1632732125654{background-position: center !important;background-repeat: no-repeat !important;background-size: cover !important;}&#8221;]<\/p>\n<h4 style=\"text-align: center; color: #ffff;\">Lokalno<\/h4>\n<p>[\/vc_column_text][supro_banner3][\/vc_column][vc_column width=&#8221;1\/5&#8243;][\/vc_column][\/vc_row][vc_row][vc_column][supro_empty_space height=&#8221;100px&#8221; height_tablet=&#8221;50px&#8221; height_mobile=&#8221;40px&#8221;][\/vc_column][\/vc_row][vc_row][vc_column][vc_column_text]<\/p>\n<h2 style=\"text-align: center;\">Najnovije vijesti<\/h2>\n<p>[\/vc_column_text][\/vc_column][\/vc_row][vc_row][vc_column][supro_empty_space height=&#8221;30px&#8221; height_tablet=&#8221;25px&#8221; height_mobile=&#8221;10px&#8221;][supro_button font_size=&#8221;12&#8243; style=&#8221;border-bottom&#8221; t_supro_heading=&#8221;&#8221; m_supro_heading=&#8221;&#8221; link=&#8221;url:https%3A%2F%2Fwww.naturavit.net%2Fnasveti%2F|title:VE%C4%8C%20NOVIC||&#8221;][\/vc_column][\/vc_row][vc_row equal_height=&#8221;yes&#8221;][vc_column][supro_empty_space height=&#8221;30px&#8221; height_tablet=&#8221;25px&#8221; height_mobile=&#8221;10px&#8221;][supro_latest_post btn_text=&#8221;NAU\u010cITE VI\u0160E&#8221;][\/vc_column][\/vc_row][vc_row][vc_column][supro_empty_space height=&#8221;100px&#8221; height_tablet=&#8221;50px&#8221; height_mobile=&#8221;40px&#8221;][\/vc_column][\/vc_row][vc_row full_width=&#8221;stretch_row_content&#8221; gap=&#8221;20&#8243; equal_height=&#8221;yes&#8221; content_placement=&#8221;middle&#8221; css=&#8221;.vc_custom_1590402570048{padding-top: 10px !important;padding-bottom: 30px !important;background-color: #a35a3c !important;}&#8221;][vc_column width=&#8221;1\/5&#8243;][\/vc_column][vc_column width=&#8221;1\/5&#8243;][vc_single_image image=&#8221;34206&#8243; img_size=&#8221;100&#215;100&#8243; alignment=&#8221;center&#8221; onclick=&#8221;custom_link&#8221;][vc_column_text css=&#8221;.vc_custom_1632730241071{background-position: center !important;background-repeat: no-repeat !important;background-size: cover !important;}&#8221;]<\/p>\n<h4 style=\"text-align: center; color: #ffff;\">Sigurna kupnja<\/h4>\n<p>[\/vc_column_text][\/vc_column][vc_column width=&#8221;1\/5&#8243;][vc_single_image image=&#8221;34203&#8243; img_size=&#8221;100&#215;100&#8243; alignment=&#8221;center&#8221; onclick=&#8221;custom_link&#8221;][vc_column_text css=&#8221;.vc_custom_1632730247532{background-position: center !important;background-repeat: no-repeat !important;background-size: cover !important;}&#8221;]<\/p>\n<h4 style=\"text-align: center; color: #ffff;\">Priprema za 24 sata<\/h4>\n<p>[\/vc_column_text][\/vc_column][vc_column width=&#8221;1\/5&#8243;][vc_single_image image=&#8221;34209&#8243; img_size=&#8221;100&#215;100&#8243; alignment=&#8221;center&#8221; onclick=&#8221;custom_link&#8221;][vc_column_text css=&#8221;.vc_custom_1632730253156{background-position: center !important;background-repeat: no-repeat !important;background-size: cover !important;}&#8221;]<\/p>\n<h4 style=\"text-align: center; color: #ffff;\">Besplatni uzorci<\/h4>\n<p>[\/vc_column_text][supro_banner3][\/vc_column][vc_column width=&#8221;1\/5&#8243;][\/vc_column][\/vc_row][vc_row full_width=&#8221;stretch_row_content_no_spaces&#8221;][vc_column width=&#8221;1\/2&#8243;][vc_empty_space height=&#8221;60&#8243;][vc_row_inner equal_height=&#8221;yes&#8221; content_placement=&#8221;middle&#8221; css=&#8221;.vc_custom_1586507033827{padding-top: 0px !important;padding-right: 30px !important;padding-bottom: 20px !important;padding-left: 30px !important;}&#8221;][vc_column_inner width=&#8221;1\/4&#8243;][\/vc_column_inner][vc_column_inner width=&#8221;3\/4&#8243;][vc_column_text]<\/p>\n<h1><\/h1>\n<h1>Sve potrebno za savr\u0161eno obojanu kosu i njenu njegu.<\/h1>\n<p>Paket uklju\u010duje bilo koju Respect boju za kosu, priprodni \u0161ampon za obojanu kosu, masku za kosu, kist i posudu za mije\u0161anje boje.<\/p>\n<p><span style=\"color: #222222; font-size: 24px; font-weight: bold;\">22 \u20ac<\/span><br \/>\n[\/vc_column_text][supro_empty_space height=&#8221;20&#8243; height_tablet=&#8221;15&#8243; height_mobile=&#8221;10&#8243;][supro_button font_size=&#8221;12&#8243; el_class=&#8221;button-custom&#8221; t_supro_heading=&#8221;&#8221; m_supro_heading=&#8221;&#8221; link=&#8221;url:https%3A%2F%2Fwww.naturavit.net%2Fproduct%2Fpaket-za-barvanje-las%2F|title:NAKUP||&#8221;][\/vc_column_inner][\/vc_row_inner][\/vc_column][vc_column width=&#8221;1\/2&#8243;][vc_video link=&#8221;https:\/\/www.youtube.com\/watch?v=V7co8yRILSY&#8221; align=&#8221;center&#8221;][\/vc_column][\/vc_row][vc_row full_width=&#8221;stretch_row&#8221; gap=&#8221;20&#8243; equal_height=&#8221;yes&#8221; content_placement=&#8221;middle&#8221; css=&#8221;.vc_custom_1586304797247{padding-top: 20px !important;padding-bottom: 20px !important;background-color: #ae9980 !important;}&#8221;][vc_column width=&#8221;1\/6&#8243;][\/vc_column][vc_column width=&#8221;1\/6&#8243;][vc_single_image image=&#8221;25828&#8243; alignment=&#8221;center&#8221; onclick=&#8221;custom_link&#8221;][\/vc_column][vc_column width=&#8221;1\/6&#8243;][vc_single_image image=&#8221;25834&#8243; alignment=&#8221;center&#8221; onclick=&#8221;custom_link&#8221;][\/vc_column][vc_column width=&#8221;1\/6&#8243;][vc_single_image image=&#8221;25831&#8243; alignment=&#8221;center&#8221; onclick=&#8221;custom_link&#8221;][supro_banner3][\/vc_column][vc_column width=&#8221;1\/6&#8243;][vc_single_image image=&#8221;25837&#8243; alignment=&#8221;center&#8221; onclick=&#8221;custom_link&#8221;][\/vc_column][vc_column width=&#8221;1\/6&#8243;][\/vc_column][\/vc_row][vc_column][\/vc_column]<\/p>\n","protected":false},"excerpt":{"rendered":"<p>[vc_row full_width=&#8221;stretch_row_content_no_spaces&#8221;][vc_column][rev_slider alias=&#8221;naturavit-slider&#8221;][\/vc_column][\/vc_row][vc_row full_width=&#8221;stretch_row_content_no_spaces&#8221; gap=&#8221;20&#8243; equal_height=&#8221;yes&#8221; content_placement=&#8221;middle&#8221; css=&#8221;.vc_custom_1632474570725{padding-top: 20px !important;padding-bottom: 30px !important;background-color: #a35436 !important;}&#8221;][vc_column width=&#8221;1\/6&#8243;][\/vc_column][vc_column width=&#8221;1\/6&#8243;][vc_single_image image=&#8221;34170&#8243; img_size=&#8221;100&#215;100&#8243; alignment=&#8221;center&#8221; onclick=&#8221;custom_link&#8221; link=&#8221;https:%2F%2Fwww.naturavit.net%2Fproduct-category%2Fbarve-za-lase%2F|&#8221;][vc_column_text css=&#8221;.vc_custom_1632476526923{background-position: center !important;background-repeat: no-repeat !important;background-size: cover !important;}&#8221;] Boje kose [\/vc_column_text][supro_empty_space height=&#8221;10&#8243; height_tablet=&#8221;10&#8243; height_mobile=&#8221;10&#8243;][supro_button color=&#8221;light&#8221; font_size=&#8221;12&#8243; align=&#8221;center&#8221; style=&#8221;border-bottom&#8221; css_animation=&#8221;none&#8221; t_supro_heading=&#8221;&#8221; m_supro_heading=&#8221;&#8221; link=&#8221;url:https%3A%2F%2Fwww.naturavit.net%2Fproduct-category%2Fbarve-za-lase%2F|title:SPOZNAJ%20VE%C4%8C||&#8221;][\/vc_column][vc_column width=&#8221;1\/6&#8243;][vc_single_image image=&#8221;34177&#8243; img_size=&#8221;100&#215;100&#8243; alignment=&#8221;center&#8221; onclick=&#8221;custom_link&#8221; link=&#8221;https:%2F%2Fwww.naturavit.net%2Fproduct-category%2Fnega|&#8221;][vc_column_text css=&#8221;.vc_custom_1632476531802{background-position: center !important;background-repeat: no-repeat !important;background-size: cover !important;}&#8221;] [&hellip;]<\/p>\n","protected":false},"author":16,"featured_media":26069,"parent":0,"menu_order":0,"comment_status":"closed","ping_status":"closed","template":"","meta":{"_acf_changed":false,"footnotes":""},"class_list":["post-26071","page","type-page","status-publish","has-post-thumbnail","hentry"],"acf":[],"yoast_head":"<!-- This site is optimized with the Yoast SEO plugin v27.3 - https:\/\/yoast.com\/product\/yoast-seo-wordpress\/ -->\n<title>Naturavit: prirodna kozmetika | Naturavit, zaupaj naravi<\/title>\n<meta name=\"description\" content=\"U Naturavitu se u potpunosti usredoto\u010dujemo na prirodnu kozmetiku za njegu cijelog tijela. Na\u0161a glavna svrha je pomo\u0107i ljudima da se osje\u0107aju dobro &quot;u svojoj ko\u017ei&quot;.\" \/>\n<meta name=\"robots\" content=\"noindex, follow, max-snippet:-1, max-image-preview:large, max-video-preview:-1\" \/>\n<meta property=\"og:locale\" content=\"hr_HR\" \/>\n<meta property=\"og:type\" content=\"article\" \/>\n<meta property=\"og:title\" content=\"Naturavit.Net prirodna kozmetika\" \/>\n<meta property=\"og:description\" content=\"U Naturavitu se u potpunosti usredoto\u010dujemo na prirodnu kozmetiku za njegu cijelog tijela. Na\u0161a glavna svrha je pomo\u0107i ljudima da se osje\u0107aju dobro &quot;u svojoj ko\u017ei&quot;. Tek kad se osje\u0107amo dobro u svom tijelu, mi smo u kontaktu sa sobom i drugima!\" \/>\n<meta property=\"og:url\" content=\"https:\/\/naturavit.kodnes.eu\/hr\/slovenska-prirodna-kozmetika\/\" \/>\n<meta property=\"og:site_name\" content=\"Naturavit\" \/>\n<meta property=\"article:publisher\" content=\"https:\/\/www.facebook.com\/naturavit\/\" \/>\n<meta property=\"article:modified_time\" content=\"2021-09-27T12:55:12+00:00\" \/>\n<meta property=\"og:image\" content=\"https:\/\/naturavit.kodnes.eu\/wp-content\/uploads\/2021\/03\/NaturavitLifestyle-063.jpg\" \/>\n\t<meta property=\"og:image:width\" content=\"1920\" \/>\n\t<meta property=\"og:image:height\" content=\"1280\" \/>\n\t<meta property=\"og:image:type\" content=\"image\/jpeg\" \/>\n<meta name=\"twitter:card\" content=\"summary_large_image\" \/>\n<meta name=\"twitter:label1\" content=\"Est. reading time\" \/>\n\t<meta name=\"twitter:data1\" content=\"6 minutes\" \/>\n<script type=\"application\/ld+json\" class=\"yoast-schema-graph\">{\"@context\":\"https:\\\/\\\/schema.org\",\"@graph\":[{\"@type\":\"WebPage\",\"@id\":\"https:\\\/\\\/naturavit.kodnes.eu\\\/hr\\\/slovenska-prirodna-kozmetika\\\/\",\"url\":\"https:\\\/\\\/naturavit.kodnes.eu\\\/hr\\\/slovenska-prirodna-kozmetika\\\/\",\"name\":\"Naturavit: prirodna kozmetika | Naturavit, zaupaj naravi\",\"isPartOf\":{\"@id\":\"https:\\\/\\\/naturavit.kodnes.eu\\\/#website\"},\"primaryImageOfPage\":{\"@id\":\"https:\\\/\\\/naturavit.kodnes.eu\\\/hr\\\/slovenska-prirodna-kozmetika\\\/#primaryimage\"},\"image\":{\"@id\":\"https:\\\/\\\/naturavit.kodnes.eu\\\/hr\\\/slovenska-prirodna-kozmetika\\\/#primaryimage\"},\"thumbnailUrl\":\"https:\\\/\\\/naturavit.kodnes.eu\\\/wp-content\\\/uploads\\\/2016\\\/04\\\/coverfb.jpg\",\"datePublished\":\"2020-04-13T08:17:10+00:00\",\"dateModified\":\"2021-09-27T12:55:12+00:00\",\"description\":\"U Naturavitu se u potpunosti usredoto\u010dujemo na prirodnu kozmetiku za njegu cijelog tijela. Na\u0161a glavna svrha je pomo\u0107i ljudima da se osje\u0107aju dobro \\\"u svojoj ko\u017ei\\\".\",\"breadcrumb\":{\"@id\":\"https:\\\/\\\/naturavit.kodnes.eu\\\/hr\\\/slovenska-prirodna-kozmetika\\\/#breadcrumb\"},\"inLanguage\":\"hr-HR\",\"potentialAction\":[{\"@type\":\"ReadAction\",\"target\":[\"https:\\\/\\\/naturavit.kodnes.eu\\\/hr\\\/slovenska-prirodna-kozmetika\\\/\"]}]},{\"@type\":\"ImageObject\",\"inLanguage\":\"hr-HR\",\"@id\":\"https:\\\/\\\/naturavit.kodnes.eu\\\/hr\\\/slovenska-prirodna-kozmetika\\\/#primaryimage\",\"url\":\"https:\\\/\\\/naturavit.kodnes.eu\\\/wp-content\\\/uploads\\\/2016\\\/04\\\/coverfb.jpg\",\"contentUrl\":\"https:\\\/\\\/naturavit.kodnes.eu\\\/wp-content\\\/uploads\\\/2016\\\/04\\\/coverfb.jpg\",\"width\":1200,\"height\":717},{\"@type\":\"BreadcrumbList\",\"@id\":\"https:\\\/\\\/naturavit.kodnes.eu\\\/hr\\\/slovenska-prirodna-kozmetika\\\/#breadcrumb\",\"itemListElement\":[{\"@type\":\"ListItem\",\"position\":1,\"name\":\"Home\",\"item\":\"https:\\\/\\\/naturavit.kodnes.eu\\\/hr\\\/slovenska-prirodna-kozmetika\\\/\"},{\"@type\":\"ListItem\",\"position\":2,\"name\":\"Naturavit: prirodna kozmetika\"}]},{\"@type\":\"WebSite\",\"@id\":\"https:\\\/\\\/naturavit.kodnes.eu\\\/#website\",\"url\":\"https:\\\/\\\/naturavit.kodnes.eu\\\/\",\"name\":\"Naturavit\",\"description\":\"Naravna kozmetika\",\"publisher\":{\"@id\":\"https:\\\/\\\/naturavit.kodnes.eu\\\/#organization\"},\"potentialAction\":[{\"@type\":\"SearchAction\",\"target\":{\"@type\":\"EntryPoint\",\"urlTemplate\":\"https:\\\/\\\/naturavit.kodnes.eu\\\/?s={search_term_string}\"},\"query-input\":{\"@type\":\"PropertyValueSpecification\",\"valueRequired\":true,\"valueName\":\"search_term_string\"}}],\"inLanguage\":\"hr-HR\"},{\"@type\":\"Organization\",\"@id\":\"https:\\\/\\\/naturavit.kodnes.eu\\\/#organization\",\"name\":\"Naturavit\",\"url\":\"https:\\\/\\\/naturavit.kodnes.eu\\\/\",\"logo\":{\"@type\":\"ImageObject\",\"inLanguage\":\"hr-HR\",\"@id\":\"https:\\\/\\\/naturavit.kodnes.eu\\\/#\\\/schema\\\/logo\\\/image\\\/\",\"url\":\"https:\\\/\\\/naturavit.kodnes.eu\\\/wp-content\\\/uploads\\\/2021\\\/09\\\/116564984_3484379328307111_1830779139888479808_o.png\",\"contentUrl\":\"https:\\\/\\\/naturavit.kodnes.eu\\\/wp-content\\\/uploads\\\/2021\\\/09\\\/116564984_3484379328307111_1830779139888479808_o.png\",\"width\":1079,\"height\":1079,\"caption\":\"Naturavit\"},\"image\":{\"@id\":\"https:\\\/\\\/naturavit.kodnes.eu\\\/#\\\/schema\\\/logo\\\/image\\\/\"},\"sameAs\":[\"https:\\\/\\\/www.facebook.com\\\/naturavit\\\/\"]}]}<\/script>\n<!-- \/ Yoast SEO plugin. -->","yoast_head_json":{"title":"Naturavit: prirodna kozmetika | Naturavit, zaupaj naravi","description":"U Naturavitu se u potpunosti usredoto\u010dujemo na prirodnu kozmetiku za njegu cijelog tijela. Na\u0161a glavna svrha je pomo\u0107i ljudima da se osje\u0107aju dobro \"u svojoj ko\u017ei\".","robots":{"index":"noindex","follow":"follow","max-snippet":"max-snippet:-1","max-image-preview":"max-image-preview:large","max-video-preview":"max-video-preview:-1"},"og_locale":"hr_HR","og_type":"article","og_title":"Naturavit.Net prirodna kozmetika","og_description":"U Naturavitu se u potpunosti usredoto\u010dujemo na prirodnu kozmetiku za njegu cijelog tijela. Na\u0161a glavna svrha je pomo\u0107i ljudima da se osje\u0107aju dobro \"u svojoj ko\u017ei\". Tek kad se osje\u0107amo dobro u svom tijelu, mi smo u kontaktu sa sobom i drugima!","og_url":"https:\/\/naturavit.kodnes.eu\/hr\/slovenska-prirodna-kozmetika\/","og_site_name":"Naturavit","article_publisher":"https:\/\/www.facebook.com\/naturavit\/","article_modified_time":"2021-09-27T12:55:12+00:00","og_image":[{"width":1920,"height":1280,"url":"https:\/\/naturavit.kodnes.eu\/wp-content\/uploads\/2021\/03\/NaturavitLifestyle-063.jpg","type":"image\/jpeg"}],"twitter_card":"summary_large_image","twitter_misc":{"Est. reading time":"6 minutes"},"schema":{"@context":"https:\/\/schema.org","@graph":[{"@type":"WebPage","@id":"https:\/\/naturavit.kodnes.eu\/hr\/slovenska-prirodna-kozmetika\/","url":"https:\/\/naturavit.kodnes.eu\/hr\/slovenska-prirodna-kozmetika\/","name":"Naturavit: prirodna kozmetika | Naturavit, zaupaj naravi","isPartOf":{"@id":"https:\/\/naturavit.kodnes.eu\/#website"},"primaryImageOfPage":{"@id":"https:\/\/naturavit.kodnes.eu\/hr\/slovenska-prirodna-kozmetika\/#primaryimage"},"image":{"@id":"https:\/\/naturavit.kodnes.eu\/hr\/slovenska-prirodna-kozmetika\/#primaryimage"},"thumbnailUrl":"https:\/\/naturavit.kodnes.eu\/wp-content\/uploads\/2016\/04\/coverfb.jpg","datePublished":"2020-04-13T08:17:10+00:00","dateModified":"2021-09-27T12:55:12+00:00","description":"U Naturavitu se u potpunosti usredoto\u010dujemo na prirodnu kozmetiku za njegu cijelog tijela. Na\u0161a glavna svrha je pomo\u0107i ljudima da se osje\u0107aju dobro \"u svojoj ko\u017ei\".","breadcrumb":{"@id":"https:\/\/naturavit.kodnes.eu\/hr\/slovenska-prirodna-kozmetika\/#breadcrumb"},"inLanguage":"hr-HR","potentialAction":[{"@type":"ReadAction","target":["https:\/\/naturavit.kodnes.eu\/hr\/slovenska-prirodna-kozmetika\/"]}]},{"@type":"ImageObject","inLanguage":"hr-HR","@id":"https:\/\/naturavit.kodnes.eu\/hr\/slovenska-prirodna-kozmetika\/#primaryimage","url":"https:\/\/naturavit.kodnes.eu\/wp-content\/uploads\/2016\/04\/coverfb.jpg","contentUrl":"https:\/\/naturavit.kodnes.eu\/wp-content\/uploads\/2016\/04\/coverfb.jpg","width":1200,"height":717},{"@type":"BreadcrumbList","@id":"https:\/\/naturavit.kodnes.eu\/hr\/slovenska-prirodna-kozmetika\/#breadcrumb","itemListElement":[{"@type":"ListItem","position":1,"name":"Home","item":"https:\/\/naturavit.kodnes.eu\/hr\/slovenska-prirodna-kozmetika\/"},{"@type":"ListItem","position":2,"name":"Naturavit: prirodna kozmetika"}]},{"@type":"WebSite","@id":"https:\/\/naturavit.kodnes.eu\/#website","url":"https:\/\/naturavit.kodnes.eu\/","name":"Naturavit","description":"Naravna kozmetika","publisher":{"@id":"https:\/\/naturavit.kodnes.eu\/#organization"},"potentialAction":[{"@type":"SearchAction","target":{"@type":"EntryPoint","urlTemplate":"https:\/\/naturavit.kodnes.eu\/?s={search_term_string}"},"query-input":{"@type":"PropertyValueSpecification","valueRequired":true,"valueName":"search_term_string"}}],"inLanguage":"hr-HR"},{"@type":"Organization","@id":"https:\/\/naturavit.kodnes.eu\/#organization","name":"Naturavit","url":"https:\/\/naturavit.kodnes.eu\/","logo":{"@type":"ImageObject","inLanguage":"hr-HR","@id":"https:\/\/naturavit.kodnes.eu\/#\/schema\/logo\/image\/","url":"https:\/\/naturavit.kodnes.eu\/wp-content\/uploads\/2021\/09\/116564984_3484379328307111_1830779139888479808_o.png","contentUrl":"https:\/\/naturavit.kodnes.eu\/wp-content\/uploads\/2021\/09\/116564984_3484379328307111_1830779139888479808_o.png","width":1079,"height":1079,"caption":"Naturavit"},"image":{"@id":"https:\/\/naturavit.kodnes.eu\/#\/schema\/logo\/image\/"},"sameAs":["https:\/\/www.facebook.com\/naturavit\/"]}]}},"_links":{"self":[{"href":"https:\/\/naturavit.kodnes.eu\/hr\/wp-json\/wp\/v2\/pages\/26071","targetHints":{"allow":["GET"]}}],"collection":[{"href":"https:\/\/naturavit.kodnes.eu\/hr\/wp-json\/wp\/v2\/pages"}],"about":[{"href":"https:\/\/naturavit.kodnes.eu\/hr\/wp-json\/wp\/v2\/types\/page"}],"author":[{"embeddable":true,"href":"https:\/\/naturavit.kodnes.eu\/hr\/wp-json\/wp\/v2\/users\/16"}],"replies":[{"embeddable":true,"href":"https:\/\/naturavit.kodnes.eu\/hr\/wp-json\/wp\/v2\/comments?post=26071"}],"version-history":[{"count":3,"href":"https:\/\/naturavit.kodnes.eu\/hr\/wp-json\/wp\/v2\/pages\/26071\/revisions"}],"predecessor-version":[{"id":34302,"href":"https:\/\/naturavit.kodnes.eu\/hr\/wp-json\/wp\/v2\/pages\/26071\/revisions\/34302"}],"wp:featuredmedia":[{"embeddable":true,"href":"https:\/\/naturavit.kodnes.eu\/hr\/wp-json\/wp\/v2\/media\/26069"}],"wp:attachment":[{"href":"https:\/\/naturavit.kodnes.eu\/hr\/wp-json\/wp\/v2\/media?parent=26071"}],"curies":[{"name":"wp","href":"https:\/\/api.w.org\/{rel}","templated":true}]}}