{"id":534,"date":"2016-04-11T10:41:44","date_gmt":"2016-04-11T08:41:44","guid":{"rendered":"http:\/\/www.naturavit.net\/?post_type=product&#038;p=534&#038;lang=en"},"modified":"2026-04-30T14:33:59","modified_gmt":"2026-04-30T12:33:59","slug":"kremni-sampon-za-pogosto-umivanje","status":"publish","type":"product","link":"https:\/\/naturavit.kodnes.eu\/en\/product\/kremni-sampon-za-pogosto-umivanje\/","title":{"rendered":"Kremni \u0161ampon za pogosto umivanje in ob\u010dutljivo lasi\u0161\u010de"},"content":{"rendered":"<p>Ob\u010duti se kot<br \/>\nne\u017ena kremna pena, ki lase o\u010disti brez dra\u017eenja in ob\u010dutka zategovanja.<\/p>\n<p>Di\u0161i kot<br \/>\nne\u017een, naraven vonj melise, ki se lahko med serijami rahlo razlikuje zaradi naravnih sestavin.<\/p>\n<p>Kremni \u0161ampon za pogosto umivanje je zasnovan za vsakodnevno nego ob\u010dutljivega lasi\u0161\u010da. Bogata kremna tekstura omogo\u010da prijetno umivanje, olje abesinske ogr\u0161\u010dice pa zaradi visoke vsebnosti omega ma\u0161\u010dobnih kislin pomaga ohranjati vla\u017enost, izbolj\u0161uje elasti\u010dnost las in prepre\u010duje izsu\u0161itev.<\/p>\n","protected":false},"excerpt":{"rendered":"<p data-start=\"64\" data-end=\"268\"><span data-sheets-root=\"1\">Ne\u017een kremni \u0161ampon za pogosto ali vsakodnevno umivanje las, ki u\u010dinkovito o\u010disti, pomiri lasi\u0161\u010de in pomaga ohranjati naravno ravnovesje lasi\u0161\u010da.<br \/>\nPrimeren za vse tipe las, posebej za ob\u010dutljivo lasi\u0161\u010de.<\/span><\/p>\n","protected":false},"featured_media":46098,"comment_status":"closed","ping_status":"closed","template":"","meta":{"_acf_changed":false},"product_brand":[],"product_cat":[30,31],"product_tag":[],"class_list":{"0":"post-534","1":"product","2":"type-product","3":"status-publish","4":"has-post-thumbnail","6":"product_cat-hair-care","7":"product_cat-shampoos-conditioners","9":"first","10":"instock","11":"taxable","12":"shipping-taxable","13":"purchasable","14":"product-type-simple"},"acf":[],"yoast_head":"<!-- This site is optimized with the Yoast SEO plugin v27.5 - https:\/\/yoast.com\/product\/yoast-seo-wordpress\/ -->\n<title>Kremni \u0161ampon za pogosto umivanje in ob\u010dutljivo lasi\u0161\u010de | Naturavit<\/title>\n<meta name=\"description\" content=\"Kremni \u0161ampon za pogosto umivanje je izredno ne\u017een \u0161ampon, ki s kremasto peno zagotavlja zadostno koli\u010dino hidracije na lasi\u0161\u010du.\" \/>\n<meta name=\"robots\" content=\"noindex, follow, max-snippet:-1, max-image-preview:large, max-video-preview:-1\" \/>\n<meta property=\"og:locale\" content=\"en_US\" \/>\n<meta property=\"og:type\" content=\"article\" \/>\n<meta property=\"og:title\" content=\"Kremni \u0161ampon za pogosto umivanje in ob\u010dutljivo lasi\u0161\u010de | Naturavit\" \/>\n<meta property=\"og:description\" content=\"Kremni \u0161ampon za pogosto umivanje je izredno ne\u017een \u0161ampon, ki s kremasto peno zagotavlja zadostno koli\u010dino hidracije na lasi\u0161\u010du.\" \/>\n<meta property=\"og:url\" content=\"https:\/\/naturavit.kodnes.eu\/en\/product\/kremni-sampon-za-pogosto-umivanje\/\" \/>\n<meta property=\"og:site_name\" content=\"Naturavit\" \/>\n<meta property=\"article:publisher\" content=\"https:\/\/www.facebook.com\/naturavit\/\" \/>\n<meta property=\"article:modified_time\" content=\"2026-04-30T12:33:59+00:00\" \/>\n<meta property=\"og:image\" content=\"https:\/\/naturavit.kodnes.eu\/wp-content\/uploads\/2026\/03\/Shampoo_SLO_zaObcutljive_reflection.jpg\" \/>\n\t<meta property=\"og:image:width\" content=\"2200\" \/>\n\t<meta property=\"og:image:height\" content=\"2199\" \/>\n\t<meta property=\"og:image:type\" content=\"image\/jpeg\" \/>\n<meta name=\"twitter:card\" content=\"summary_large_image\" \/>\n<meta name=\"twitter:label1\" content=\"Est. reading time\" \/>\n\t<meta name=\"twitter:data1\" content=\"1 minute\" \/>\n<script type=\"application\/ld+json\" class=\"yoast-schema-graph\">{\"@context\":\"https:\\\/\\\/schema.org\",\"@graph\":[{\"@type\":\"WebPage\",\"@id\":\"https:\\\/\\\/naturavit.kodnes.eu\\\/en\\\/product\\\/kremni-sampon-za-pogosto-umivanje\\\/\",\"url\":\"https:\\\/\\\/naturavit.kodnes.eu\\\/en\\\/product\\\/kremni-sampon-za-pogosto-umivanje\\\/\",\"name\":\"Kremni \u0161ampon za pogosto umivanje in ob\u010dutljivo lasi\u0161\u010de | Naturavit\",\"isPartOf\":{\"@id\":\"https:\\\/\\\/naturavit.kodnes.eu\\\/en\\\/#website\"},\"primaryImageOfPage\":{\"@id\":\"https:\\\/\\\/naturavit.kodnes.eu\\\/en\\\/product\\\/kremni-sampon-za-pogosto-umivanje\\\/#primaryimage\"},\"image\":{\"@id\":\"https:\\\/\\\/naturavit.kodnes.eu\\\/en\\\/product\\\/kremni-sampon-za-pogosto-umivanje\\\/#primaryimage\"},\"thumbnailUrl\":\"https:\\\/\\\/naturavit.kodnes.eu\\\/wp-content\\\/uploads\\\/2026\\\/03\\\/Shampoo_SLO_zaObcutljive_reflection.jpg\",\"datePublished\":\"2016-04-11T08:41:44+00:00\",\"dateModified\":\"2026-04-30T12:33:59+00:00\",\"description\":\"Kremni \u0161ampon za pogosto umivanje je izredno ne\u017een \u0161ampon, ki s kremasto peno zagotavlja zadostno koli\u010dino hidracije na lasi\u0161\u010du.\",\"breadcrumb\":{\"@id\":\"https:\\\/\\\/naturavit.kodnes.eu\\\/en\\\/product\\\/kremni-sampon-za-pogosto-umivanje\\\/#breadcrumb\"},\"inLanguage\":\"en-US\",\"potentialAction\":[{\"@type\":\"ReadAction\",\"target\":[\"https:\\\/\\\/naturavit.kodnes.eu\\\/en\\\/product\\\/kremni-sampon-za-pogosto-umivanje\\\/\"]}]},{\"@type\":\"ImageObject\",\"inLanguage\":\"en-US\",\"@id\":\"https:\\\/\\\/naturavit.kodnes.eu\\\/en\\\/product\\\/kremni-sampon-za-pogosto-umivanje\\\/#primaryimage\",\"url\":\"https:\\\/\\\/naturavit.kodnes.eu\\\/wp-content\\\/uploads\\\/2026\\\/03\\\/Shampoo_SLO_zaObcutljive_reflection.jpg\",\"contentUrl\":\"https:\\\/\\\/naturavit.kodnes.eu\\\/wp-content\\\/uploads\\\/2026\\\/03\\\/Shampoo_SLO_zaObcutljive_reflection.jpg\",\"width\":2200,\"height\":2199},{\"@type\":\"BreadcrumbList\",\"@id\":\"https:\\\/\\\/naturavit.kodnes.eu\\\/en\\\/product\\\/kremni-sampon-za-pogosto-umivanje\\\/#breadcrumb\",\"itemListElement\":[{\"@type\":\"ListItem\",\"position\":1,\"name\":\"Home\",\"item\":\"https:\\\/\\\/naturavit.kodnes.eu\\\/en\\\/\"},{\"@type\":\"ListItem\",\"position\":2,\"name\":\"Shop\",\"item\":\"https:\\\/\\\/naturavit.kodnes.eu\\\/en\\\/shop\\\/\"},{\"@type\":\"ListItem\",\"position\":3,\"name\":\"Hair care\",\"item\":\"https:\\\/\\\/naturavit.kodnes.eu\\\/en\\\/product-category\\\/hair-care\\\/\"},{\"@type\":\"ListItem\",\"position\":4,\"name\":\"Shampoos &amp; Conditioners\",\"item\":\"https:\\\/\\\/naturavit.kodnes.eu\\\/en\\\/product-category\\\/hair-care\\\/shampoos-conditioners\\\/\"},{\"@type\":\"ListItem\",\"position\":5,\"name\":\"Kremni \u0161ampon za pogosto umivanje in ob\u010dutljivo lasi\u0161\u010de\"}]},{\"@type\":\"WebSite\",\"@id\":\"https:\\\/\\\/naturavit.kodnes.eu\\\/en\\\/#website\",\"url\":\"https:\\\/\\\/naturavit.kodnes.eu\\\/en\\\/\",\"name\":\"Naturavit\",\"description\":\"Naravna kozmetika\",\"publisher\":{\"@id\":\"https:\\\/\\\/naturavit.kodnes.eu\\\/en\\\/#organization\"},\"potentialAction\":[{\"@type\":\"SearchAction\",\"target\":{\"@type\":\"EntryPoint\",\"urlTemplate\":\"https:\\\/\\\/naturavit.kodnes.eu\\\/en\\\/?s={search_term_string}\"},\"query-input\":{\"@type\":\"PropertyValueSpecification\",\"valueRequired\":true,\"valueName\":\"search_term_string\"}}],\"inLanguage\":\"en-US\"},{\"@type\":\"Organization\",\"@id\":\"https:\\\/\\\/naturavit.kodnes.eu\\\/en\\\/#organization\",\"name\":\"Naturavit\",\"url\":\"https:\\\/\\\/naturavit.kodnes.eu\\\/en\\\/\",\"logo\":{\"@type\":\"ImageObject\",\"inLanguage\":\"en-US\",\"@id\":\"https:\\\/\\\/naturavit.kodnes.eu\\\/en\\\/#\\\/schema\\\/logo\\\/image\\\/\",\"url\":\"https:\\\/\\\/naturavit.kodnes.eu\\\/wp-content\\\/uploads\\\/2021\\\/09\\\/116564984_3484379328307111_1830779139888479808_o.png\",\"contentUrl\":\"https:\\\/\\\/naturavit.kodnes.eu\\\/wp-content\\\/uploads\\\/2021\\\/09\\\/116564984_3484379328307111_1830779139888479808_o.png\",\"width\":1079,\"height\":1079,\"caption\":\"Naturavit\"},\"image\":{\"@id\":\"https:\\\/\\\/naturavit.kodnes.eu\\\/en\\\/#\\\/schema\\\/logo\\\/image\\\/\"},\"sameAs\":[\"https:\\\/\\\/www.facebook.com\\\/naturavit\\\/\"]}]}<\/script>\n<!-- \/ Yoast SEO plugin. -->","yoast_head_json":{"title":"Kremni \u0161ampon za pogosto umivanje in ob\u010dutljivo lasi\u0161\u010de | Naturavit","description":"Kremni \u0161ampon za pogosto umivanje je izredno ne\u017een \u0161ampon, ki s kremasto peno zagotavlja zadostno koli\u010dino hidracije na lasi\u0161\u010du.","robots":{"index":"noindex","follow":"follow","max-snippet":"max-snippet:-1","max-image-preview":"max-image-preview:large","max-video-preview":"max-video-preview:-1"},"og_locale":"en_US","og_type":"article","og_title":"Kremni \u0161ampon za pogosto umivanje in ob\u010dutljivo lasi\u0161\u010de | Naturavit","og_description":"Kremni \u0161ampon za pogosto umivanje je izredno ne\u017een \u0161ampon, ki s kremasto peno zagotavlja zadostno koli\u010dino hidracije na lasi\u0161\u010du.","og_url":"https:\/\/naturavit.kodnes.eu\/en\/product\/kremni-sampon-za-pogosto-umivanje\/","og_site_name":"Naturavit","article_publisher":"https:\/\/www.facebook.com\/naturavit\/","article_modified_time":"2026-04-30T12:33:59+00:00","og_image":[{"width":2200,"height":2199,"url":"https:\/\/naturavit.kodnes.eu\/wp-content\/uploads\/2026\/03\/Shampoo_SLO_zaObcutljive_reflection.jpg","type":"image\/jpeg"}],"twitter_card":"summary_large_image","twitter_misc":{"Est. reading time":"1 minute"},"schema":{"@context":"https:\/\/schema.org","@graph":[{"@type":"WebPage","@id":"https:\/\/naturavit.kodnes.eu\/en\/product\/kremni-sampon-za-pogosto-umivanje\/","url":"https:\/\/naturavit.kodnes.eu\/en\/product\/kremni-sampon-za-pogosto-umivanje\/","name":"Kremni \u0161ampon za pogosto umivanje in ob\u010dutljivo lasi\u0161\u010de | Naturavit","isPartOf":{"@id":"https:\/\/naturavit.kodnes.eu\/en\/#website"},"primaryImageOfPage":{"@id":"https:\/\/naturavit.kodnes.eu\/en\/product\/kremni-sampon-za-pogosto-umivanje\/#primaryimage"},"image":{"@id":"https:\/\/naturavit.kodnes.eu\/en\/product\/kremni-sampon-za-pogosto-umivanje\/#primaryimage"},"thumbnailUrl":"https:\/\/naturavit.kodnes.eu\/wp-content\/uploads\/2026\/03\/Shampoo_SLO_zaObcutljive_reflection.jpg","datePublished":"2016-04-11T08:41:44+00:00","dateModified":"2026-04-30T12:33:59+00:00","description":"Kremni \u0161ampon za pogosto umivanje je izredno ne\u017een \u0161ampon, ki s kremasto peno zagotavlja zadostno koli\u010dino hidracije na lasi\u0161\u010du.","breadcrumb":{"@id":"https:\/\/naturavit.kodnes.eu\/en\/product\/kremni-sampon-za-pogosto-umivanje\/#breadcrumb"},"inLanguage":"en-US","potentialAction":[{"@type":"ReadAction","target":["https:\/\/naturavit.kodnes.eu\/en\/product\/kremni-sampon-za-pogosto-umivanje\/"]}]},{"@type":"ImageObject","inLanguage":"en-US","@id":"https:\/\/naturavit.kodnes.eu\/en\/product\/kremni-sampon-za-pogosto-umivanje\/#primaryimage","url":"https:\/\/naturavit.kodnes.eu\/wp-content\/uploads\/2026\/03\/Shampoo_SLO_zaObcutljive_reflection.jpg","contentUrl":"https:\/\/naturavit.kodnes.eu\/wp-content\/uploads\/2026\/03\/Shampoo_SLO_zaObcutljive_reflection.jpg","width":2200,"height":2199},{"@type":"BreadcrumbList","@id":"https:\/\/naturavit.kodnes.eu\/en\/product\/kremni-sampon-za-pogosto-umivanje\/#breadcrumb","itemListElement":[{"@type":"ListItem","position":1,"name":"Home","item":"https:\/\/naturavit.kodnes.eu\/en\/"},{"@type":"ListItem","position":2,"name":"Shop","item":"https:\/\/naturavit.kodnes.eu\/en\/shop\/"},{"@type":"ListItem","position":3,"name":"Hair care","item":"https:\/\/naturavit.kodnes.eu\/en\/product-category\/hair-care\/"},{"@type":"ListItem","position":4,"name":"Shampoos &amp; Conditioners","item":"https:\/\/naturavit.kodnes.eu\/en\/product-category\/hair-care\/shampoos-conditioners\/"},{"@type":"ListItem","position":5,"name":"Kremni \u0161ampon za pogosto umivanje in ob\u010dutljivo lasi\u0161\u010de"}]},{"@type":"WebSite","@id":"https:\/\/naturavit.kodnes.eu\/en\/#website","url":"https:\/\/naturavit.kodnes.eu\/en\/","name":"Naturavit","description":"Naravna kozmetika","publisher":{"@id":"https:\/\/naturavit.kodnes.eu\/en\/#organization"},"potentialAction":[{"@type":"SearchAction","target":{"@type":"EntryPoint","urlTemplate":"https:\/\/naturavit.kodnes.eu\/en\/?s={search_term_string}"},"query-input":{"@type":"PropertyValueSpecification","valueRequired":true,"valueName":"search_term_string"}}],"inLanguage":"en-US"},{"@type":"Organization","@id":"https:\/\/naturavit.kodnes.eu\/en\/#organization","name":"Naturavit","url":"https:\/\/naturavit.kodnes.eu\/en\/","logo":{"@type":"ImageObject","inLanguage":"en-US","@id":"https:\/\/naturavit.kodnes.eu\/en\/#\/schema\/logo\/image\/","url":"https:\/\/naturavit.kodnes.eu\/wp-content\/uploads\/2021\/09\/116564984_3484379328307111_1830779139888479808_o.png","contentUrl":"https:\/\/naturavit.kodnes.eu\/wp-content\/uploads\/2021\/09\/116564984_3484379328307111_1830779139888479808_o.png","width":1079,"height":1079,"caption":"Naturavit"},"image":{"@id":"https:\/\/naturavit.kodnes.eu\/en\/#\/schema\/logo\/image\/"},"sameAs":["https:\/\/www.facebook.com\/naturavit\/"]}]}},"_links":{"self":[{"href":"https:\/\/naturavit.kodnes.eu\/en\/wp-json\/wp\/v2\/product\/534","targetHints":{"allow":["GET"]}}],"collection":[{"href":"https:\/\/naturavit.kodnes.eu\/en\/wp-json\/wp\/v2\/product"}],"about":[{"href":"https:\/\/naturavit.kodnes.eu\/en\/wp-json\/wp\/v2\/types\/product"}],"replies":[{"embeddable":true,"href":"https:\/\/naturavit.kodnes.eu\/en\/wp-json\/wp\/v2\/comments?post=534"}],"wp:featuredmedia":[{"embeddable":true,"href":"https:\/\/naturavit.kodnes.eu\/en\/wp-json\/wp\/v2\/media\/46098"}],"wp:attachment":[{"href":"https:\/\/naturavit.kodnes.eu\/en\/wp-json\/wp\/v2\/media?parent=534"}],"wp:term":[{"taxonomy":"product_brand","embeddable":true,"href":"https:\/\/naturavit.kodnes.eu\/en\/wp-json\/wp\/v2\/product_brand?post=534"},{"taxonomy":"product_cat","embeddable":true,"href":"https:\/\/naturavit.kodnes.eu\/en\/wp-json\/wp\/v2\/product_cat?post=534"},{"taxonomy":"product_tag","embeddable":true,"href":"https:\/\/naturavit.kodnes.eu\/en\/wp-json\/wp\/v2\/product_tag?post=534"}],"curies":[{"name":"wp","href":"https:\/\/api.w.org\/{rel}","templated":true}]}}