{"id":483,"date":"2016-04-28T07:02:28","date_gmt":"2016-04-28T05:02:28","guid":{"rendered":"http:\/\/www.naturavit.net\/?post_type=product&#038;p=483&#038;lang=en"},"modified":"2026-04-30T14:33:59","modified_gmt":"2026-04-30T12:33:59","slug":"naturavit-silikon-repair-protect","status":"publish","type":"product","link":"https:\/\/naturavit.kodnes.eu\/en\/product\/naturavit-silikon-repair-protect\/","title":{"rendered":"Serum za za\u0161\u010dito pred cepljenjem konic"},"content":{"rendered":"<p>Ob\u010dutek:<br \/>\nbogata, a lahka tekstura, ki se takoj vpije v lase in jih naredi mehke na dotik.<\/p>\n<p>Vonj:<br \/>\nne\u017een in sve\u017e vonj.<\/p>\n","protected":false},"excerpt":{"rendered":"<p><span data-sheets-root=\"1\">Serum za za\u0161\u010dito pred cepljenjem konic, pove\u010duje gladkost dol\u017ein las in prepre\u010duje vozlanje las ter varuje lase pred izsu\u0161itvijo, s kombinacijo silikonov in inulina.<\/span><\/p>\n<div id=\"gtx-trans\" style=\"position: absolute;left: 427px;top: 40px\">\n<div class=\"gtx-trans-icon\"><\/div>\n<\/div>\n","protected":false},"featured_media":46209,"comment_status":"closed","ping_status":"closed","template":"","meta":{"_acf_changed":false},"product_brand":[],"product_cat":[30,386],"product_tag":[],"class_list":{"0":"post-483","1":"product","2":"type-product","3":"status-publish","4":"has-post-thumbnail","6":"product_cat-hair-care","7":"product_cat-hair-styling-acessories","9":"first","10":"instock","11":"taxable","12":"shipping-taxable","13":"purchasable","14":"product-type-simple"},"acf":[],"yoast_head":"<!-- This site is optimized with the Yoast SEO plugin v27.5 - https:\/\/yoast.com\/product\/yoast-seo-wordpress\/ -->\n<title>Serum za za\u0161\u010dito lasnih konic pred cepljenjem | Naturavit, zaupaj naravi<\/title>\n<meta name=\"description\" content=\"Naturavit serum za za\u0161\u010dito pred cepljenjem konic predstavlja aktivno za\u0161\u010dito za cepljene konice z inulinom, ki filmsko za\u0161\u010diti las. Odli\u010dna izbira za obremenjene lase.\" \/>\n<meta name=\"robots\" content=\"noindex, follow, max-snippet:-1, max-image-preview:large, max-video-preview:-1\" \/>\n<meta property=\"og:locale\" content=\"en_US\" \/>\n<meta property=\"og:type\" content=\"article\" \/>\n<meta property=\"og:title\" content=\"Serum za za\u0161\u010dito lasnih konic pred cepljenjem | Naturavit, zaupaj naravi\" \/>\n<meta property=\"og:description\" content=\"Naturavit serum za za\u0161\u010dito pred cepljenjem konic predstavlja aktivno za\u0161\u010dito za cepljene konice z inulinom, ki filmsko za\u0161\u010diti las. Odli\u010dna izbira za obremenjene lase.\" \/>\n<meta property=\"og:url\" content=\"https:\/\/naturavit.kodnes.eu\/en\/product\/naturavit-silikon-repair-protect\/\" \/>\n<meta property=\"og:site_name\" content=\"Naturavit\" \/>\n<meta property=\"article:publisher\" content=\"https:\/\/www.facebook.com\/naturavit\/\" \/>\n<meta property=\"article:modified_time\" content=\"2026-04-30T12:33:59+00:00\" \/>\n<meta property=\"og:image\" content=\"https:\/\/naturavit.kodnes.eu\/wp-content\/uploads\/2026\/03\/Naturavit_RepairProtect_JPEG.jpg\" \/>\n\t<meta property=\"og:image:width\" content=\"1200\" \/>\n\t<meta property=\"og:image:height\" content=\"1200\" \/>\n\t<meta property=\"og:image:type\" content=\"image\/jpeg\" \/>\n<meta name=\"twitter:card\" content=\"summary_large_image\" \/>\n<meta name=\"twitter:label1\" content=\"Est. reading time\" \/>\n\t<meta name=\"twitter:data1\" content=\"1 minute\" \/>\n<script type=\"application\/ld+json\" class=\"yoast-schema-graph\">{\"@context\":\"https:\\\/\\\/schema.org\",\"@graph\":[{\"@type\":\"WebPage\",\"@id\":\"https:\\\/\\\/naturavit.kodnes.eu\\\/en\\\/product\\\/naturavit-silikon-repair-protect\\\/\",\"url\":\"https:\\\/\\\/naturavit.kodnes.eu\\\/en\\\/product\\\/naturavit-silikon-repair-protect\\\/\",\"name\":\"Serum za za\u0161\u010dito lasnih konic pred cepljenjem | Naturavit, zaupaj naravi\",\"isPartOf\":{\"@id\":\"https:\\\/\\\/naturavit.kodnes.eu\\\/en\\\/#website\"},\"primaryImageOfPage\":{\"@id\":\"https:\\\/\\\/naturavit.kodnes.eu\\\/en\\\/product\\\/naturavit-silikon-repair-protect\\\/#primaryimage\"},\"image\":{\"@id\":\"https:\\\/\\\/naturavit.kodnes.eu\\\/en\\\/product\\\/naturavit-silikon-repair-protect\\\/#primaryimage\"},\"thumbnailUrl\":\"https:\\\/\\\/naturavit.kodnes.eu\\\/wp-content\\\/uploads\\\/2026\\\/03\\\/Naturavit_RepairProtect_JPEG.jpg\",\"datePublished\":\"2016-04-28T05:02:28+00:00\",\"dateModified\":\"2026-04-30T12:33:59+00:00\",\"description\":\"Naturavit serum za za\u0161\u010dito pred cepljenjem konic predstavlja aktivno za\u0161\u010dito za cepljene konice z inulinom, ki filmsko za\u0161\u010diti las. Odli\u010dna izbira za obremenjene lase.\",\"breadcrumb\":{\"@id\":\"https:\\\/\\\/naturavit.kodnes.eu\\\/en\\\/product\\\/naturavit-silikon-repair-protect\\\/#breadcrumb\"},\"inLanguage\":\"en-US\",\"potentialAction\":[{\"@type\":\"ReadAction\",\"target\":[\"https:\\\/\\\/naturavit.kodnes.eu\\\/en\\\/product\\\/naturavit-silikon-repair-protect\\\/\"]}]},{\"@type\":\"ImageObject\",\"inLanguage\":\"en-US\",\"@id\":\"https:\\\/\\\/naturavit.kodnes.eu\\\/en\\\/product\\\/naturavit-silikon-repair-protect\\\/#primaryimage\",\"url\":\"https:\\\/\\\/naturavit.kodnes.eu\\\/wp-content\\\/uploads\\\/2026\\\/03\\\/Naturavit_RepairProtect_JPEG.jpg\",\"contentUrl\":\"https:\\\/\\\/naturavit.kodnes.eu\\\/wp-content\\\/uploads\\\/2026\\\/03\\\/Naturavit_RepairProtect_JPEG.jpg\",\"width\":1200,\"height\":1200},{\"@type\":\"BreadcrumbList\",\"@id\":\"https:\\\/\\\/naturavit.kodnes.eu\\\/en\\\/product\\\/naturavit-silikon-repair-protect\\\/#breadcrumb\",\"itemListElement\":[{\"@type\":\"ListItem\",\"position\":1,\"name\":\"Home\",\"item\":\"https:\\\/\\\/naturavit.kodnes.eu\\\/en\\\/\"},{\"@type\":\"ListItem\",\"position\":2,\"name\":\"Shop\",\"item\":\"https:\\\/\\\/naturavit.kodnes.eu\\\/en\\\/shop\\\/\"},{\"@type\":\"ListItem\",\"position\":3,\"name\":\"Hair care\",\"item\":\"https:\\\/\\\/naturavit.kodnes.eu\\\/en\\\/product-category\\\/hair-care\\\/\"},{\"@type\":\"ListItem\",\"position\":4,\"name\":\"Hair Styling &amp; Acessories\",\"item\":\"https:\\\/\\\/naturavit.kodnes.eu\\\/en\\\/product-category\\\/hair-care\\\/hair-styling-acessories\\\/\"},{\"@type\":\"ListItem\",\"position\":5,\"name\":\"Serum za za\u0161\u010dito pred cepljenjem konic\"}]},{\"@type\":\"WebSite\",\"@id\":\"https:\\\/\\\/naturavit.kodnes.eu\\\/en\\\/#website\",\"url\":\"https:\\\/\\\/naturavit.kodnes.eu\\\/en\\\/\",\"name\":\"Naturavit\",\"description\":\"Naravna kozmetika\",\"publisher\":{\"@id\":\"https:\\\/\\\/naturavit.kodnes.eu\\\/en\\\/#organization\"},\"potentialAction\":[{\"@type\":\"SearchAction\",\"target\":{\"@type\":\"EntryPoint\",\"urlTemplate\":\"https:\\\/\\\/naturavit.kodnes.eu\\\/en\\\/?s={search_term_string}\"},\"query-input\":{\"@type\":\"PropertyValueSpecification\",\"valueRequired\":true,\"valueName\":\"search_term_string\"}}],\"inLanguage\":\"en-US\"},{\"@type\":\"Organization\",\"@id\":\"https:\\\/\\\/naturavit.kodnes.eu\\\/en\\\/#organization\",\"name\":\"Naturavit\",\"url\":\"https:\\\/\\\/naturavit.kodnes.eu\\\/en\\\/\",\"logo\":{\"@type\":\"ImageObject\",\"inLanguage\":\"en-US\",\"@id\":\"https:\\\/\\\/naturavit.kodnes.eu\\\/en\\\/#\\\/schema\\\/logo\\\/image\\\/\",\"url\":\"https:\\\/\\\/naturavit.kodnes.eu\\\/wp-content\\\/uploads\\\/2021\\\/09\\\/116564984_3484379328307111_1830779139888479808_o.png\",\"contentUrl\":\"https:\\\/\\\/naturavit.kodnes.eu\\\/wp-content\\\/uploads\\\/2021\\\/09\\\/116564984_3484379328307111_1830779139888479808_o.png\",\"width\":1079,\"height\":1079,\"caption\":\"Naturavit\"},\"image\":{\"@id\":\"https:\\\/\\\/naturavit.kodnes.eu\\\/en\\\/#\\\/schema\\\/logo\\\/image\\\/\"},\"sameAs\":[\"https:\\\/\\\/www.facebook.com\\\/naturavit\\\/\"]}]}<\/script>\n<!-- \/ Yoast SEO plugin. -->","yoast_head_json":{"title":"Serum za za\u0161\u010dito lasnih konic pred cepljenjem | Naturavit, zaupaj naravi","description":"Naturavit serum za za\u0161\u010dito pred cepljenjem konic predstavlja aktivno za\u0161\u010dito za cepljene konice z inulinom, ki filmsko za\u0161\u010diti las. Odli\u010dna izbira za obremenjene lase.","robots":{"index":"noindex","follow":"follow","max-snippet":"max-snippet:-1","max-image-preview":"max-image-preview:large","max-video-preview":"max-video-preview:-1"},"og_locale":"en_US","og_type":"article","og_title":"Serum za za\u0161\u010dito lasnih konic pred cepljenjem | Naturavit, zaupaj naravi","og_description":"Naturavit serum za za\u0161\u010dito pred cepljenjem konic predstavlja aktivno za\u0161\u010dito za cepljene konice z inulinom, ki filmsko za\u0161\u010diti las. Odli\u010dna izbira za obremenjene lase.","og_url":"https:\/\/naturavit.kodnes.eu\/en\/product\/naturavit-silikon-repair-protect\/","og_site_name":"Naturavit","article_publisher":"https:\/\/www.facebook.com\/naturavit\/","article_modified_time":"2026-04-30T12:33:59+00:00","og_image":[{"width":1200,"height":1200,"url":"https:\/\/naturavit.kodnes.eu\/wp-content\/uploads\/2026\/03\/Naturavit_RepairProtect_JPEG.jpg","type":"image\/jpeg"}],"twitter_card":"summary_large_image","twitter_misc":{"Est. reading time":"1 minute"},"schema":{"@context":"https:\/\/schema.org","@graph":[{"@type":"WebPage","@id":"https:\/\/naturavit.kodnes.eu\/en\/product\/naturavit-silikon-repair-protect\/","url":"https:\/\/naturavit.kodnes.eu\/en\/product\/naturavit-silikon-repair-protect\/","name":"Serum za za\u0161\u010dito lasnih konic pred cepljenjem | Naturavit, zaupaj naravi","isPartOf":{"@id":"https:\/\/naturavit.kodnes.eu\/en\/#website"},"primaryImageOfPage":{"@id":"https:\/\/naturavit.kodnes.eu\/en\/product\/naturavit-silikon-repair-protect\/#primaryimage"},"image":{"@id":"https:\/\/naturavit.kodnes.eu\/en\/product\/naturavit-silikon-repair-protect\/#primaryimage"},"thumbnailUrl":"https:\/\/naturavit.kodnes.eu\/wp-content\/uploads\/2026\/03\/Naturavit_RepairProtect_JPEG.jpg","datePublished":"2016-04-28T05:02:28+00:00","dateModified":"2026-04-30T12:33:59+00:00","description":"Naturavit serum za za\u0161\u010dito pred cepljenjem konic predstavlja aktivno za\u0161\u010dito za cepljene konice z inulinom, ki filmsko za\u0161\u010diti las. Odli\u010dna izbira za obremenjene lase.","breadcrumb":{"@id":"https:\/\/naturavit.kodnes.eu\/en\/product\/naturavit-silikon-repair-protect\/#breadcrumb"},"inLanguage":"en-US","potentialAction":[{"@type":"ReadAction","target":["https:\/\/naturavit.kodnes.eu\/en\/product\/naturavit-silikon-repair-protect\/"]}]},{"@type":"ImageObject","inLanguage":"en-US","@id":"https:\/\/naturavit.kodnes.eu\/en\/product\/naturavit-silikon-repair-protect\/#primaryimage","url":"https:\/\/naturavit.kodnes.eu\/wp-content\/uploads\/2026\/03\/Naturavit_RepairProtect_JPEG.jpg","contentUrl":"https:\/\/naturavit.kodnes.eu\/wp-content\/uploads\/2026\/03\/Naturavit_RepairProtect_JPEG.jpg","width":1200,"height":1200},{"@type":"BreadcrumbList","@id":"https:\/\/naturavit.kodnes.eu\/en\/product\/naturavit-silikon-repair-protect\/#breadcrumb","itemListElement":[{"@type":"ListItem","position":1,"name":"Home","item":"https:\/\/naturavit.kodnes.eu\/en\/"},{"@type":"ListItem","position":2,"name":"Shop","item":"https:\/\/naturavit.kodnes.eu\/en\/shop\/"},{"@type":"ListItem","position":3,"name":"Hair care","item":"https:\/\/naturavit.kodnes.eu\/en\/product-category\/hair-care\/"},{"@type":"ListItem","position":4,"name":"Hair Styling &amp; Acessories","item":"https:\/\/naturavit.kodnes.eu\/en\/product-category\/hair-care\/hair-styling-acessories\/"},{"@type":"ListItem","position":5,"name":"Serum za za\u0161\u010dito pred cepljenjem konic"}]},{"@type":"WebSite","@id":"https:\/\/naturavit.kodnes.eu\/en\/#website","url":"https:\/\/naturavit.kodnes.eu\/en\/","name":"Naturavit","description":"Naravna kozmetika","publisher":{"@id":"https:\/\/naturavit.kodnes.eu\/en\/#organization"},"potentialAction":[{"@type":"SearchAction","target":{"@type":"EntryPoint","urlTemplate":"https:\/\/naturavit.kodnes.eu\/en\/?s={search_term_string}"},"query-input":{"@type":"PropertyValueSpecification","valueRequired":true,"valueName":"search_term_string"}}],"inLanguage":"en-US"},{"@type":"Organization","@id":"https:\/\/naturavit.kodnes.eu\/en\/#organization","name":"Naturavit","url":"https:\/\/naturavit.kodnes.eu\/en\/","logo":{"@type":"ImageObject","inLanguage":"en-US","@id":"https:\/\/naturavit.kodnes.eu\/en\/#\/schema\/logo\/image\/","url":"https:\/\/naturavit.kodnes.eu\/wp-content\/uploads\/2021\/09\/116564984_3484379328307111_1830779139888479808_o.png","contentUrl":"https:\/\/naturavit.kodnes.eu\/wp-content\/uploads\/2021\/09\/116564984_3484379328307111_1830779139888479808_o.png","width":1079,"height":1079,"caption":"Naturavit"},"image":{"@id":"https:\/\/naturavit.kodnes.eu\/en\/#\/schema\/logo\/image\/"},"sameAs":["https:\/\/www.facebook.com\/naturavit\/"]}]}},"_links":{"self":[{"href":"https:\/\/naturavit.kodnes.eu\/en\/wp-json\/wp\/v2\/product\/483","targetHints":{"allow":["GET"]}}],"collection":[{"href":"https:\/\/naturavit.kodnes.eu\/en\/wp-json\/wp\/v2\/product"}],"about":[{"href":"https:\/\/naturavit.kodnes.eu\/en\/wp-json\/wp\/v2\/types\/product"}],"replies":[{"embeddable":true,"href":"https:\/\/naturavit.kodnes.eu\/en\/wp-json\/wp\/v2\/comments?post=483"}],"wp:featuredmedia":[{"embeddable":true,"href":"https:\/\/naturavit.kodnes.eu\/en\/wp-json\/wp\/v2\/media\/46209"}],"wp:attachment":[{"href":"https:\/\/naturavit.kodnes.eu\/en\/wp-json\/wp\/v2\/media?parent=483"}],"wp:term":[{"taxonomy":"product_brand","embeddable":true,"href":"https:\/\/naturavit.kodnes.eu\/en\/wp-json\/wp\/v2\/product_brand?post=483"},{"taxonomy":"product_cat","embeddable":true,"href":"https:\/\/naturavit.kodnes.eu\/en\/wp-json\/wp\/v2\/product_cat?post=483"},{"taxonomy":"product_tag","embeddable":true,"href":"https:\/\/naturavit.kodnes.eu\/en\/wp-json\/wp\/v2\/product_tag?post=483"}],"curies":[{"name":"wp","href":"https:\/\/api.w.org\/{rel}","templated":true}]}}