{"id":48171,"date":"2022-12-07T19:14:20","date_gmt":"2022-12-07T18:14:20","guid":{"rendered":"https:\/\/naturavit.kodnes.eu\/izdelek\/massag-brush-naturavit\/"},"modified":"2026-04-30T14:33:58","modified_gmt":"2026-04-30T12:33:58","slug":"massag-brush-naturavit","status":"publish","type":"product","link":"https:\/\/naturavit.kodnes.eu\/en\/product\/massag-brush-naturavit\/","title":{"rendered":"Massage Shampoo Brush silikonska krta\u010da za masa\u017eo lasi\u0161\u010da"},"content":{"rendered":"","protected":false},"excerpt":{"rendered":"<p><span data-sheets-root=\"1\">Inovativna krta\u010da z mehkimi silikonskimi \u0161\u010detinami, zasnovana za globinsko \u010di\u0161\u010denje lasi\u0161\u010da in spro\u0161\u010dujo\u010do masa\u017eo.<br \/>\n<\/span><\/p>\n","protected":false},"featured_media":48175,"comment_status":"closed","ping_status":"closed","template":"","meta":{"_acf_changed":false},"product_brand":[],"product_cat":[30,386,403],"product_tag":[],"class_list":{"0":"post-48171","1":"product","2":"type-product","3":"status-publish","4":"has-post-thumbnail","6":"product_cat-hair-care","7":"product_cat-hair-styling-acessories","8":"product_cat-rosemary-collection","10":"first","11":"instock","12":"taxable","13":"shipping-taxable","14":"purchasable","15":"product-type-simple"},"acf":[],"yoast_head":"<!-- This site is optimized with the Yoast SEO plugin v27.5 - https:\/\/yoast.com\/product\/yoast-seo-wordpress\/ -->\n<title>Massage Shampoo Brush silikonska krta\u010da za masa\u017eo lasi\u0161\u010da | Naturavit<\/title>\n<meta name=\"description\" content=\"Silikonska masa\u017ena krta\u010da za lasi\u0161\u010de, ki spodbuja rast las, izbolj\u0161uje cirkulacijo in o\u010disti lasi\u0161\u010de. Ne\u017ena, u\u010dinkovita in primerna za vse tipe las.\" \/>\n<meta name=\"robots\" content=\"noindex, follow, max-snippet:-1, max-image-preview:large, max-video-preview:-1\" \/>\n<meta property=\"og:locale\" content=\"en_US\" \/>\n<meta property=\"og:type\" content=\"article\" \/>\n<meta property=\"og:title\" content=\"Massage Shampoo Brush silikonska krta\u010da za masa\u017eo lasi\u0161\u010da | Naturavit\" \/>\n<meta property=\"og:description\" content=\"Silikonska masa\u017ena krta\u010da za lasi\u0161\u010de, ki spodbuja rast las, izbolj\u0161uje cirkulacijo in o\u010disti lasi\u0161\u010de. Ne\u017ena, u\u010dinkovita in primerna za vse tipe las.\" \/>\n<meta property=\"og:url\" content=\"https:\/\/naturavit.kodnes.eu\/en\/product\/massag-brush-naturavit\/\" \/>\n<meta property=\"og:site_name\" content=\"Naturavit\" \/>\n<meta property=\"article:publisher\" content=\"https:\/\/www.facebook.com\/naturavit\/\" \/>\n<meta property=\"article:modified_time\" content=\"2026-04-30T12:33:58+00:00\" \/>\n<meta property=\"og:image\" content=\"https:\/\/naturavit.kodnes.eu\/wp-content\/uploads\/2026\/03\/Respect_Hair_Massager_WHITE_JPEG.jpg\" \/>\n\t<meta property=\"og:image:width\" content=\"2048\" \/>\n\t<meta property=\"og:image:height\" content=\"1365\" \/>\n\t<meta property=\"og:image:type\" content=\"image\/jpeg\" \/>\n<meta name=\"twitter:card\" content=\"summary_large_image\" \/>\n<script type=\"application\/ld+json\" class=\"yoast-schema-graph\">{\"@context\":\"https:\\\/\\\/schema.org\",\"@graph\":[{\"@type\":\"WebPage\",\"@id\":\"https:\\\/\\\/naturavit.kodnes.eu\\\/en\\\/product\\\/massag-brush-naturavit\\\/\",\"url\":\"https:\\\/\\\/naturavit.kodnes.eu\\\/en\\\/product\\\/massag-brush-naturavit\\\/\",\"name\":\"Massage Shampoo Brush silikonska krta\u010da za masa\u017eo lasi\u0161\u010da | Naturavit\",\"isPartOf\":{\"@id\":\"https:\\\/\\\/naturavit.kodnes.eu\\\/en\\\/#website\"},\"primaryImageOfPage\":{\"@id\":\"https:\\\/\\\/naturavit.kodnes.eu\\\/en\\\/product\\\/massag-brush-naturavit\\\/#primaryimage\"},\"image\":{\"@id\":\"https:\\\/\\\/naturavit.kodnes.eu\\\/en\\\/product\\\/massag-brush-naturavit\\\/#primaryimage\"},\"thumbnailUrl\":\"https:\\\/\\\/naturavit.kodnes.eu\\\/wp-content\\\/uploads\\\/2026\\\/03\\\/Respect_Hair_Massager_WHITE_JPEG.jpg\",\"datePublished\":\"2022-12-07T18:14:20+00:00\",\"dateModified\":\"2026-04-30T12:33:58+00:00\",\"description\":\"Silikonska masa\u017ena krta\u010da za lasi\u0161\u010de, ki spodbuja rast las, izbolj\u0161uje cirkulacijo in o\u010disti lasi\u0161\u010de. Ne\u017ena, u\u010dinkovita in primerna za vse tipe las.\",\"breadcrumb\":{\"@id\":\"https:\\\/\\\/naturavit.kodnes.eu\\\/en\\\/product\\\/massag-brush-naturavit\\\/#breadcrumb\"},\"inLanguage\":\"en-US\",\"potentialAction\":[{\"@type\":\"ReadAction\",\"target\":[\"https:\\\/\\\/naturavit.kodnes.eu\\\/en\\\/product\\\/massag-brush-naturavit\\\/\"]}]},{\"@type\":\"ImageObject\",\"inLanguage\":\"en-US\",\"@id\":\"https:\\\/\\\/naturavit.kodnes.eu\\\/en\\\/product\\\/massag-brush-naturavit\\\/#primaryimage\",\"url\":\"https:\\\/\\\/naturavit.kodnes.eu\\\/wp-content\\\/uploads\\\/2026\\\/03\\\/Respect_Hair_Massager_WHITE_JPEG.jpg\",\"contentUrl\":\"https:\\\/\\\/naturavit.kodnes.eu\\\/wp-content\\\/uploads\\\/2026\\\/03\\\/Respect_Hair_Massager_WHITE_JPEG.jpg\",\"width\":2048,\"height\":1365},{\"@type\":\"BreadcrumbList\",\"@id\":\"https:\\\/\\\/naturavit.kodnes.eu\\\/en\\\/product\\\/massag-brush-naturavit\\\/#breadcrumb\",\"itemListElement\":[{\"@type\":\"ListItem\",\"position\":1,\"name\":\"Home\",\"item\":\"https:\\\/\\\/naturavit.kodnes.eu\\\/en\\\/\"},{\"@type\":\"ListItem\",\"position\":2,\"name\":\"Shop\",\"item\":\"https:\\\/\\\/naturavit.kodnes.eu\\\/en\\\/shop\\\/\"},{\"@type\":\"ListItem\",\"position\":3,\"name\":\"Hair care\",\"item\":\"https:\\\/\\\/naturavit.kodnes.eu\\\/en\\\/product-category\\\/hair-care\\\/\"},{\"@type\":\"ListItem\",\"position\":4,\"name\":\"Hair Styling &amp; Acessories\",\"item\":\"https:\\\/\\\/naturavit.kodnes.eu\\\/en\\\/product-category\\\/hair-care\\\/hair-styling-acessories\\\/\"},{\"@type\":\"ListItem\",\"position\":5,\"name\":\"Massage Shampoo Brush silikonska krta\u010da za masa\u017eo lasi\u0161\u010da\"}]},{\"@type\":\"WebSite\",\"@id\":\"https:\\\/\\\/naturavit.kodnes.eu\\\/en\\\/#website\",\"url\":\"https:\\\/\\\/naturavit.kodnes.eu\\\/en\\\/\",\"name\":\"Naturavit\",\"description\":\"Naravna kozmetika\",\"publisher\":{\"@id\":\"https:\\\/\\\/naturavit.kodnes.eu\\\/en\\\/#organization\"},\"potentialAction\":[{\"@type\":\"SearchAction\",\"target\":{\"@type\":\"EntryPoint\",\"urlTemplate\":\"https:\\\/\\\/naturavit.kodnes.eu\\\/en\\\/?s={search_term_string}\"},\"query-input\":{\"@type\":\"PropertyValueSpecification\",\"valueRequired\":true,\"valueName\":\"search_term_string\"}}],\"inLanguage\":\"en-US\"},{\"@type\":\"Organization\",\"@id\":\"https:\\\/\\\/naturavit.kodnes.eu\\\/en\\\/#organization\",\"name\":\"Naturavit\",\"url\":\"https:\\\/\\\/naturavit.kodnes.eu\\\/en\\\/\",\"logo\":{\"@type\":\"ImageObject\",\"inLanguage\":\"en-US\",\"@id\":\"https:\\\/\\\/naturavit.kodnes.eu\\\/en\\\/#\\\/schema\\\/logo\\\/image\\\/\",\"url\":\"https:\\\/\\\/naturavit.kodnes.eu\\\/wp-content\\\/uploads\\\/2021\\\/09\\\/116564984_3484379328307111_1830779139888479808_o.png\",\"contentUrl\":\"https:\\\/\\\/naturavit.kodnes.eu\\\/wp-content\\\/uploads\\\/2021\\\/09\\\/116564984_3484379328307111_1830779139888479808_o.png\",\"width\":1079,\"height\":1079,\"caption\":\"Naturavit\"},\"image\":{\"@id\":\"https:\\\/\\\/naturavit.kodnes.eu\\\/en\\\/#\\\/schema\\\/logo\\\/image\\\/\"},\"sameAs\":[\"https:\\\/\\\/www.facebook.com\\\/naturavit\\\/\"]}]}<\/script>\n<!-- \/ Yoast SEO plugin. -->","yoast_head_json":{"title":"Massage Shampoo Brush silikonska krta\u010da za masa\u017eo lasi\u0161\u010da | Naturavit","description":"Silikonska masa\u017ena krta\u010da za lasi\u0161\u010de, ki spodbuja rast las, izbolj\u0161uje cirkulacijo in o\u010disti lasi\u0161\u010de. Ne\u017ena, u\u010dinkovita in primerna za vse tipe las.","robots":{"index":"noindex","follow":"follow","max-snippet":"max-snippet:-1","max-image-preview":"max-image-preview:large","max-video-preview":"max-video-preview:-1"},"og_locale":"en_US","og_type":"article","og_title":"Massage Shampoo Brush silikonska krta\u010da za masa\u017eo lasi\u0161\u010da | Naturavit","og_description":"Silikonska masa\u017ena krta\u010da za lasi\u0161\u010de, ki spodbuja rast las, izbolj\u0161uje cirkulacijo in o\u010disti lasi\u0161\u010de. Ne\u017ena, u\u010dinkovita in primerna za vse tipe las.","og_url":"https:\/\/naturavit.kodnes.eu\/en\/product\/massag-brush-naturavit\/","og_site_name":"Naturavit","article_publisher":"https:\/\/www.facebook.com\/naturavit\/","article_modified_time":"2026-04-30T12:33:58+00:00","og_image":[{"width":2048,"height":1365,"url":"https:\/\/naturavit.kodnes.eu\/wp-content\/uploads\/2026\/03\/Respect_Hair_Massager_WHITE_JPEG.jpg","type":"image\/jpeg"}],"twitter_card":"summary_large_image","schema":{"@context":"https:\/\/schema.org","@graph":[{"@type":"WebPage","@id":"https:\/\/naturavit.kodnes.eu\/en\/product\/massag-brush-naturavit\/","url":"https:\/\/naturavit.kodnes.eu\/en\/product\/massag-brush-naturavit\/","name":"Massage Shampoo Brush silikonska krta\u010da za masa\u017eo lasi\u0161\u010da | Naturavit","isPartOf":{"@id":"https:\/\/naturavit.kodnes.eu\/en\/#website"},"primaryImageOfPage":{"@id":"https:\/\/naturavit.kodnes.eu\/en\/product\/massag-brush-naturavit\/#primaryimage"},"image":{"@id":"https:\/\/naturavit.kodnes.eu\/en\/product\/massag-brush-naturavit\/#primaryimage"},"thumbnailUrl":"https:\/\/naturavit.kodnes.eu\/wp-content\/uploads\/2026\/03\/Respect_Hair_Massager_WHITE_JPEG.jpg","datePublished":"2022-12-07T18:14:20+00:00","dateModified":"2026-04-30T12:33:58+00:00","description":"Silikonska masa\u017ena krta\u010da za lasi\u0161\u010de, ki spodbuja rast las, izbolj\u0161uje cirkulacijo in o\u010disti lasi\u0161\u010de. Ne\u017ena, u\u010dinkovita in primerna za vse tipe las.","breadcrumb":{"@id":"https:\/\/naturavit.kodnes.eu\/en\/product\/massag-brush-naturavit\/#breadcrumb"},"inLanguage":"en-US","potentialAction":[{"@type":"ReadAction","target":["https:\/\/naturavit.kodnes.eu\/en\/product\/massag-brush-naturavit\/"]}]},{"@type":"ImageObject","inLanguage":"en-US","@id":"https:\/\/naturavit.kodnes.eu\/en\/product\/massag-brush-naturavit\/#primaryimage","url":"https:\/\/naturavit.kodnes.eu\/wp-content\/uploads\/2026\/03\/Respect_Hair_Massager_WHITE_JPEG.jpg","contentUrl":"https:\/\/naturavit.kodnes.eu\/wp-content\/uploads\/2026\/03\/Respect_Hair_Massager_WHITE_JPEG.jpg","width":2048,"height":1365},{"@type":"BreadcrumbList","@id":"https:\/\/naturavit.kodnes.eu\/en\/product\/massag-brush-naturavit\/#breadcrumb","itemListElement":[{"@type":"ListItem","position":1,"name":"Home","item":"https:\/\/naturavit.kodnes.eu\/en\/"},{"@type":"ListItem","position":2,"name":"Shop","item":"https:\/\/naturavit.kodnes.eu\/en\/shop\/"},{"@type":"ListItem","position":3,"name":"Hair care","item":"https:\/\/naturavit.kodnes.eu\/en\/product-category\/hair-care\/"},{"@type":"ListItem","position":4,"name":"Hair Styling &amp; Acessories","item":"https:\/\/naturavit.kodnes.eu\/en\/product-category\/hair-care\/hair-styling-acessories\/"},{"@type":"ListItem","position":5,"name":"Massage Shampoo Brush silikonska krta\u010da za masa\u017eo lasi\u0161\u010da"}]},{"@type":"WebSite","@id":"https:\/\/naturavit.kodnes.eu\/en\/#website","url":"https:\/\/naturavit.kodnes.eu\/en\/","name":"Naturavit","description":"Naravna kozmetika","publisher":{"@id":"https:\/\/naturavit.kodnes.eu\/en\/#organization"},"potentialAction":[{"@type":"SearchAction","target":{"@type":"EntryPoint","urlTemplate":"https:\/\/naturavit.kodnes.eu\/en\/?s={search_term_string}"},"query-input":{"@type":"PropertyValueSpecification","valueRequired":true,"valueName":"search_term_string"}}],"inLanguage":"en-US"},{"@type":"Organization","@id":"https:\/\/naturavit.kodnes.eu\/en\/#organization","name":"Naturavit","url":"https:\/\/naturavit.kodnes.eu\/en\/","logo":{"@type":"ImageObject","inLanguage":"en-US","@id":"https:\/\/naturavit.kodnes.eu\/en\/#\/schema\/logo\/image\/","url":"https:\/\/naturavit.kodnes.eu\/wp-content\/uploads\/2021\/09\/116564984_3484379328307111_1830779139888479808_o.png","contentUrl":"https:\/\/naturavit.kodnes.eu\/wp-content\/uploads\/2021\/09\/116564984_3484379328307111_1830779139888479808_o.png","width":1079,"height":1079,"caption":"Naturavit"},"image":{"@id":"https:\/\/naturavit.kodnes.eu\/en\/#\/schema\/logo\/image\/"},"sameAs":["https:\/\/www.facebook.com\/naturavit\/"]}]}},"_links":{"self":[{"href":"https:\/\/naturavit.kodnes.eu\/en\/wp-json\/wp\/v2\/product\/48171","targetHints":{"allow":["GET"]}}],"collection":[{"href":"https:\/\/naturavit.kodnes.eu\/en\/wp-json\/wp\/v2\/product"}],"about":[{"href":"https:\/\/naturavit.kodnes.eu\/en\/wp-json\/wp\/v2\/types\/product"}],"replies":[{"embeddable":true,"href":"https:\/\/naturavit.kodnes.eu\/en\/wp-json\/wp\/v2\/comments?post=48171"}],"wp:featuredmedia":[{"embeddable":true,"href":"https:\/\/naturavit.kodnes.eu\/en\/wp-json\/wp\/v2\/media\/48175"}],"wp:attachment":[{"href":"https:\/\/naturavit.kodnes.eu\/en\/wp-json\/wp\/v2\/media?parent=48171"}],"wp:term":[{"taxonomy":"product_brand","embeddable":true,"href":"https:\/\/naturavit.kodnes.eu\/en\/wp-json\/wp\/v2\/product_brand?post=48171"},{"taxonomy":"product_cat","embeddable":true,"href":"https:\/\/naturavit.kodnes.eu\/en\/wp-json\/wp\/v2\/product_cat?post=48171"},{"taxonomy":"product_tag","embeddable":true,"href":"https:\/\/naturavit.kodnes.eu\/en\/wp-json\/wp\/v2\/product_tag?post=48171"}],"curies":[{"name":"wp","href":"https:\/\/api.w.org\/{rel}","templated":true}]}}