{"id":48106,"date":"2023-11-24T12:47:12","date_gmt":"2023-11-24T11:47:12","guid":{"rendered":"https:\/\/naturavit.kodnes.eu\/izdelek\/etericno-olje-lazje-zadihaj\/"},"modified":"2026-04-30T14:33:57","modified_gmt":"2026-04-30T12:33:57","slug":"etericno-olje-lazje-zadihaj","status":"publish","type":"product","link":"https:\/\/naturavit.kodnes.eu\/en\/product\/etericno-olje-lazje-zadihaj\/","title":{"rendered":"Eteri\u010dno olje la\u017eje zadihaj"},"content":{"rendered":"<p>Zakaj izbrati na\u0161o Eteri\u010dno me\u0161anico:<\/p>\n<ul>\n<li>Aromati\u010dni Bor:<br \/>\nVonj borovega olja prina\u0161a zemeljsko toplino in pomirjujo\u010d ob\u010dutek gozda, ustvarjajo\u010d ob\u010dutek miru in povezanosti z naravo.<\/li>\n<li>Osve\u017eujo\u010da Srebrna Jelka:<br \/>\nSrebrna jelka s svojo sve\u017eino dviguje energijo in prina\u0161a v prostor izjemno \u010dist in osve\u017eujo\u010d vonj, ki po\u017eivi va\u0161e \u010dute.<\/li>\n<li>Evkalipt za \u010diste dihalnih poti:<br \/>\nEvkaliptovo olje prispeva k \u010di\u0161enju dihalnih poti in ustvarja sve\u017eino, ki pomaga osve\u017eiti zrak v va\u0161em domu.<\/li>\n<li>Sprostitev in Umirjanje:<br \/>\nMe\u0161anica borovca, srebrne jelke in evkalipta zdru\u017euje pomirjujo\u010de lastnosti, ki pomagajo sprostiti napetost in ustvariti umirjeno okolje.<\/li>\n<li>Difuzor ali Masa\u017eno Olje:<br \/>\nUporabite me\u0161anico v svojem difuzorju za nenehen vonj po gozdu ali dodajte nekaj kapljic v masa\u017eno olje za \u010dudovito aromaterapevtsko izku\u0161njo.<\/li>\n<li>Brez\u010dasna Povezava z Naravo:<br \/>\nTa me\u0161anica predstavlja brez\u010dasno povezavo z naravo, ki bo va\u0161 dom napolnila s sve\u017eino, \u010distostjo in enostavnostjo gozdnega okolja.<\/li>\n<\/ul>\n<p><strong>Opozorila:<\/strong> \u010ce je potreben zdravni\u0161ki posvet, mora bit na voljo posoda ali etiketa proizvoda. Hraniti zunaj dosega otrok. Pred uporabo preberite etiketo. Zau\u017eitje ali vstop v dihalne poti je lahko smrten. Lahko povzro\u010di alergijski odziv ko\u017ee. Pri zau\u017eitju takoj pokli\u010dite Center za zastrupitve ali zdravnika. Ne izzvati bruhanja. Pri stiku s ko\u017eo umiti z veliko mila in vode. \u010ce nastopi dra\u017eenje ko\u017ee ali se pojavi izpu\u0161\u010daj: poi\u0161\u010dite zdravni\u0161ko oskrbo. Odstraniti vsebino\/posodo v skladu z lokalnimi uredbami.<\/p>\n","protected":false},"excerpt":{"rendered":"<p>Naturavit me\u0161anica eteri\u010dnih olj La\u017eje zadihaj je 100 % eteri\u010dna me\u0161anica olj bora, srebrne jelke in evkalipta. Naturavit eteri\u010dno olje lahko uporabite za aromaterapijo, odi\u0161avljenje prostorov, za kopeli ali masa\u017ee.<\/p>\n<p>Me\u0161anica je bila ustvarjena s strani certificirane aromaterapevtke.<\/p>\n<p>10 ml<\/p>\n","protected":false},"featured_media":48107,"comment_status":"closed","ping_status":"closed","template":"","meta":{"_acf_changed":false},"product_brand":[],"product_cat":[55,393],"product_tag":[],"class_list":{"0":"post-48106","1":"product","2":"type-product","3":"status-publish","4":"has-post-thumbnail","6":"product_cat-essential-oils","7":"product_cat-fragrances","9":"first","10":"outofstock","11":"taxable","12":"shipping-taxable","13":"purchasable","14":"product-type-simple"},"acf":[],"yoast_head":"<!-- This site is optimized with the Yoast SEO plugin v27.5 - https:\/\/yoast.com\/product\/yoast-seo-wordpress\/ -->\n<title>Eteri\u010dno olje la\u017eje zadihaj | Naturavit<\/title>\n<meta name=\"robots\" content=\"noindex, follow, max-snippet:-1, max-image-preview:large, max-video-preview:-1\" \/>\n<meta property=\"og:locale\" content=\"en_US\" \/>\n<meta property=\"og:type\" content=\"article\" \/>\n<meta property=\"og:title\" content=\"Eteri\u010dno olje la\u017eje zadihaj | Naturavit\" \/>\n<meta property=\"og:description\" content=\"Naturavit me\u0161anica eteri\u010dnih olj La\u017eje zadihaj je 100 % eteri\u010dna me\u0161anica olj bora, srebrne jelke in evkalipta. Naturavit eteri\u010dno olje lahko uporabite za aromaterapijo, odi\u0161avljenje prostorov, za kopeli ali masa\u017ee. Me\u0161anica je bila ustvarjena s strani certificirane aromaterapevtke. 10 ml\" \/>\n<meta property=\"og:url\" content=\"https:\/\/naturavit.kodnes.eu\/en\/product\/etericno-olje-lazje-zadihaj\/\" \/>\n<meta property=\"og:site_name\" content=\"Naturavit\" \/>\n<meta property=\"article:publisher\" content=\"https:\/\/www.facebook.com\/naturavit\/\" \/>\n<meta property=\"article:modified_time\" content=\"2026-04-30T12:33:57+00:00\" \/>\n<meta property=\"og:image\" content=\"https:\/\/naturavit.kodnes.eu\/wp-content\/uploads\/2026\/03\/Etericna_LazjeZadihaj.jpg\" \/>\n\t<meta property=\"og:image:width\" content=\"2048\" \/>\n\t<meta property=\"og:image:height\" content=\"2048\" \/>\n\t<meta property=\"og:image:type\" content=\"image\/jpeg\" \/>\n<meta name=\"twitter:card\" content=\"summary_large_image\" \/>\n<meta name=\"twitter:label1\" content=\"Est. reading time\" \/>\n\t<meta name=\"twitter:data1\" content=\"1 minute\" \/>\n<script type=\"application\/ld+json\" class=\"yoast-schema-graph\">{\"@context\":\"https:\\\/\\\/schema.org\",\"@graph\":[{\"@type\":\"WebPage\",\"@id\":\"https:\\\/\\\/naturavit.kodnes.eu\\\/en\\\/product\\\/etericno-olje-lazje-zadihaj\\\/\",\"url\":\"https:\\\/\\\/naturavit.kodnes.eu\\\/en\\\/product\\\/etericno-olje-lazje-zadihaj\\\/\",\"name\":\"Eteri\u010dno olje la\u017eje zadihaj | Naturavit\",\"isPartOf\":{\"@id\":\"https:\\\/\\\/naturavit.kodnes.eu\\\/en\\\/#website\"},\"primaryImageOfPage\":{\"@id\":\"https:\\\/\\\/naturavit.kodnes.eu\\\/en\\\/product\\\/etericno-olje-lazje-zadihaj\\\/#primaryimage\"},\"image\":{\"@id\":\"https:\\\/\\\/naturavit.kodnes.eu\\\/en\\\/product\\\/etericno-olje-lazje-zadihaj\\\/#primaryimage\"},\"thumbnailUrl\":\"https:\\\/\\\/naturavit.kodnes.eu\\\/wp-content\\\/uploads\\\/2026\\\/03\\\/Etericna_LazjeZadihaj.jpg\",\"datePublished\":\"2023-11-24T11:47:12+00:00\",\"dateModified\":\"2026-04-30T12:33:57+00:00\",\"breadcrumb\":{\"@id\":\"https:\\\/\\\/naturavit.kodnes.eu\\\/en\\\/product\\\/etericno-olje-lazje-zadihaj\\\/#breadcrumb\"},\"inLanguage\":\"en-US\",\"potentialAction\":[{\"@type\":\"ReadAction\",\"target\":[\"https:\\\/\\\/naturavit.kodnes.eu\\\/en\\\/product\\\/etericno-olje-lazje-zadihaj\\\/\"]}]},{\"@type\":\"ImageObject\",\"inLanguage\":\"en-US\",\"@id\":\"https:\\\/\\\/naturavit.kodnes.eu\\\/en\\\/product\\\/etericno-olje-lazje-zadihaj\\\/#primaryimage\",\"url\":\"https:\\\/\\\/naturavit.kodnes.eu\\\/wp-content\\\/uploads\\\/2026\\\/03\\\/Etericna_LazjeZadihaj.jpg\",\"contentUrl\":\"https:\\\/\\\/naturavit.kodnes.eu\\\/wp-content\\\/uploads\\\/2026\\\/03\\\/Etericna_LazjeZadihaj.jpg\",\"width\":2048,\"height\":2048},{\"@type\":\"BreadcrumbList\",\"@id\":\"https:\\\/\\\/naturavit.kodnes.eu\\\/en\\\/product\\\/etericno-olje-lazje-zadihaj\\\/#breadcrumb\",\"itemListElement\":[{\"@type\":\"ListItem\",\"position\":1,\"name\":\"Home\",\"item\":\"https:\\\/\\\/naturavit.kodnes.eu\\\/en\\\/\"},{\"@type\":\"ListItem\",\"position\":2,\"name\":\"Shop\",\"item\":\"https:\\\/\\\/naturavit.kodnes.eu\\\/en\\\/shop\\\/\"},{\"@type\":\"ListItem\",\"position\":3,\"name\":\"Fragrances\",\"item\":\"https:\\\/\\\/naturavit.kodnes.eu\\\/en\\\/product-category\\\/fragrances\\\/\"},{\"@type\":\"ListItem\",\"position\":4,\"name\":\"Essential oils\",\"item\":\"https:\\\/\\\/naturavit.kodnes.eu\\\/en\\\/product-category\\\/fragrances\\\/essential-oils\\\/\"},{\"@type\":\"ListItem\",\"position\":5,\"name\":\"Eteri\u010dno olje la\u017eje zadihaj\"}]},{\"@type\":\"WebSite\",\"@id\":\"https:\\\/\\\/naturavit.kodnes.eu\\\/en\\\/#website\",\"url\":\"https:\\\/\\\/naturavit.kodnes.eu\\\/en\\\/\",\"name\":\"Naturavit\",\"description\":\"Naravna kozmetika\",\"publisher\":{\"@id\":\"https:\\\/\\\/naturavit.kodnes.eu\\\/en\\\/#organization\"},\"potentialAction\":[{\"@type\":\"SearchAction\",\"target\":{\"@type\":\"EntryPoint\",\"urlTemplate\":\"https:\\\/\\\/naturavit.kodnes.eu\\\/en\\\/?s={search_term_string}\"},\"query-input\":{\"@type\":\"PropertyValueSpecification\",\"valueRequired\":true,\"valueName\":\"search_term_string\"}}],\"inLanguage\":\"en-US\"},{\"@type\":\"Organization\",\"@id\":\"https:\\\/\\\/naturavit.kodnes.eu\\\/en\\\/#organization\",\"name\":\"Naturavit\",\"url\":\"https:\\\/\\\/naturavit.kodnes.eu\\\/en\\\/\",\"logo\":{\"@type\":\"ImageObject\",\"inLanguage\":\"en-US\",\"@id\":\"https:\\\/\\\/naturavit.kodnes.eu\\\/en\\\/#\\\/schema\\\/logo\\\/image\\\/\",\"url\":\"https:\\\/\\\/naturavit.kodnes.eu\\\/wp-content\\\/uploads\\\/2021\\\/09\\\/116564984_3484379328307111_1830779139888479808_o.png\",\"contentUrl\":\"https:\\\/\\\/naturavit.kodnes.eu\\\/wp-content\\\/uploads\\\/2021\\\/09\\\/116564984_3484379328307111_1830779139888479808_o.png\",\"width\":1079,\"height\":1079,\"caption\":\"Naturavit\"},\"image\":{\"@id\":\"https:\\\/\\\/naturavit.kodnes.eu\\\/en\\\/#\\\/schema\\\/logo\\\/image\\\/\"},\"sameAs\":[\"https:\\\/\\\/www.facebook.com\\\/naturavit\\\/\"]}]}<\/script>\n<!-- \/ Yoast SEO plugin. -->","yoast_head_json":{"title":"Eteri\u010dno olje la\u017eje zadihaj | Naturavit","robots":{"index":"noindex","follow":"follow","max-snippet":"max-snippet:-1","max-image-preview":"max-image-preview:large","max-video-preview":"max-video-preview:-1"},"og_locale":"en_US","og_type":"article","og_title":"Eteri\u010dno olje la\u017eje zadihaj | Naturavit","og_description":"Naturavit me\u0161anica eteri\u010dnih olj La\u017eje zadihaj je 100 % eteri\u010dna me\u0161anica olj bora, srebrne jelke in evkalipta. Naturavit eteri\u010dno olje lahko uporabite za aromaterapijo, odi\u0161avljenje prostorov, za kopeli ali masa\u017ee. Me\u0161anica je bila ustvarjena s strani certificirane aromaterapevtke. 10 ml","og_url":"https:\/\/naturavit.kodnes.eu\/en\/product\/etericno-olje-lazje-zadihaj\/","og_site_name":"Naturavit","article_publisher":"https:\/\/www.facebook.com\/naturavit\/","article_modified_time":"2026-04-30T12:33:57+00:00","og_image":[{"width":2048,"height":2048,"url":"https:\/\/naturavit.kodnes.eu\/wp-content\/uploads\/2026\/03\/Etericna_LazjeZadihaj.jpg","type":"image\/jpeg"}],"twitter_card":"summary_large_image","twitter_misc":{"Est. reading time":"1 minute"},"schema":{"@context":"https:\/\/schema.org","@graph":[{"@type":"WebPage","@id":"https:\/\/naturavit.kodnes.eu\/en\/product\/etericno-olje-lazje-zadihaj\/","url":"https:\/\/naturavit.kodnes.eu\/en\/product\/etericno-olje-lazje-zadihaj\/","name":"Eteri\u010dno olje la\u017eje zadihaj | Naturavit","isPartOf":{"@id":"https:\/\/naturavit.kodnes.eu\/en\/#website"},"primaryImageOfPage":{"@id":"https:\/\/naturavit.kodnes.eu\/en\/product\/etericno-olje-lazje-zadihaj\/#primaryimage"},"image":{"@id":"https:\/\/naturavit.kodnes.eu\/en\/product\/etericno-olje-lazje-zadihaj\/#primaryimage"},"thumbnailUrl":"https:\/\/naturavit.kodnes.eu\/wp-content\/uploads\/2026\/03\/Etericna_LazjeZadihaj.jpg","datePublished":"2023-11-24T11:47:12+00:00","dateModified":"2026-04-30T12:33:57+00:00","breadcrumb":{"@id":"https:\/\/naturavit.kodnes.eu\/en\/product\/etericno-olje-lazje-zadihaj\/#breadcrumb"},"inLanguage":"en-US","potentialAction":[{"@type":"ReadAction","target":["https:\/\/naturavit.kodnes.eu\/en\/product\/etericno-olje-lazje-zadihaj\/"]}]},{"@type":"ImageObject","inLanguage":"en-US","@id":"https:\/\/naturavit.kodnes.eu\/en\/product\/etericno-olje-lazje-zadihaj\/#primaryimage","url":"https:\/\/naturavit.kodnes.eu\/wp-content\/uploads\/2026\/03\/Etericna_LazjeZadihaj.jpg","contentUrl":"https:\/\/naturavit.kodnes.eu\/wp-content\/uploads\/2026\/03\/Etericna_LazjeZadihaj.jpg","width":2048,"height":2048},{"@type":"BreadcrumbList","@id":"https:\/\/naturavit.kodnes.eu\/en\/product\/etericno-olje-lazje-zadihaj\/#breadcrumb","itemListElement":[{"@type":"ListItem","position":1,"name":"Home","item":"https:\/\/naturavit.kodnes.eu\/en\/"},{"@type":"ListItem","position":2,"name":"Shop","item":"https:\/\/naturavit.kodnes.eu\/en\/shop\/"},{"@type":"ListItem","position":3,"name":"Fragrances","item":"https:\/\/naturavit.kodnes.eu\/en\/product-category\/fragrances\/"},{"@type":"ListItem","position":4,"name":"Essential oils","item":"https:\/\/naturavit.kodnes.eu\/en\/product-category\/fragrances\/essential-oils\/"},{"@type":"ListItem","position":5,"name":"Eteri\u010dno olje la\u017eje zadihaj"}]},{"@type":"WebSite","@id":"https:\/\/naturavit.kodnes.eu\/en\/#website","url":"https:\/\/naturavit.kodnes.eu\/en\/","name":"Naturavit","description":"Naravna kozmetika","publisher":{"@id":"https:\/\/naturavit.kodnes.eu\/en\/#organization"},"potentialAction":[{"@type":"SearchAction","target":{"@type":"EntryPoint","urlTemplate":"https:\/\/naturavit.kodnes.eu\/en\/?s={search_term_string}"},"query-input":{"@type":"PropertyValueSpecification","valueRequired":true,"valueName":"search_term_string"}}],"inLanguage":"en-US"},{"@type":"Organization","@id":"https:\/\/naturavit.kodnes.eu\/en\/#organization","name":"Naturavit","url":"https:\/\/naturavit.kodnes.eu\/en\/","logo":{"@type":"ImageObject","inLanguage":"en-US","@id":"https:\/\/naturavit.kodnes.eu\/en\/#\/schema\/logo\/image\/","url":"https:\/\/naturavit.kodnes.eu\/wp-content\/uploads\/2021\/09\/116564984_3484379328307111_1830779139888479808_o.png","contentUrl":"https:\/\/naturavit.kodnes.eu\/wp-content\/uploads\/2021\/09\/116564984_3484379328307111_1830779139888479808_o.png","width":1079,"height":1079,"caption":"Naturavit"},"image":{"@id":"https:\/\/naturavit.kodnes.eu\/en\/#\/schema\/logo\/image\/"},"sameAs":["https:\/\/www.facebook.com\/naturavit\/"]}]}},"_links":{"self":[{"href":"https:\/\/naturavit.kodnes.eu\/en\/wp-json\/wp\/v2\/product\/48106","targetHints":{"allow":["GET"]}}],"collection":[{"href":"https:\/\/naturavit.kodnes.eu\/en\/wp-json\/wp\/v2\/product"}],"about":[{"href":"https:\/\/naturavit.kodnes.eu\/en\/wp-json\/wp\/v2\/types\/product"}],"replies":[{"embeddable":true,"href":"https:\/\/naturavit.kodnes.eu\/en\/wp-json\/wp\/v2\/comments?post=48106"}],"wp:featuredmedia":[{"embeddable":true,"href":"https:\/\/naturavit.kodnes.eu\/en\/wp-json\/wp\/v2\/media\/48107"}],"wp:attachment":[{"href":"https:\/\/naturavit.kodnes.eu\/en\/wp-json\/wp\/v2\/media?parent=48106"}],"wp:term":[{"taxonomy":"product_brand","embeddable":true,"href":"https:\/\/naturavit.kodnes.eu\/en\/wp-json\/wp\/v2\/product_brand?post=48106"},{"taxonomy":"product_cat","embeddable":true,"href":"https:\/\/naturavit.kodnes.eu\/en\/wp-json\/wp\/v2\/product_cat?post=48106"},{"taxonomy":"product_tag","embeddable":true,"href":"https:\/\/naturavit.kodnes.eu\/en\/wp-json\/wp\/v2\/product_tag?post=48106"}],"curies":[{"name":"wp","href":"https:\/\/api.w.org\/{rel}","templated":true}]}}