{"id":48004,"date":"2025-04-07T15:41:43","date_gmt":"2025-04-07T13:41:43","guid":{"rendered":"https:\/\/naturavit.kodnes.eu\/izdelek\/curly-hair-set-za-kodraste-in-valovite-lase\/"},"modified":"2026-04-30T14:33:55","modified_gmt":"2026-04-30T12:33:55","slug":"curly-hair-set-za-kodraste-in-valovite-lase","status":"publish","type":"product","link":"https:\/\/naturavit.kodnes.eu\/en\/product\/curly-hair-set-za-kodraste-in-valovite-lase\/","title":{"rendered":"Curly Hair PAKET za kodraste in valovite lase"},"content":{"rendered":"<p><span data-sheets-root=\"1\">Kaj paket vsebuje?<\/span><\/p>\n<p>1. <strong>Kremni \u0161ampon za kodraste in valovite lase<\/strong> (200 ml)<br \/>\nNe\u017een, kremni \u0161ampon pomaga ohranjati obliko in teksturo kodrastih, teksturiranih, suhih in po\u0161kodovanih las.<\/p>\n<p>2.<strong> Beach Waves sprej za nego in oblikovanje valovitih las<\/strong> (150 ml)<br \/>\nSprej ustvari naraven beach waves videz, lase naredi bolj valovite in ne izsu\u0161uje las, ampak jim daje volumen in lahkotno teksturo.<\/p>\n<p>3. <strong>Naturavit Flex Spiral Brush krta\u010da za raz\u010desavanje las<\/strong><br \/>\nFleksibilna spiralna krta\u010da, idealna za mokre ali suhe kodraste lase.<\/p>\n<p>4. <strong>Hair Turban Pink brisa\u010da iz mikrofibre<\/strong><br \/>\nIzjemno mehka in vpojna brisa\u010da iz mikrovlaken, ki zmanj\u0161a trenje ter s tem prepre\u010duje naelektrenost in lomljenje.<\/p>\n","protected":false},"excerpt":{"rendered":"<p><span data-sheets-root=\"1\">3 klju\u010dni izdelki za vsakodnevno nego in ne\u017eno definicijo kodrov. Za lase, ki potrebujejo dodatno vlago, mehkobo in za\u0161\u010dito pred naelektrenostjo.<\/span><\/p>\n<p>&nbsp;<\/p>\n","protected":false},"featured_media":48005,"comment_status":"closed","ping_status":"closed","template":"","meta":{"_acf_changed":false},"product_brand":[],"product_cat":[30,386,31,395],"product_tag":[],"class_list":{"0":"post-48004","1":"product","2":"type-product","3":"status-publish","4":"has-post-thumbnail","6":"product_cat-hair-care","7":"product_cat-hair-styling-acessories","8":"product_cat-shampoos-conditioners","9":"product_cat-value-sets-sale","11":"first","12":"instock","13":"sale","14":"taxable","15":"shipping-taxable","16":"purchasable","17":"product-type-simple"},"acf":[],"yoast_head":"<!-- This site is optimized with the Yoast SEO plugin v27.5 - https:\/\/yoast.com\/product\/yoast-seo-wordpress\/ -->\n<title>Curly Hair PAKET za kodraste in valovite lase | Naturavit<\/title>\n<meta name=\"robots\" content=\"noindex, follow, max-snippet:-1, max-image-preview:large, max-video-preview:-1\" \/>\n<meta property=\"og:locale\" content=\"en_US\" \/>\n<meta property=\"og:type\" content=\"article\" \/>\n<meta property=\"og:title\" content=\"Curly Hair PAKET za kodraste in valovite lase | Naturavit\" \/>\n<meta property=\"og:description\" content=\"3 klju\u010dni izdelki za vsakodnevno nego in ne\u017eno definicijo kodrov. Za lase, ki potrebujejo dodatno vlago, mehkobo in za\u0161\u010dito pred naelektrenostjo.  &nbsp;\" \/>\n<meta property=\"og:url\" content=\"https:\/\/naturavit.kodnes.eu\/en\/product\/curly-hair-set-za-kodraste-in-valovite-lase\/\" \/>\n<meta property=\"og:site_name\" content=\"Naturavit\" \/>\n<meta property=\"article:publisher\" content=\"https:\/\/www.facebook.com\/naturavit\/\" \/>\n<meta property=\"article:modified_time\" content=\"2026-04-30T12:33:55+00:00\" \/>\n<meta property=\"og:image\" content=\"https:\/\/naturavit.kodnes.eu\/wp-content\/uploads\/2025\/04\/NV_Curly-hair-paket-za-kodraste-in-valovite-lase_webphoto_SLO_2026-1024x1024.png\" \/>\n\t<meta property=\"og:image:width\" content=\"1024\" \/>\n\t<meta property=\"og:image:height\" content=\"1024\" \/>\n\t<meta property=\"og:image:type\" content=\"image\/png\" \/>\n<meta name=\"twitter:card\" content=\"summary_large_image\" \/>\n<meta name=\"twitter:label1\" content=\"Est. reading time\" \/>\n\t<meta name=\"twitter:data1\" content=\"1 minute\" \/>\n<script type=\"application\/ld+json\" class=\"yoast-schema-graph\">{\"@context\":\"https:\\\/\\\/schema.org\",\"@graph\":[{\"@type\":\"WebPage\",\"@id\":\"https:\\\/\\\/naturavit.kodnes.eu\\\/en\\\/product\\\/curly-hair-set-za-kodraste-in-valovite-lase\\\/\",\"url\":\"https:\\\/\\\/naturavit.kodnes.eu\\\/en\\\/product\\\/curly-hair-set-za-kodraste-in-valovite-lase\\\/\",\"name\":\"Curly Hair PAKET za kodraste in valovite lase | Naturavit\",\"isPartOf\":{\"@id\":\"https:\\\/\\\/naturavit.kodnes.eu\\\/en\\\/#website\"},\"primaryImageOfPage\":{\"@id\":\"https:\\\/\\\/naturavit.kodnes.eu\\\/en\\\/product\\\/curly-hair-set-za-kodraste-in-valovite-lase\\\/#primaryimage\"},\"image\":{\"@id\":\"https:\\\/\\\/naturavit.kodnes.eu\\\/en\\\/product\\\/curly-hair-set-za-kodraste-in-valovite-lase\\\/#primaryimage\"},\"thumbnailUrl\":\"https:\\\/\\\/naturavit.kodnes.eu\\\/wp-content\\\/uploads\\\/2025\\\/04\\\/NV_Curly-hair-paket-za-kodraste-in-valovite-lase_webphoto_SLO_2026.png\",\"datePublished\":\"2025-04-07T13:41:43+00:00\",\"dateModified\":\"2026-04-30T12:33:55+00:00\",\"breadcrumb\":{\"@id\":\"https:\\\/\\\/naturavit.kodnes.eu\\\/en\\\/product\\\/curly-hair-set-za-kodraste-in-valovite-lase\\\/#breadcrumb\"},\"inLanguage\":\"en-US\",\"potentialAction\":[{\"@type\":\"ReadAction\",\"target\":[\"https:\\\/\\\/naturavit.kodnes.eu\\\/en\\\/product\\\/curly-hair-set-za-kodraste-in-valovite-lase\\\/\"]}]},{\"@type\":\"ImageObject\",\"inLanguage\":\"en-US\",\"@id\":\"https:\\\/\\\/naturavit.kodnes.eu\\\/en\\\/product\\\/curly-hair-set-za-kodraste-in-valovite-lase\\\/#primaryimage\",\"url\":\"https:\\\/\\\/naturavit.kodnes.eu\\\/wp-content\\\/uploads\\\/2025\\\/04\\\/NV_Curly-hair-paket-za-kodraste-in-valovite-lase_webphoto_SLO_2026.png\",\"contentUrl\":\"https:\\\/\\\/naturavit.kodnes.eu\\\/wp-content\\\/uploads\\\/2025\\\/04\\\/NV_Curly-hair-paket-za-kodraste-in-valovite-lase_webphoto_SLO_2026.png\",\"width\":2200,\"height\":2200,\"caption\":\"Curly paket za kodraste lase in valovite lase naturavit\"},{\"@type\":\"BreadcrumbList\",\"@id\":\"https:\\\/\\\/naturavit.kodnes.eu\\\/en\\\/product\\\/curly-hair-set-za-kodraste-in-valovite-lase\\\/#breadcrumb\",\"itemListElement\":[{\"@type\":\"ListItem\",\"position\":1,\"name\":\"Home\",\"item\":\"https:\\\/\\\/naturavit.kodnes.eu\\\/en\\\/\"},{\"@type\":\"ListItem\",\"position\":2,\"name\":\"Shop\",\"item\":\"https:\\\/\\\/naturavit.kodnes.eu\\\/en\\\/shop\\\/\"},{\"@type\":\"ListItem\",\"position\":3,\"name\":\"Hair care\",\"item\":\"https:\\\/\\\/naturavit.kodnes.eu\\\/en\\\/product-category\\\/hair-care\\\/\"},{\"@type\":\"ListItem\",\"position\":4,\"name\":\"Curly Hair PAKET za kodraste in valovite lase\"}]},{\"@type\":\"WebSite\",\"@id\":\"https:\\\/\\\/naturavit.kodnes.eu\\\/en\\\/#website\",\"url\":\"https:\\\/\\\/naturavit.kodnes.eu\\\/en\\\/\",\"name\":\"Naturavit\",\"description\":\"Naravna kozmetika\",\"publisher\":{\"@id\":\"https:\\\/\\\/naturavit.kodnes.eu\\\/en\\\/#organization\"},\"potentialAction\":[{\"@type\":\"SearchAction\",\"target\":{\"@type\":\"EntryPoint\",\"urlTemplate\":\"https:\\\/\\\/naturavit.kodnes.eu\\\/en\\\/?s={search_term_string}\"},\"query-input\":{\"@type\":\"PropertyValueSpecification\",\"valueRequired\":true,\"valueName\":\"search_term_string\"}}],\"inLanguage\":\"en-US\"},{\"@type\":\"Organization\",\"@id\":\"https:\\\/\\\/naturavit.kodnes.eu\\\/en\\\/#organization\",\"name\":\"Naturavit\",\"url\":\"https:\\\/\\\/naturavit.kodnes.eu\\\/en\\\/\",\"logo\":{\"@type\":\"ImageObject\",\"inLanguage\":\"en-US\",\"@id\":\"https:\\\/\\\/naturavit.kodnes.eu\\\/en\\\/#\\\/schema\\\/logo\\\/image\\\/\",\"url\":\"https:\\\/\\\/naturavit.kodnes.eu\\\/wp-content\\\/uploads\\\/2021\\\/09\\\/116564984_3484379328307111_1830779139888479808_o.png\",\"contentUrl\":\"https:\\\/\\\/naturavit.kodnes.eu\\\/wp-content\\\/uploads\\\/2021\\\/09\\\/116564984_3484379328307111_1830779139888479808_o.png\",\"width\":1079,\"height\":1079,\"caption\":\"Naturavit\"},\"image\":{\"@id\":\"https:\\\/\\\/naturavit.kodnes.eu\\\/en\\\/#\\\/schema\\\/logo\\\/image\\\/\"},\"sameAs\":[\"https:\\\/\\\/www.facebook.com\\\/naturavit\\\/\"]}]}<\/script>\n<!-- \/ Yoast SEO plugin. -->","yoast_head_json":{"title":"Curly Hair PAKET za kodraste in valovite lase | Naturavit","robots":{"index":"noindex","follow":"follow","max-snippet":"max-snippet:-1","max-image-preview":"max-image-preview:large","max-video-preview":"max-video-preview:-1"},"og_locale":"en_US","og_type":"article","og_title":"Curly Hair PAKET za kodraste in valovite lase | Naturavit","og_description":"3 klju\u010dni izdelki za vsakodnevno nego in ne\u017eno definicijo kodrov. Za lase, ki potrebujejo dodatno vlago, mehkobo in za\u0161\u010dito pred naelektrenostjo.  &nbsp;","og_url":"https:\/\/naturavit.kodnes.eu\/en\/product\/curly-hair-set-za-kodraste-in-valovite-lase\/","og_site_name":"Naturavit","article_publisher":"https:\/\/www.facebook.com\/naturavit\/","article_modified_time":"2026-04-30T12:33:55+00:00","og_image":[{"width":1024,"height":1024,"url":"https:\/\/naturavit.kodnes.eu\/wp-content\/uploads\/2025\/04\/NV_Curly-hair-paket-za-kodraste-in-valovite-lase_webphoto_SLO_2026-1024x1024.png","type":"image\/png"}],"twitter_card":"summary_large_image","twitter_misc":{"Est. reading time":"1 minute"},"schema":{"@context":"https:\/\/schema.org","@graph":[{"@type":"WebPage","@id":"https:\/\/naturavit.kodnes.eu\/en\/product\/curly-hair-set-za-kodraste-in-valovite-lase\/","url":"https:\/\/naturavit.kodnes.eu\/en\/product\/curly-hair-set-za-kodraste-in-valovite-lase\/","name":"Curly Hair PAKET za kodraste in valovite lase | Naturavit","isPartOf":{"@id":"https:\/\/naturavit.kodnes.eu\/en\/#website"},"primaryImageOfPage":{"@id":"https:\/\/naturavit.kodnes.eu\/en\/product\/curly-hair-set-za-kodraste-in-valovite-lase\/#primaryimage"},"image":{"@id":"https:\/\/naturavit.kodnes.eu\/en\/product\/curly-hair-set-za-kodraste-in-valovite-lase\/#primaryimage"},"thumbnailUrl":"https:\/\/naturavit.kodnes.eu\/wp-content\/uploads\/2025\/04\/NV_Curly-hair-paket-za-kodraste-in-valovite-lase_webphoto_SLO_2026.png","datePublished":"2025-04-07T13:41:43+00:00","dateModified":"2026-04-30T12:33:55+00:00","breadcrumb":{"@id":"https:\/\/naturavit.kodnes.eu\/en\/product\/curly-hair-set-za-kodraste-in-valovite-lase\/#breadcrumb"},"inLanguage":"en-US","potentialAction":[{"@type":"ReadAction","target":["https:\/\/naturavit.kodnes.eu\/en\/product\/curly-hair-set-za-kodraste-in-valovite-lase\/"]}]},{"@type":"ImageObject","inLanguage":"en-US","@id":"https:\/\/naturavit.kodnes.eu\/en\/product\/curly-hair-set-za-kodraste-in-valovite-lase\/#primaryimage","url":"https:\/\/naturavit.kodnes.eu\/wp-content\/uploads\/2025\/04\/NV_Curly-hair-paket-za-kodraste-in-valovite-lase_webphoto_SLO_2026.png","contentUrl":"https:\/\/naturavit.kodnes.eu\/wp-content\/uploads\/2025\/04\/NV_Curly-hair-paket-za-kodraste-in-valovite-lase_webphoto_SLO_2026.png","width":2200,"height":2200,"caption":"Curly paket za kodraste lase in valovite lase naturavit"},{"@type":"BreadcrumbList","@id":"https:\/\/naturavit.kodnes.eu\/en\/product\/curly-hair-set-za-kodraste-in-valovite-lase\/#breadcrumb","itemListElement":[{"@type":"ListItem","position":1,"name":"Home","item":"https:\/\/naturavit.kodnes.eu\/en\/"},{"@type":"ListItem","position":2,"name":"Shop","item":"https:\/\/naturavit.kodnes.eu\/en\/shop\/"},{"@type":"ListItem","position":3,"name":"Hair care","item":"https:\/\/naturavit.kodnes.eu\/en\/product-category\/hair-care\/"},{"@type":"ListItem","position":4,"name":"Curly Hair PAKET za kodraste in valovite lase"}]},{"@type":"WebSite","@id":"https:\/\/naturavit.kodnes.eu\/en\/#website","url":"https:\/\/naturavit.kodnes.eu\/en\/","name":"Naturavit","description":"Naravna kozmetika","publisher":{"@id":"https:\/\/naturavit.kodnes.eu\/en\/#organization"},"potentialAction":[{"@type":"SearchAction","target":{"@type":"EntryPoint","urlTemplate":"https:\/\/naturavit.kodnes.eu\/en\/?s={search_term_string}"},"query-input":{"@type":"PropertyValueSpecification","valueRequired":true,"valueName":"search_term_string"}}],"inLanguage":"en-US"},{"@type":"Organization","@id":"https:\/\/naturavit.kodnes.eu\/en\/#organization","name":"Naturavit","url":"https:\/\/naturavit.kodnes.eu\/en\/","logo":{"@type":"ImageObject","inLanguage":"en-US","@id":"https:\/\/naturavit.kodnes.eu\/en\/#\/schema\/logo\/image\/","url":"https:\/\/naturavit.kodnes.eu\/wp-content\/uploads\/2021\/09\/116564984_3484379328307111_1830779139888479808_o.png","contentUrl":"https:\/\/naturavit.kodnes.eu\/wp-content\/uploads\/2021\/09\/116564984_3484379328307111_1830779139888479808_o.png","width":1079,"height":1079,"caption":"Naturavit"},"image":{"@id":"https:\/\/naturavit.kodnes.eu\/en\/#\/schema\/logo\/image\/"},"sameAs":["https:\/\/www.facebook.com\/naturavit\/"]}]}},"_links":{"self":[{"href":"https:\/\/naturavit.kodnes.eu\/en\/wp-json\/wp\/v2\/product\/48004","targetHints":{"allow":["GET"]}}],"collection":[{"href":"https:\/\/naturavit.kodnes.eu\/en\/wp-json\/wp\/v2\/product"}],"about":[{"href":"https:\/\/naturavit.kodnes.eu\/en\/wp-json\/wp\/v2\/types\/product"}],"replies":[{"embeddable":true,"href":"https:\/\/naturavit.kodnes.eu\/en\/wp-json\/wp\/v2\/comments?post=48004"}],"wp:featuredmedia":[{"embeddable":true,"href":"https:\/\/naturavit.kodnes.eu\/en\/wp-json\/wp\/v2\/media\/48005"}],"wp:attachment":[{"href":"https:\/\/naturavit.kodnes.eu\/en\/wp-json\/wp\/v2\/media?parent=48004"}],"wp:term":[{"taxonomy":"product_brand","embeddable":true,"href":"https:\/\/naturavit.kodnes.eu\/en\/wp-json\/wp\/v2\/product_brand?post=48004"},{"taxonomy":"product_cat","embeddable":true,"href":"https:\/\/naturavit.kodnes.eu\/en\/wp-json\/wp\/v2\/product_cat?post=48004"},{"taxonomy":"product_tag","embeddable":true,"href":"https:\/\/naturavit.kodnes.eu\/en\/wp-json\/wp\/v2\/product_tag?post=48004"}],"curies":[{"name":"wp","href":"https:\/\/api.w.org\/{rel}","templated":true}]}}