{"id":47935,"date":"2025-10-23T15:31:06","date_gmt":"2025-10-23T13:31:06","guid":{"rendered":"https:\/\/naturavit.kodnes.eu\/izdelek\/gel-za-tusiranje-forest-awakening\/"},"modified":"2026-04-30T14:33:55","modified_gmt":"2026-04-30T12:33:55","slug":"gel-za-tusiranje-forest-awakening","status":"publish","type":"product","link":"https:\/\/naturavit.kodnes.eu\/en\/product\/gel-za-tusiranje-forest-awakening\/","title":{"rendered":"Gel za tu\u0161iranje Forest Awakening"},"content":{"rendered":"<p><span data-sheets-root=\"1\"><strong>Ob\u010dutek:<\/strong><br \/>\nlahkotna, prozorna tekstura, ki se spremeni v mehko, zra\u010dno peno in se popolnoma izpere, ko\u017eo pa pusti sve\u017eo in sijo\u010do.<\/span><\/p>\n<p><strong>Vonj:<\/strong><br \/>\nsve\u017e jutranji sprehod skozi neokrnjen gozd s pridihom hladilne mete.<\/p>\n","protected":false},"excerpt":{"rendered":"<p><span data-sheets-root=\"1\">Osve\u017eilna in po\u017eivljajo\u010da formula tega gela za tu\u0161iranje je zasnovana za globinsko \u010di\u0161\u010denje in takoj\u0161en dvig energije s pomo\u010djo eteri\u010dnih olj jelke, mete in evkaliptusa.<br \/>\nKo\u017eo ne\u017eno o\u010disti, medtem ko pod prho ustvari sve\u017eo aromaterapevtsko izku\u0161njo.<\/span><\/p>\n","protected":false},"featured_media":47936,"comment_status":"closed","ping_status":"closed","template":"","meta":{"_acf_changed":false},"product_brand":[],"product_cat":[38],"product_tag":[],"class_list":{"0":"post-47935","1":"product","2":"type-product","3":"status-publish","4":"has-post-thumbnail","6":"product_cat-shower-body","8":"first","9":"instock","10":"taxable","11":"shipping-taxable","12":"purchasable","13":"product-type-simple"},"acf":[],"yoast_head":"<!-- This site is optimized with the Yoast SEO plugin v27.5 - https:\/\/yoast.com\/product\/yoast-seo-wordpress\/ -->\n<title>Gel za tu\u0161iranje Forest Awakening | Naturavit<\/title>\n<meta name=\"description\" content=\"Izjemno ne\u017een aromaterapevtski 200ml Tu\u0161 gel z eteri\u010dnimi olji bora, mete in limete. Do\u017eivi aromaterapijo ob vsakem tu\u0161iranju.\" \/>\n<meta name=\"robots\" content=\"noindex, follow, max-snippet:-1, max-image-preview:large, max-video-preview:-1\" \/>\n<meta property=\"og:locale\" content=\"en_US\" \/>\n<meta property=\"og:type\" content=\"article\" \/>\n<meta property=\"og:title\" content=\"Gel za tu\u0161iranje Forest Awakening | Naturavit\" \/>\n<meta property=\"og:description\" content=\"Izjemno ne\u017een aromaterapevtski 200ml Tu\u0161 gel z eteri\u010dnimi olji bora, mete in limete. Do\u017eivi aromaterapijo ob vsakem tu\u0161iranju.\" \/>\n<meta property=\"og:url\" content=\"https:\/\/naturavit.kodnes.eu\/en\/product\/gel-za-tusiranje-forest-awakening\/\" \/>\n<meta property=\"og:site_name\" content=\"Naturavit\" \/>\n<meta property=\"article:publisher\" content=\"https:\/\/www.facebook.com\/naturavit\/\" \/>\n<meta property=\"article:modified_time\" content=\"2026-04-30T12:33:55+00:00\" \/>\n<meta property=\"og:image\" content=\"https:\/\/naturavit.kodnes.eu\/wp-content\/uploads\/2026\/03\/Naturavit_ForestAwakening_WEBsize.jpg\" \/>\n\t<meta property=\"og:image:width\" content=\"2200\" \/>\n\t<meta property=\"og:image:height\" content=\"2200\" \/>\n\t<meta property=\"og:image:type\" content=\"image\/jpeg\" \/>\n<meta name=\"twitter:card\" content=\"summary_large_image\" \/>\n<script type=\"application\/ld+json\" class=\"yoast-schema-graph\">{\"@context\":\"https:\\\/\\\/schema.org\",\"@graph\":[{\"@type\":\"WebPage\",\"@id\":\"https:\\\/\\\/naturavit.kodnes.eu\\\/en\\\/product\\\/gel-za-tusiranje-forest-awakening\\\/\",\"url\":\"https:\\\/\\\/naturavit.kodnes.eu\\\/en\\\/product\\\/gel-za-tusiranje-forest-awakening\\\/\",\"name\":\"Gel za tu\u0161iranje Forest Awakening | Naturavit\",\"isPartOf\":{\"@id\":\"https:\\\/\\\/naturavit.kodnes.eu\\\/en\\\/#website\"},\"primaryImageOfPage\":{\"@id\":\"https:\\\/\\\/naturavit.kodnes.eu\\\/en\\\/product\\\/gel-za-tusiranje-forest-awakening\\\/#primaryimage\"},\"image\":{\"@id\":\"https:\\\/\\\/naturavit.kodnes.eu\\\/en\\\/product\\\/gel-za-tusiranje-forest-awakening\\\/#primaryimage\"},\"thumbnailUrl\":\"https:\\\/\\\/naturavit.kodnes.eu\\\/wp-content\\\/uploads\\\/2026\\\/03\\\/Naturavit_ForestAwakening_WEBsize.jpg\",\"datePublished\":\"2025-10-23T13:31:06+00:00\",\"dateModified\":\"2026-04-30T12:33:55+00:00\",\"description\":\"Izjemno ne\u017een aromaterapevtski 200ml Tu\u0161 gel z eteri\u010dnimi olji bora, mete in limete. Do\u017eivi aromaterapijo ob vsakem tu\u0161iranju.\",\"breadcrumb\":{\"@id\":\"https:\\\/\\\/naturavit.kodnes.eu\\\/en\\\/product\\\/gel-za-tusiranje-forest-awakening\\\/#breadcrumb\"},\"inLanguage\":\"en-US\",\"potentialAction\":[{\"@type\":\"ReadAction\",\"target\":[\"https:\\\/\\\/naturavit.kodnes.eu\\\/en\\\/product\\\/gel-za-tusiranje-forest-awakening\\\/\"]}]},{\"@type\":\"ImageObject\",\"inLanguage\":\"en-US\",\"@id\":\"https:\\\/\\\/naturavit.kodnes.eu\\\/en\\\/product\\\/gel-za-tusiranje-forest-awakening\\\/#primaryimage\",\"url\":\"https:\\\/\\\/naturavit.kodnes.eu\\\/wp-content\\\/uploads\\\/2026\\\/03\\\/Naturavit_ForestAwakening_WEBsize.jpg\",\"contentUrl\":\"https:\\\/\\\/naturavit.kodnes.eu\\\/wp-content\\\/uploads\\\/2026\\\/03\\\/Naturavit_ForestAwakening_WEBsize.jpg\",\"width\":2200,\"height\":2200},{\"@type\":\"BreadcrumbList\",\"@id\":\"https:\\\/\\\/naturavit.kodnes.eu\\\/en\\\/product\\\/gel-za-tusiranje-forest-awakening\\\/#breadcrumb\",\"itemListElement\":[{\"@type\":\"ListItem\",\"position\":1,\"name\":\"Home\",\"item\":\"https:\\\/\\\/naturavit.kodnes.eu\\\/en\\\/\"},{\"@type\":\"ListItem\",\"position\":2,\"name\":\"Shop\",\"item\":\"https:\\\/\\\/naturavit.kodnes.eu\\\/en\\\/shop\\\/\"},{\"@type\":\"ListItem\",\"position\":3,\"name\":\"Shower &amp; Body\",\"item\":\"https:\\\/\\\/naturavit.kodnes.eu\\\/en\\\/product-category\\\/shower-body\\\/\"},{\"@type\":\"ListItem\",\"position\":4,\"name\":\"Gel za tu\u0161iranje Forest Awakening\"}]},{\"@type\":\"WebSite\",\"@id\":\"https:\\\/\\\/naturavit.kodnes.eu\\\/en\\\/#website\",\"url\":\"https:\\\/\\\/naturavit.kodnes.eu\\\/en\\\/\",\"name\":\"Naturavit\",\"description\":\"Naravna kozmetika\",\"publisher\":{\"@id\":\"https:\\\/\\\/naturavit.kodnes.eu\\\/en\\\/#organization\"},\"potentialAction\":[{\"@type\":\"SearchAction\",\"target\":{\"@type\":\"EntryPoint\",\"urlTemplate\":\"https:\\\/\\\/naturavit.kodnes.eu\\\/en\\\/?s={search_term_string}\"},\"query-input\":{\"@type\":\"PropertyValueSpecification\",\"valueRequired\":true,\"valueName\":\"search_term_string\"}}],\"inLanguage\":\"en-US\"},{\"@type\":\"Organization\",\"@id\":\"https:\\\/\\\/naturavit.kodnes.eu\\\/en\\\/#organization\",\"name\":\"Naturavit\",\"url\":\"https:\\\/\\\/naturavit.kodnes.eu\\\/en\\\/\",\"logo\":{\"@type\":\"ImageObject\",\"inLanguage\":\"en-US\",\"@id\":\"https:\\\/\\\/naturavit.kodnes.eu\\\/en\\\/#\\\/schema\\\/logo\\\/image\\\/\",\"url\":\"https:\\\/\\\/naturavit.kodnes.eu\\\/wp-content\\\/uploads\\\/2021\\\/09\\\/116564984_3484379328307111_1830779139888479808_o.png\",\"contentUrl\":\"https:\\\/\\\/naturavit.kodnes.eu\\\/wp-content\\\/uploads\\\/2021\\\/09\\\/116564984_3484379328307111_1830779139888479808_o.png\",\"width\":1079,\"height\":1079,\"caption\":\"Naturavit\"},\"image\":{\"@id\":\"https:\\\/\\\/naturavit.kodnes.eu\\\/en\\\/#\\\/schema\\\/logo\\\/image\\\/\"},\"sameAs\":[\"https:\\\/\\\/www.facebook.com\\\/naturavit\\\/\"]}]}<\/script>\n<!-- \/ Yoast SEO plugin. -->","yoast_head_json":{"title":"Gel za tu\u0161iranje Forest Awakening | Naturavit","description":"Izjemno ne\u017een aromaterapevtski 200ml Tu\u0161 gel z eteri\u010dnimi olji bora, mete in limete. Do\u017eivi aromaterapijo ob vsakem tu\u0161iranju.","robots":{"index":"noindex","follow":"follow","max-snippet":"max-snippet:-1","max-image-preview":"max-image-preview:large","max-video-preview":"max-video-preview:-1"},"og_locale":"en_US","og_type":"article","og_title":"Gel za tu\u0161iranje Forest Awakening | Naturavit","og_description":"Izjemno ne\u017een aromaterapevtski 200ml Tu\u0161 gel z eteri\u010dnimi olji bora, mete in limete. Do\u017eivi aromaterapijo ob vsakem tu\u0161iranju.","og_url":"https:\/\/naturavit.kodnes.eu\/en\/product\/gel-za-tusiranje-forest-awakening\/","og_site_name":"Naturavit","article_publisher":"https:\/\/www.facebook.com\/naturavit\/","article_modified_time":"2026-04-30T12:33:55+00:00","og_image":[{"width":2200,"height":2200,"url":"https:\/\/naturavit.kodnes.eu\/wp-content\/uploads\/2026\/03\/Naturavit_ForestAwakening_WEBsize.jpg","type":"image\/jpeg"}],"twitter_card":"summary_large_image","schema":{"@context":"https:\/\/schema.org","@graph":[{"@type":"WebPage","@id":"https:\/\/naturavit.kodnes.eu\/en\/product\/gel-za-tusiranje-forest-awakening\/","url":"https:\/\/naturavit.kodnes.eu\/en\/product\/gel-za-tusiranje-forest-awakening\/","name":"Gel za tu\u0161iranje Forest Awakening | Naturavit","isPartOf":{"@id":"https:\/\/naturavit.kodnes.eu\/en\/#website"},"primaryImageOfPage":{"@id":"https:\/\/naturavit.kodnes.eu\/en\/product\/gel-za-tusiranje-forest-awakening\/#primaryimage"},"image":{"@id":"https:\/\/naturavit.kodnes.eu\/en\/product\/gel-za-tusiranje-forest-awakening\/#primaryimage"},"thumbnailUrl":"https:\/\/naturavit.kodnes.eu\/wp-content\/uploads\/2026\/03\/Naturavit_ForestAwakening_WEBsize.jpg","datePublished":"2025-10-23T13:31:06+00:00","dateModified":"2026-04-30T12:33:55+00:00","description":"Izjemno ne\u017een aromaterapevtski 200ml Tu\u0161 gel z eteri\u010dnimi olji bora, mete in limete. Do\u017eivi aromaterapijo ob vsakem tu\u0161iranju.","breadcrumb":{"@id":"https:\/\/naturavit.kodnes.eu\/en\/product\/gel-za-tusiranje-forest-awakening\/#breadcrumb"},"inLanguage":"en-US","potentialAction":[{"@type":"ReadAction","target":["https:\/\/naturavit.kodnes.eu\/en\/product\/gel-za-tusiranje-forest-awakening\/"]}]},{"@type":"ImageObject","inLanguage":"en-US","@id":"https:\/\/naturavit.kodnes.eu\/en\/product\/gel-za-tusiranje-forest-awakening\/#primaryimage","url":"https:\/\/naturavit.kodnes.eu\/wp-content\/uploads\/2026\/03\/Naturavit_ForestAwakening_WEBsize.jpg","contentUrl":"https:\/\/naturavit.kodnes.eu\/wp-content\/uploads\/2026\/03\/Naturavit_ForestAwakening_WEBsize.jpg","width":2200,"height":2200},{"@type":"BreadcrumbList","@id":"https:\/\/naturavit.kodnes.eu\/en\/product\/gel-za-tusiranje-forest-awakening\/#breadcrumb","itemListElement":[{"@type":"ListItem","position":1,"name":"Home","item":"https:\/\/naturavit.kodnes.eu\/en\/"},{"@type":"ListItem","position":2,"name":"Shop","item":"https:\/\/naturavit.kodnes.eu\/en\/shop\/"},{"@type":"ListItem","position":3,"name":"Shower &amp; Body","item":"https:\/\/naturavit.kodnes.eu\/en\/product-category\/shower-body\/"},{"@type":"ListItem","position":4,"name":"Gel za tu\u0161iranje Forest Awakening"}]},{"@type":"WebSite","@id":"https:\/\/naturavit.kodnes.eu\/en\/#website","url":"https:\/\/naturavit.kodnes.eu\/en\/","name":"Naturavit","description":"Naravna kozmetika","publisher":{"@id":"https:\/\/naturavit.kodnes.eu\/en\/#organization"},"potentialAction":[{"@type":"SearchAction","target":{"@type":"EntryPoint","urlTemplate":"https:\/\/naturavit.kodnes.eu\/en\/?s={search_term_string}"},"query-input":{"@type":"PropertyValueSpecification","valueRequired":true,"valueName":"search_term_string"}}],"inLanguage":"en-US"},{"@type":"Organization","@id":"https:\/\/naturavit.kodnes.eu\/en\/#organization","name":"Naturavit","url":"https:\/\/naturavit.kodnes.eu\/en\/","logo":{"@type":"ImageObject","inLanguage":"en-US","@id":"https:\/\/naturavit.kodnes.eu\/en\/#\/schema\/logo\/image\/","url":"https:\/\/naturavit.kodnes.eu\/wp-content\/uploads\/2021\/09\/116564984_3484379328307111_1830779139888479808_o.png","contentUrl":"https:\/\/naturavit.kodnes.eu\/wp-content\/uploads\/2021\/09\/116564984_3484379328307111_1830779139888479808_o.png","width":1079,"height":1079,"caption":"Naturavit"},"image":{"@id":"https:\/\/naturavit.kodnes.eu\/en\/#\/schema\/logo\/image\/"},"sameAs":["https:\/\/www.facebook.com\/naturavit\/"]}]}},"_links":{"self":[{"href":"https:\/\/naturavit.kodnes.eu\/en\/wp-json\/wp\/v2\/product\/47935","targetHints":{"allow":["GET"]}}],"collection":[{"href":"https:\/\/naturavit.kodnes.eu\/en\/wp-json\/wp\/v2\/product"}],"about":[{"href":"https:\/\/naturavit.kodnes.eu\/en\/wp-json\/wp\/v2\/types\/product"}],"replies":[{"embeddable":true,"href":"https:\/\/naturavit.kodnes.eu\/en\/wp-json\/wp\/v2\/comments?post=47935"}],"wp:featuredmedia":[{"embeddable":true,"href":"https:\/\/naturavit.kodnes.eu\/en\/wp-json\/wp\/v2\/media\/47936"}],"wp:attachment":[{"href":"https:\/\/naturavit.kodnes.eu\/en\/wp-json\/wp\/v2\/media?parent=47935"}],"wp:term":[{"taxonomy":"product_brand","embeddable":true,"href":"https:\/\/naturavit.kodnes.eu\/en\/wp-json\/wp\/v2\/product_brand?post=47935"},{"taxonomy":"product_cat","embeddable":true,"href":"https:\/\/naturavit.kodnes.eu\/en\/wp-json\/wp\/v2\/product_cat?post=47935"},{"taxonomy":"product_tag","embeddable":true,"href":"https:\/\/naturavit.kodnes.eu\/en\/wp-json\/wp\/v2\/product_tag?post=47935"}],"curies":[{"name":"wp","href":"https:\/\/api.w.org\/{rel}","templated":true}]}}