{"id":47894,"date":"2026-01-27T15:25:58","date_gmt":"2026-01-27T14:25:58","guid":{"rendered":"https:\/\/naturavit.kodnes.eu\/izdelek\/aktivni-serum-za-intenzivno-vlazenje-in-ravnovesje-lasisca\/"},"modified":"2026-04-30T14:33:55","modified_gmt":"2026-04-30T12:33:55","slug":"aktivni-serum-za-intenzivno-vlazenje-in-ravnovesje-lasisca","status":"publish","type":"product","link":"https:\/\/naturavit.kodnes.eu\/en\/product\/aktivni-serum-za-intenzivno-vlazenje-in-ravnovesje-lasisca\/","title":{"rendered":"Aktivni serum za vla\u017eenje lasi\u0161\u010da"},"content":{"rendered":"<p>Ob\u010duti se kot Lahkoten, vodni serum, ki se hitro vpije in ne pu\u0161\u010da mastnih sledi.<\/p>\n<p>Di\u0161i kot Ne\u017een, naraven vonj po zeli\u0161\u010dnem hidrolatu smilja.<\/p>\n<p>Ker ne vsebuje umetnih barvil in arom se barva in vonj produkta od serije do serije lahko minimalno razlikujejo.<\/p>\n","protected":false},"excerpt":{"rendered":"<p data-path-to-node=\"4\"><span data-sheets-root=\"1\">Tako kot na\u0161a ko\u017ea, tudi lasi\u0161\u010de potrebuje vla\u017eenje. Lahka, a izjemno mo\u010dna formula seruma je zasnovana za globinsko vla\u017eenje lasi\u0161\u010da s pomo\u010djo hialuronske kisline, prebiotikov in organskega hidrolata smilja serum takoj pomiri lasi\u0161\u010de in vzpostavi njegovo naravno ravnovesje.\u00a0<\/span><\/p>\n<div class=\"source-inline-chip-container ng-star-inserted\"><\/div>\n","protected":false},"featured_media":47895,"comment_status":"closed","ping_status":"closed","template":"","meta":{"_acf_changed":false},"product_brand":[],"product_cat":[398,30,402],"product_tag":[457],"class_list":{"0":"post-47894","1":"product","2":"type-product","3":"status-publish","4":"has-post-thumbnail","6":"product_cat-bestsellers","7":"product_cat-hair-care","8":"product_cat-oils-serums","9":"product_tag-za-rast-las","11":"first","12":"instock","13":"taxable","14":"shipping-taxable","15":"purchasable","16":"product-type-simple"},"acf":[],"yoast_head":"<!-- This site is optimized with the Yoast SEO plugin v27.5 - https:\/\/yoast.com\/product\/yoast-seo-wordpress\/ -->\n<title>Aktivni serum za vla\u017eenje lasi\u0161\u010da | Naturavit<\/title>\n<meta name=\"description\" content=\"Naturavit aktivni serum s hialuronsko kislino in prebiotiki intenzivno vla\u017ei lasi\u0161\u010de, podpira mikrobiom in zmanj\u0161uje ob\u010dutek zategovanja.\" \/>\n<meta name=\"robots\" content=\"noindex, follow, max-snippet:-1, max-image-preview:large, max-video-preview:-1\" \/>\n<meta property=\"og:locale\" content=\"en_US\" \/>\n<meta property=\"og:type\" content=\"article\" \/>\n<meta property=\"og:title\" content=\"Aktivni serum za vla\u017eenje lasi\u0161\u010da | Naturavit\" \/>\n<meta property=\"og:description\" content=\"Naturavit aktivni serum s hialuronsko kislino in prebiotiki intenzivno vla\u017ei lasi\u0161\u010de, podpira mikrobiom in zmanj\u0161uje ob\u010dutek zategovanja.\" \/>\n<meta property=\"og:url\" content=\"https:\/\/naturavit.kodnes.eu\/en\/product\/aktivni-serum-za-intenzivno-vlazenje-in-ravnovesje-lasisca\/\" \/>\n<meta property=\"og:site_name\" content=\"Naturavit\" \/>\n<meta property=\"article:publisher\" content=\"https:\/\/www.facebook.com\/naturavit\/\" \/>\n<meta property=\"article:modified_time\" content=\"2026-04-30T12:33:55+00:00\" \/>\n<meta property=\"og:image\" content=\"https:\/\/naturavit.kodnes.eu\/wp-content\/uploads\/2026\/03\/AktivniSerum_Naturavit_WEBsize.jpg\" \/>\n\t<meta property=\"og:image:width\" content=\"2000\" \/>\n\t<meta property=\"og:image:height\" content=\"2000\" \/>\n\t<meta property=\"og:image:type\" content=\"image\/jpeg\" \/>\n<meta name=\"twitter:card\" content=\"summary_large_image\" \/>\n<meta name=\"twitter:label1\" content=\"Est. reading time\" \/>\n\t<meta name=\"twitter:data1\" content=\"1 minute\" \/>\n<script type=\"application\/ld+json\" class=\"yoast-schema-graph\">{\"@context\":\"https:\\\/\\\/schema.org\",\"@graph\":[{\"@type\":\"WebPage\",\"@id\":\"https:\\\/\\\/naturavit.kodnes.eu\\\/en\\\/product\\\/aktivni-serum-za-intenzivno-vlazenje-in-ravnovesje-lasisca\\\/\",\"url\":\"https:\\\/\\\/naturavit.kodnes.eu\\\/en\\\/product\\\/aktivni-serum-za-intenzivno-vlazenje-in-ravnovesje-lasisca\\\/\",\"name\":\"Aktivni serum za vla\u017eenje lasi\u0161\u010da | Naturavit\",\"isPartOf\":{\"@id\":\"https:\\\/\\\/naturavit.kodnes.eu\\\/en\\\/#website\"},\"primaryImageOfPage\":{\"@id\":\"https:\\\/\\\/naturavit.kodnes.eu\\\/en\\\/product\\\/aktivni-serum-za-intenzivno-vlazenje-in-ravnovesje-lasisca\\\/#primaryimage\"},\"image\":{\"@id\":\"https:\\\/\\\/naturavit.kodnes.eu\\\/en\\\/product\\\/aktivni-serum-za-intenzivno-vlazenje-in-ravnovesje-lasisca\\\/#primaryimage\"},\"thumbnailUrl\":\"https:\\\/\\\/naturavit.kodnes.eu\\\/wp-content\\\/uploads\\\/2026\\\/03\\\/AktivniSerum_Naturavit_WEBsize.jpg\",\"datePublished\":\"2026-01-27T14:25:58+00:00\",\"dateModified\":\"2026-04-30T12:33:55+00:00\",\"description\":\"Naturavit aktivni serum s hialuronsko kislino in prebiotiki intenzivno vla\u017ei lasi\u0161\u010de, podpira mikrobiom in zmanj\u0161uje ob\u010dutek zategovanja.\",\"breadcrumb\":{\"@id\":\"https:\\\/\\\/naturavit.kodnes.eu\\\/en\\\/product\\\/aktivni-serum-za-intenzivno-vlazenje-in-ravnovesje-lasisca\\\/#breadcrumb\"},\"inLanguage\":\"en-US\",\"potentialAction\":[{\"@type\":\"ReadAction\",\"target\":[\"https:\\\/\\\/naturavit.kodnes.eu\\\/en\\\/product\\\/aktivni-serum-za-intenzivno-vlazenje-in-ravnovesje-lasisca\\\/\"]}]},{\"@type\":\"ImageObject\",\"inLanguage\":\"en-US\",\"@id\":\"https:\\\/\\\/naturavit.kodnes.eu\\\/en\\\/product\\\/aktivni-serum-za-intenzivno-vlazenje-in-ravnovesje-lasisca\\\/#primaryimage\",\"url\":\"https:\\\/\\\/naturavit.kodnes.eu\\\/wp-content\\\/uploads\\\/2026\\\/03\\\/AktivniSerum_Naturavit_WEBsize.jpg\",\"contentUrl\":\"https:\\\/\\\/naturavit.kodnes.eu\\\/wp-content\\\/uploads\\\/2026\\\/03\\\/AktivniSerum_Naturavit_WEBsize.jpg\",\"width\":2000,\"height\":2000},{\"@type\":\"BreadcrumbList\",\"@id\":\"https:\\\/\\\/naturavit.kodnes.eu\\\/en\\\/product\\\/aktivni-serum-za-intenzivno-vlazenje-in-ravnovesje-lasisca\\\/#breadcrumb\",\"itemListElement\":[{\"@type\":\"ListItem\",\"position\":1,\"name\":\"Home\",\"item\":\"https:\\\/\\\/naturavit.kodnes.eu\\\/en\\\/\"},{\"@type\":\"ListItem\",\"position\":2,\"name\":\"Shop\",\"item\":\"https:\\\/\\\/naturavit.kodnes.eu\\\/en\\\/shop\\\/\"},{\"@type\":\"ListItem\",\"position\":3,\"name\":\"Hair care\",\"item\":\"https:\\\/\\\/naturavit.kodnes.eu\\\/en\\\/product-category\\\/hair-care\\\/\"},{\"@type\":\"ListItem\",\"position\":4,\"name\":\"Oils &amp; Serums\",\"item\":\"https:\\\/\\\/naturavit.kodnes.eu\\\/en\\\/product-category\\\/hair-care\\\/oils-serums\\\/\"},{\"@type\":\"ListItem\",\"position\":5,\"name\":\"Aktivni serum za vla\u017eenje lasi\u0161\u010da\"}]},{\"@type\":\"WebSite\",\"@id\":\"https:\\\/\\\/naturavit.kodnes.eu\\\/en\\\/#website\",\"url\":\"https:\\\/\\\/naturavit.kodnes.eu\\\/en\\\/\",\"name\":\"Naturavit\",\"description\":\"Naravna kozmetika\",\"publisher\":{\"@id\":\"https:\\\/\\\/naturavit.kodnes.eu\\\/en\\\/#organization\"},\"potentialAction\":[{\"@type\":\"SearchAction\",\"target\":{\"@type\":\"EntryPoint\",\"urlTemplate\":\"https:\\\/\\\/naturavit.kodnes.eu\\\/en\\\/?s={search_term_string}\"},\"query-input\":{\"@type\":\"PropertyValueSpecification\",\"valueRequired\":true,\"valueName\":\"search_term_string\"}}],\"inLanguage\":\"en-US\"},{\"@type\":\"Organization\",\"@id\":\"https:\\\/\\\/naturavit.kodnes.eu\\\/en\\\/#organization\",\"name\":\"Naturavit\",\"url\":\"https:\\\/\\\/naturavit.kodnes.eu\\\/en\\\/\",\"logo\":{\"@type\":\"ImageObject\",\"inLanguage\":\"en-US\",\"@id\":\"https:\\\/\\\/naturavit.kodnes.eu\\\/en\\\/#\\\/schema\\\/logo\\\/image\\\/\",\"url\":\"https:\\\/\\\/naturavit.kodnes.eu\\\/wp-content\\\/uploads\\\/2021\\\/09\\\/116564984_3484379328307111_1830779139888479808_o.png\",\"contentUrl\":\"https:\\\/\\\/naturavit.kodnes.eu\\\/wp-content\\\/uploads\\\/2021\\\/09\\\/116564984_3484379328307111_1830779139888479808_o.png\",\"width\":1079,\"height\":1079,\"caption\":\"Naturavit\"},\"image\":{\"@id\":\"https:\\\/\\\/naturavit.kodnes.eu\\\/en\\\/#\\\/schema\\\/logo\\\/image\\\/\"},\"sameAs\":[\"https:\\\/\\\/www.facebook.com\\\/naturavit\\\/\"]}]}<\/script>\n<!-- \/ Yoast SEO plugin. -->","yoast_head_json":{"title":"Aktivni serum za vla\u017eenje lasi\u0161\u010da | Naturavit","description":"Naturavit aktivni serum s hialuronsko kislino in prebiotiki intenzivno vla\u017ei lasi\u0161\u010de, podpira mikrobiom in zmanj\u0161uje ob\u010dutek zategovanja.","robots":{"index":"noindex","follow":"follow","max-snippet":"max-snippet:-1","max-image-preview":"max-image-preview:large","max-video-preview":"max-video-preview:-1"},"og_locale":"en_US","og_type":"article","og_title":"Aktivni serum za vla\u017eenje lasi\u0161\u010da | Naturavit","og_description":"Naturavit aktivni serum s hialuronsko kislino in prebiotiki intenzivno vla\u017ei lasi\u0161\u010de, podpira mikrobiom in zmanj\u0161uje ob\u010dutek zategovanja.","og_url":"https:\/\/naturavit.kodnes.eu\/en\/product\/aktivni-serum-za-intenzivno-vlazenje-in-ravnovesje-lasisca\/","og_site_name":"Naturavit","article_publisher":"https:\/\/www.facebook.com\/naturavit\/","article_modified_time":"2026-04-30T12:33:55+00:00","og_image":[{"width":2000,"height":2000,"url":"https:\/\/naturavit.kodnes.eu\/wp-content\/uploads\/2026\/03\/AktivniSerum_Naturavit_WEBsize.jpg","type":"image\/jpeg"}],"twitter_card":"summary_large_image","twitter_misc":{"Est. reading time":"1 minute"},"schema":{"@context":"https:\/\/schema.org","@graph":[{"@type":"WebPage","@id":"https:\/\/naturavit.kodnes.eu\/en\/product\/aktivni-serum-za-intenzivno-vlazenje-in-ravnovesje-lasisca\/","url":"https:\/\/naturavit.kodnes.eu\/en\/product\/aktivni-serum-za-intenzivno-vlazenje-in-ravnovesje-lasisca\/","name":"Aktivni serum za vla\u017eenje lasi\u0161\u010da | Naturavit","isPartOf":{"@id":"https:\/\/naturavit.kodnes.eu\/en\/#website"},"primaryImageOfPage":{"@id":"https:\/\/naturavit.kodnes.eu\/en\/product\/aktivni-serum-za-intenzivno-vlazenje-in-ravnovesje-lasisca\/#primaryimage"},"image":{"@id":"https:\/\/naturavit.kodnes.eu\/en\/product\/aktivni-serum-za-intenzivno-vlazenje-in-ravnovesje-lasisca\/#primaryimage"},"thumbnailUrl":"https:\/\/naturavit.kodnes.eu\/wp-content\/uploads\/2026\/03\/AktivniSerum_Naturavit_WEBsize.jpg","datePublished":"2026-01-27T14:25:58+00:00","dateModified":"2026-04-30T12:33:55+00:00","description":"Naturavit aktivni serum s hialuronsko kislino in prebiotiki intenzivno vla\u017ei lasi\u0161\u010de, podpira mikrobiom in zmanj\u0161uje ob\u010dutek zategovanja.","breadcrumb":{"@id":"https:\/\/naturavit.kodnes.eu\/en\/product\/aktivni-serum-za-intenzivno-vlazenje-in-ravnovesje-lasisca\/#breadcrumb"},"inLanguage":"en-US","potentialAction":[{"@type":"ReadAction","target":["https:\/\/naturavit.kodnes.eu\/en\/product\/aktivni-serum-za-intenzivno-vlazenje-in-ravnovesje-lasisca\/"]}]},{"@type":"ImageObject","inLanguage":"en-US","@id":"https:\/\/naturavit.kodnes.eu\/en\/product\/aktivni-serum-za-intenzivno-vlazenje-in-ravnovesje-lasisca\/#primaryimage","url":"https:\/\/naturavit.kodnes.eu\/wp-content\/uploads\/2026\/03\/AktivniSerum_Naturavit_WEBsize.jpg","contentUrl":"https:\/\/naturavit.kodnes.eu\/wp-content\/uploads\/2026\/03\/AktivniSerum_Naturavit_WEBsize.jpg","width":2000,"height":2000},{"@type":"BreadcrumbList","@id":"https:\/\/naturavit.kodnes.eu\/en\/product\/aktivni-serum-za-intenzivno-vlazenje-in-ravnovesje-lasisca\/#breadcrumb","itemListElement":[{"@type":"ListItem","position":1,"name":"Home","item":"https:\/\/naturavit.kodnes.eu\/en\/"},{"@type":"ListItem","position":2,"name":"Shop","item":"https:\/\/naturavit.kodnes.eu\/en\/shop\/"},{"@type":"ListItem","position":3,"name":"Hair care","item":"https:\/\/naturavit.kodnes.eu\/en\/product-category\/hair-care\/"},{"@type":"ListItem","position":4,"name":"Oils &amp; Serums","item":"https:\/\/naturavit.kodnes.eu\/en\/product-category\/hair-care\/oils-serums\/"},{"@type":"ListItem","position":5,"name":"Aktivni serum za vla\u017eenje lasi\u0161\u010da"}]},{"@type":"WebSite","@id":"https:\/\/naturavit.kodnes.eu\/en\/#website","url":"https:\/\/naturavit.kodnes.eu\/en\/","name":"Naturavit","description":"Naravna kozmetika","publisher":{"@id":"https:\/\/naturavit.kodnes.eu\/en\/#organization"},"potentialAction":[{"@type":"SearchAction","target":{"@type":"EntryPoint","urlTemplate":"https:\/\/naturavit.kodnes.eu\/en\/?s={search_term_string}"},"query-input":{"@type":"PropertyValueSpecification","valueRequired":true,"valueName":"search_term_string"}}],"inLanguage":"en-US"},{"@type":"Organization","@id":"https:\/\/naturavit.kodnes.eu\/en\/#organization","name":"Naturavit","url":"https:\/\/naturavit.kodnes.eu\/en\/","logo":{"@type":"ImageObject","inLanguage":"en-US","@id":"https:\/\/naturavit.kodnes.eu\/en\/#\/schema\/logo\/image\/","url":"https:\/\/naturavit.kodnes.eu\/wp-content\/uploads\/2021\/09\/116564984_3484379328307111_1830779139888479808_o.png","contentUrl":"https:\/\/naturavit.kodnes.eu\/wp-content\/uploads\/2021\/09\/116564984_3484379328307111_1830779139888479808_o.png","width":1079,"height":1079,"caption":"Naturavit"},"image":{"@id":"https:\/\/naturavit.kodnes.eu\/en\/#\/schema\/logo\/image\/"},"sameAs":["https:\/\/www.facebook.com\/naturavit\/"]}]}},"_links":{"self":[{"href":"https:\/\/naturavit.kodnes.eu\/en\/wp-json\/wp\/v2\/product\/47894","targetHints":{"allow":["GET"]}}],"collection":[{"href":"https:\/\/naturavit.kodnes.eu\/en\/wp-json\/wp\/v2\/product"}],"about":[{"href":"https:\/\/naturavit.kodnes.eu\/en\/wp-json\/wp\/v2\/types\/product"}],"replies":[{"embeddable":true,"href":"https:\/\/naturavit.kodnes.eu\/en\/wp-json\/wp\/v2\/comments?post=47894"}],"wp:featuredmedia":[{"embeddable":true,"href":"https:\/\/naturavit.kodnes.eu\/en\/wp-json\/wp\/v2\/media\/47895"}],"wp:attachment":[{"href":"https:\/\/naturavit.kodnes.eu\/en\/wp-json\/wp\/v2\/media?parent=47894"}],"wp:term":[{"taxonomy":"product_brand","embeddable":true,"href":"https:\/\/naturavit.kodnes.eu\/en\/wp-json\/wp\/v2\/product_brand?post=47894"},{"taxonomy":"product_cat","embeddable":true,"href":"https:\/\/naturavit.kodnes.eu\/en\/wp-json\/wp\/v2\/product_cat?post=47894"},{"taxonomy":"product_tag","embeddable":true,"href":"https:\/\/naturavit.kodnes.eu\/en\/wp-json\/wp\/v2\/product_tag?post=47894"}],"curies":[{"name":"wp","href":"https:\/\/api.w.org\/{rel}","templated":true}]}}