{"id":47889,"date":"2026-02-12T14:58:18","date_gmt":"2026-02-12T13:58:18","guid":{"rendered":"https:\/\/naturavit.kodnes.eu\/izdelek\/set-za-lasisce-brez-prhljaja-celovita-rutina-za-cisto-lasisce\/"},"modified":"2026-04-30T14:33:55","modified_gmt":"2026-04-30T12:33:55","slug":"set-za-lasisce-brez-prhljaja-celovita-rutina-za-cisto-lasisce","status":"publish","type":"product","link":"https:\/\/naturavit.kodnes.eu\/en\/product\/set-za-lasisce-brez-prhljaja-celovita-rutina-za-cisto-lasisce\/","title":{"rendered":"Paket proti prhljaju"},"content":{"rendered":"<p><span data-sheets-root=\"1\">Kaj set vsebuje?<\/span><\/p>\n<p>1x Kremni \u0161ampon proti prhljaju 500ml: Za popolno \u010di\u0161\u010denje in pripravo lasi\u0161\u010da na serum.<\/p>\n<p>1x Piling \u0161ampon 150ml: Za 1x tedensko globinsko \u010di\u0161\u010denje, ki temelljito odstrani suhe celice iz lasi\u0161\u010da.<\/p>\n<p>1x Ricinus in batana olje 100ml: Za dodatno nego in pomiritev lasi\u0161\u010da pred umivanjem.<\/p>\n<p>1x Aktivni serum proti prhljaju 100ml: za pomiritev lasi\u0161\u010da.<\/p>\n<p>1x Shampoo Brush krta\u010do za masa\u017eo in spodbujanje cirkulacije v lasi\u0161\u010du<\/p>\n<p>&nbsp;<\/p>\n<p>&nbsp;<\/p>\n","protected":false},"excerpt":{"rendered":"<p data-start=\"350\" data-end=\"712\"><span data-sheets-root=\"1\">Celovita rutina za vse, ki si \u017eelite lasi\u0161\u010de brez prhljaja. Set 5 izdelkov, ki delujejo sinergijsko, da odstranijo prhljaj, pomirijo srbe\u010dico in prepre\u010dujejo lu\u0161\u010denje.<\/span><\/p>\n","protected":false},"featured_media":47890,"comment_status":"closed","ping_status":"closed","template":"","meta":{"_acf_changed":false},"product_brand":[],"product_cat":[398,30,386,31,395],"product_tag":[461,457],"class_list":{"0":"post-47889","1":"product","2":"type-product","3":"status-publish","4":"has-post-thumbnail","6":"product_cat-bestsellers","7":"product_cat-hair-care","8":"product_cat-hair-styling-acessories","9":"product_cat-shampoos-conditioners","10":"product_cat-value-sets-sale","11":"product_tag-rozmarin-za-lase","12":"product_tag-za-rast-las","14":"first","15":"instock","16":"sale","17":"taxable","18":"shipping-taxable","19":"purchasable","20":"product-type-simple"},"acf":[],"yoast_head":"<!-- This site is optimized with the Yoast SEO plugin v27.5 - https:\/\/yoast.com\/product\/yoast-seo-wordpress\/ -->\n<title>Paket proti prhljaju | Naturavit<\/title>\n<meta name=\"description\" content=\"Celovit paket proti prhljaju s piling \u0161amponom, \u0161amponom proti prhljaju, serumom in negovalnim oljem. Za \u010disto, uravnove\u0161eno lasi\u0161\u010de brez prhljaja.\" \/>\n<meta name=\"robots\" content=\"noindex, follow, max-snippet:-1, max-image-preview:large, max-video-preview:-1\" \/>\n<meta property=\"og:locale\" content=\"en_US\" \/>\n<meta property=\"og:type\" content=\"article\" \/>\n<meta property=\"og:title\" content=\"Paket proti prhljaju | Naturavit\" \/>\n<meta property=\"og:description\" content=\"Celovit paket proti prhljaju s piling \u0161amponom, \u0161amponom proti prhljaju, serumom in negovalnim oljem. Za \u010disto, uravnove\u0161eno lasi\u0161\u010de brez prhljaja.\" \/>\n<meta property=\"og:url\" content=\"https:\/\/naturavit.kodnes.eu\/en\/product\/set-za-lasisce-brez-prhljaja-celovita-rutina-za-cisto-lasisce\/\" \/>\n<meta property=\"og:site_name\" content=\"Naturavit\" \/>\n<meta property=\"article:publisher\" content=\"https:\/\/www.facebook.com\/naturavit\/\" \/>\n<meta property=\"article:modified_time\" content=\"2026-04-30T12:33:55+00:00\" \/>\n<meta property=\"og:image\" content=\"https:\/\/naturavit.kodnes.eu\/wp-content\/uploads\/2026\/03\/Paket-proti-prhlaju-Naturavit-1024x1024.png\" \/>\n\t<meta property=\"og:image:width\" content=\"1024\" \/>\n\t<meta property=\"og:image:height\" content=\"1024\" \/>\n\t<meta property=\"og:image:type\" content=\"image\/png\" \/>\n<meta name=\"twitter:card\" content=\"summary_large_image\" \/>\n<script type=\"application\/ld+json\" class=\"yoast-schema-graph\">{\"@context\":\"https:\\\/\\\/schema.org\",\"@graph\":[{\"@type\":\"WebPage\",\"@id\":\"https:\\\/\\\/naturavit.kodnes.eu\\\/en\\\/product\\\/set-za-lasisce-brez-prhljaja-celovita-rutina-za-cisto-lasisce\\\/\",\"url\":\"https:\\\/\\\/naturavit.kodnes.eu\\\/en\\\/product\\\/set-za-lasisce-brez-prhljaja-celovita-rutina-za-cisto-lasisce\\\/\",\"name\":\"Paket proti prhljaju | Naturavit\",\"isPartOf\":{\"@id\":\"https:\\\/\\\/naturavit.kodnes.eu\\\/en\\\/#website\"},\"primaryImageOfPage\":{\"@id\":\"https:\\\/\\\/naturavit.kodnes.eu\\\/en\\\/product\\\/set-za-lasisce-brez-prhljaja-celovita-rutina-za-cisto-lasisce\\\/#primaryimage\"},\"image\":{\"@id\":\"https:\\\/\\\/naturavit.kodnes.eu\\\/en\\\/product\\\/set-za-lasisce-brez-prhljaja-celovita-rutina-za-cisto-lasisce\\\/#primaryimage\"},\"thumbnailUrl\":\"https:\\\/\\\/naturavit.kodnes.eu\\\/wp-content\\\/uploads\\\/2026\\\/03\\\/Paket-proti-prhlaju-Naturavit.png\",\"datePublished\":\"2026-02-12T13:58:18+00:00\",\"dateModified\":\"2026-04-30T12:33:55+00:00\",\"description\":\"Celovit paket proti prhljaju s piling \u0161amponom, \u0161amponom proti prhljaju, serumom in negovalnim oljem. Za \u010disto, uravnove\u0161eno lasi\u0161\u010de brez prhljaja.\",\"breadcrumb\":{\"@id\":\"https:\\\/\\\/naturavit.kodnes.eu\\\/en\\\/product\\\/set-za-lasisce-brez-prhljaja-celovita-rutina-za-cisto-lasisce\\\/#breadcrumb\"},\"inLanguage\":\"en-US\",\"potentialAction\":[{\"@type\":\"ReadAction\",\"target\":[\"https:\\\/\\\/naturavit.kodnes.eu\\\/en\\\/product\\\/set-za-lasisce-brez-prhljaja-celovita-rutina-za-cisto-lasisce\\\/\"]}]},{\"@type\":\"ImageObject\",\"inLanguage\":\"en-US\",\"@id\":\"https:\\\/\\\/naturavit.kodnes.eu\\\/en\\\/product\\\/set-za-lasisce-brez-prhljaja-celovita-rutina-za-cisto-lasisce\\\/#primaryimage\",\"url\":\"https:\\\/\\\/naturavit.kodnes.eu\\\/wp-content\\\/uploads\\\/2026\\\/03\\\/Paket-proti-prhlaju-Naturavit.png\",\"contentUrl\":\"https:\\\/\\\/naturavit.kodnes.eu\\\/wp-content\\\/uploads\\\/2026\\\/03\\\/Paket-proti-prhlaju-Naturavit.png\",\"width\":2200,\"height\":2200},{\"@type\":\"BreadcrumbList\",\"@id\":\"https:\\\/\\\/naturavit.kodnes.eu\\\/en\\\/product\\\/set-za-lasisce-brez-prhljaja-celovita-rutina-za-cisto-lasisce\\\/#breadcrumb\",\"itemListElement\":[{\"@type\":\"ListItem\",\"position\":1,\"name\":\"Home\",\"item\":\"https:\\\/\\\/naturavit.kodnes.eu\\\/en\\\/\"},{\"@type\":\"ListItem\",\"position\":2,\"name\":\"Shop\",\"item\":\"https:\\\/\\\/naturavit.kodnes.eu\\\/en\\\/shop\\\/\"},{\"@type\":\"ListItem\",\"position\":3,\"name\":\"Value sets &amp; Sale\",\"item\":\"https:\\\/\\\/naturavit.kodnes.eu\\\/en\\\/product-category\\\/value-sets-sale\\\/\"},{\"@type\":\"ListItem\",\"position\":4,\"name\":\"Paket proti prhljaju\"}]},{\"@type\":\"WebSite\",\"@id\":\"https:\\\/\\\/naturavit.kodnes.eu\\\/en\\\/#website\",\"url\":\"https:\\\/\\\/naturavit.kodnes.eu\\\/en\\\/\",\"name\":\"Naturavit\",\"description\":\"Naravna kozmetika\",\"publisher\":{\"@id\":\"https:\\\/\\\/naturavit.kodnes.eu\\\/en\\\/#organization\"},\"potentialAction\":[{\"@type\":\"SearchAction\",\"target\":{\"@type\":\"EntryPoint\",\"urlTemplate\":\"https:\\\/\\\/naturavit.kodnes.eu\\\/en\\\/?s={search_term_string}\"},\"query-input\":{\"@type\":\"PropertyValueSpecification\",\"valueRequired\":true,\"valueName\":\"search_term_string\"}}],\"inLanguage\":\"en-US\"},{\"@type\":\"Organization\",\"@id\":\"https:\\\/\\\/naturavit.kodnes.eu\\\/en\\\/#organization\",\"name\":\"Naturavit\",\"url\":\"https:\\\/\\\/naturavit.kodnes.eu\\\/en\\\/\",\"logo\":{\"@type\":\"ImageObject\",\"inLanguage\":\"en-US\",\"@id\":\"https:\\\/\\\/naturavit.kodnes.eu\\\/en\\\/#\\\/schema\\\/logo\\\/image\\\/\",\"url\":\"https:\\\/\\\/naturavit.kodnes.eu\\\/wp-content\\\/uploads\\\/2021\\\/09\\\/116564984_3484379328307111_1830779139888479808_o.png\",\"contentUrl\":\"https:\\\/\\\/naturavit.kodnes.eu\\\/wp-content\\\/uploads\\\/2021\\\/09\\\/116564984_3484379328307111_1830779139888479808_o.png\",\"width\":1079,\"height\":1079,\"caption\":\"Naturavit\"},\"image\":{\"@id\":\"https:\\\/\\\/naturavit.kodnes.eu\\\/en\\\/#\\\/schema\\\/logo\\\/image\\\/\"},\"sameAs\":[\"https:\\\/\\\/www.facebook.com\\\/naturavit\\\/\"]}]}<\/script>\n<!-- \/ Yoast SEO plugin. -->","yoast_head_json":{"title":"Paket proti prhljaju | Naturavit","description":"Celovit paket proti prhljaju s piling \u0161amponom, \u0161amponom proti prhljaju, serumom in negovalnim oljem. Za \u010disto, uravnove\u0161eno lasi\u0161\u010de brez prhljaja.","robots":{"index":"noindex","follow":"follow","max-snippet":"max-snippet:-1","max-image-preview":"max-image-preview:large","max-video-preview":"max-video-preview:-1"},"og_locale":"en_US","og_type":"article","og_title":"Paket proti prhljaju | Naturavit","og_description":"Celovit paket proti prhljaju s piling \u0161amponom, \u0161amponom proti prhljaju, serumom in negovalnim oljem. Za \u010disto, uravnove\u0161eno lasi\u0161\u010de brez prhljaja.","og_url":"https:\/\/naturavit.kodnes.eu\/en\/product\/set-za-lasisce-brez-prhljaja-celovita-rutina-za-cisto-lasisce\/","og_site_name":"Naturavit","article_publisher":"https:\/\/www.facebook.com\/naturavit\/","article_modified_time":"2026-04-30T12:33:55+00:00","og_image":[{"width":1024,"height":1024,"url":"https:\/\/naturavit.kodnes.eu\/wp-content\/uploads\/2026\/03\/Paket-proti-prhlaju-Naturavit-1024x1024.png","type":"image\/png"}],"twitter_card":"summary_large_image","schema":{"@context":"https:\/\/schema.org","@graph":[{"@type":"WebPage","@id":"https:\/\/naturavit.kodnes.eu\/en\/product\/set-za-lasisce-brez-prhljaja-celovita-rutina-za-cisto-lasisce\/","url":"https:\/\/naturavit.kodnes.eu\/en\/product\/set-za-lasisce-brez-prhljaja-celovita-rutina-za-cisto-lasisce\/","name":"Paket proti prhljaju | Naturavit","isPartOf":{"@id":"https:\/\/naturavit.kodnes.eu\/en\/#website"},"primaryImageOfPage":{"@id":"https:\/\/naturavit.kodnes.eu\/en\/product\/set-za-lasisce-brez-prhljaja-celovita-rutina-za-cisto-lasisce\/#primaryimage"},"image":{"@id":"https:\/\/naturavit.kodnes.eu\/en\/product\/set-za-lasisce-brez-prhljaja-celovita-rutina-za-cisto-lasisce\/#primaryimage"},"thumbnailUrl":"https:\/\/naturavit.kodnes.eu\/wp-content\/uploads\/2026\/03\/Paket-proti-prhlaju-Naturavit.png","datePublished":"2026-02-12T13:58:18+00:00","dateModified":"2026-04-30T12:33:55+00:00","description":"Celovit paket proti prhljaju s piling \u0161amponom, \u0161amponom proti prhljaju, serumom in negovalnim oljem. Za \u010disto, uravnove\u0161eno lasi\u0161\u010de brez prhljaja.","breadcrumb":{"@id":"https:\/\/naturavit.kodnes.eu\/en\/product\/set-za-lasisce-brez-prhljaja-celovita-rutina-za-cisto-lasisce\/#breadcrumb"},"inLanguage":"en-US","potentialAction":[{"@type":"ReadAction","target":["https:\/\/naturavit.kodnes.eu\/en\/product\/set-za-lasisce-brez-prhljaja-celovita-rutina-za-cisto-lasisce\/"]}]},{"@type":"ImageObject","inLanguage":"en-US","@id":"https:\/\/naturavit.kodnes.eu\/en\/product\/set-za-lasisce-brez-prhljaja-celovita-rutina-za-cisto-lasisce\/#primaryimage","url":"https:\/\/naturavit.kodnes.eu\/wp-content\/uploads\/2026\/03\/Paket-proti-prhlaju-Naturavit.png","contentUrl":"https:\/\/naturavit.kodnes.eu\/wp-content\/uploads\/2026\/03\/Paket-proti-prhlaju-Naturavit.png","width":2200,"height":2200},{"@type":"BreadcrumbList","@id":"https:\/\/naturavit.kodnes.eu\/en\/product\/set-za-lasisce-brez-prhljaja-celovita-rutina-za-cisto-lasisce\/#breadcrumb","itemListElement":[{"@type":"ListItem","position":1,"name":"Home","item":"https:\/\/naturavit.kodnes.eu\/en\/"},{"@type":"ListItem","position":2,"name":"Shop","item":"https:\/\/naturavit.kodnes.eu\/en\/shop\/"},{"@type":"ListItem","position":3,"name":"Value sets &amp; Sale","item":"https:\/\/naturavit.kodnes.eu\/en\/product-category\/value-sets-sale\/"},{"@type":"ListItem","position":4,"name":"Paket proti prhljaju"}]},{"@type":"WebSite","@id":"https:\/\/naturavit.kodnes.eu\/en\/#website","url":"https:\/\/naturavit.kodnes.eu\/en\/","name":"Naturavit","description":"Naravna kozmetika","publisher":{"@id":"https:\/\/naturavit.kodnes.eu\/en\/#organization"},"potentialAction":[{"@type":"SearchAction","target":{"@type":"EntryPoint","urlTemplate":"https:\/\/naturavit.kodnes.eu\/en\/?s={search_term_string}"},"query-input":{"@type":"PropertyValueSpecification","valueRequired":true,"valueName":"search_term_string"}}],"inLanguage":"en-US"},{"@type":"Organization","@id":"https:\/\/naturavit.kodnes.eu\/en\/#organization","name":"Naturavit","url":"https:\/\/naturavit.kodnes.eu\/en\/","logo":{"@type":"ImageObject","inLanguage":"en-US","@id":"https:\/\/naturavit.kodnes.eu\/en\/#\/schema\/logo\/image\/","url":"https:\/\/naturavit.kodnes.eu\/wp-content\/uploads\/2021\/09\/116564984_3484379328307111_1830779139888479808_o.png","contentUrl":"https:\/\/naturavit.kodnes.eu\/wp-content\/uploads\/2021\/09\/116564984_3484379328307111_1830779139888479808_o.png","width":1079,"height":1079,"caption":"Naturavit"},"image":{"@id":"https:\/\/naturavit.kodnes.eu\/en\/#\/schema\/logo\/image\/"},"sameAs":["https:\/\/www.facebook.com\/naturavit\/"]}]}},"_links":{"self":[{"href":"https:\/\/naturavit.kodnes.eu\/en\/wp-json\/wp\/v2\/product\/47889","targetHints":{"allow":["GET"]}}],"collection":[{"href":"https:\/\/naturavit.kodnes.eu\/en\/wp-json\/wp\/v2\/product"}],"about":[{"href":"https:\/\/naturavit.kodnes.eu\/en\/wp-json\/wp\/v2\/types\/product"}],"replies":[{"embeddable":true,"href":"https:\/\/naturavit.kodnes.eu\/en\/wp-json\/wp\/v2\/comments?post=47889"}],"wp:featuredmedia":[{"embeddable":true,"href":"https:\/\/naturavit.kodnes.eu\/en\/wp-json\/wp\/v2\/media\/47890"}],"wp:attachment":[{"href":"https:\/\/naturavit.kodnes.eu\/en\/wp-json\/wp\/v2\/media?parent=47889"}],"wp:term":[{"taxonomy":"product_brand","embeddable":true,"href":"https:\/\/naturavit.kodnes.eu\/en\/wp-json\/wp\/v2\/product_brand?post=47889"},{"taxonomy":"product_cat","embeddable":true,"href":"https:\/\/naturavit.kodnes.eu\/en\/wp-json\/wp\/v2\/product_cat?post=47889"},{"taxonomy":"product_tag","embeddable":true,"href":"https:\/\/naturavit.kodnes.eu\/en\/wp-json\/wp\/v2\/product_tag?post=47889"}],"curies":[{"name":"wp","href":"https:\/\/api.w.org\/{rel}","templated":true}]}}