{"id":4198,"date":"2016-04-11T08:48:35","date_gmt":"2016-04-11T06:48:35","guid":{"rendered":"https:\/\/naturavit.kodnes.eu\/product\/naturavit-antidandruff-shampoo\/"},"modified":"2026-04-30T14:33:59","modified_gmt":"2026-04-30T12:33:59","slug":"kremni-sampon-proti-prhljaju","status":"publish","type":"product","link":"https:\/\/naturavit.kodnes.eu\/en\/product\/kremni-sampon-proti-prhljaju\/","title":{"rendered":"Kremni \u0161ampon proti prhljaju"},"content":{"rendered":"<p><strong>Ob\u010duti se kot<\/strong><br \/>\nne\u017ena kremna pena, ki lasi\u0161\u010de temeljito o\u010disti, hkrati pa ga pomiri.<\/p>\n<p><strong>Di\u0161i kot<\/strong><br \/>\nne\u017een, sve\u017e in naraven zeli\u0161\u010dni vonj.<\/p>\n<p>Kremni \u0161ampon proti prhljaju deluje ciljno proti glavnim povzro\u010diteljem prhljaja. Pirokton olamin pomaga omejevati razrast kvasovk vrste Malassezia, medtem ko olje brazilskega ore\u0161\u010dka, ri\u017eevi otrobi in smola copaibe lasi\u0161\u010de pomirjajo, zmanj\u0161ujejo srbe\u017e in pomagajo obnoviti za\u0161\u010ditno bariero ko\u017ee.<\/p>\n","protected":false},"excerpt":{"rendered":"<p>Ne\u017een kremni \u0161ampon, ki u\u010dinkovito pomaga pri prhljaju, zmanj\u0161uje lu\u0161\u010denje lasi\u0161\u010da in pomirja srbe\u017e ter razdra\u017eenost.<br \/>\nPrimeren za redno uporabo in dolgoro\u010dno uravnote\u017eeno zdravje lasi\u0161\u010da.<\/p>\n","protected":false},"featured_media":46131,"comment_status":"closed","ping_status":"closed","template":"","meta":{"_acf_changed":false},"product_brand":[],"product_cat":[30,31],"product_tag":[],"class_list":{"0":"post-4198","1":"product","2":"type-product","3":"status-publish","4":"has-post-thumbnail","6":"product_cat-hair-care","7":"product_cat-shampoos-conditioners","9":"first","10":"instock","11":"taxable","12":"shipping-taxable","13":"purchasable","14":"product-type-simple"},"acf":[],"yoast_head":"<!-- This site is optimized with the Yoast SEO plugin v27.5 - https:\/\/yoast.com\/product\/yoast-seo-wordpress\/ -->\n<title>Kremni \u0161ampon proti prhljaju | Naturavit<\/title>\n<meta name=\"description\" content=\"Kremni \u0161ampon proti prhljaju zmanj\u0161uje lu\u0161\u010denje na lasi\u0161\u010du in izbolj\u0161uje aktivnost \u017elez lojnic ter hkrati zavira rast mikroorganizmov.\" \/>\n<meta name=\"robots\" content=\"noindex, follow, max-snippet:-1, max-image-preview:large, max-video-preview:-1\" \/>\n<meta property=\"og:locale\" content=\"en_US\" \/>\n<meta property=\"og:type\" content=\"article\" \/>\n<meta property=\"og:title\" content=\"Kremni \u0161ampon proti prhljaju | Naturavit\" \/>\n<meta property=\"og:description\" content=\"Kremni \u0161ampon proti prhljaju zmanj\u0161uje lu\u0161\u010denje na lasi\u0161\u010du in izbolj\u0161uje aktivnost \u017elez lojnic ter hkrati zavira rast mikroorganizmov.\" \/>\n<meta property=\"og:url\" content=\"https:\/\/naturavit.kodnes.eu\/en\/product\/kremni-sampon-proti-prhljaju\/\" \/>\n<meta property=\"og:site_name\" content=\"Naturavit\" \/>\n<meta property=\"article:publisher\" content=\"https:\/\/www.facebook.com\/naturavit\/\" \/>\n<meta property=\"article:modified_time\" content=\"2026-04-30T12:33:59+00:00\" \/>\n<meta property=\"og:image\" content=\"https:\/\/naturavit.kodnes.eu\/wp-content\/uploads\/2026\/03\/Shampoo_SLO_protiPrhljaju_reflection.jpg\" \/>\n\t<meta property=\"og:image:width\" content=\"2200\" \/>\n\t<meta property=\"og:image:height\" content=\"2199\" \/>\n\t<meta property=\"og:image:type\" content=\"image\/jpeg\" \/>\n<meta name=\"twitter:card\" content=\"summary_large_image\" \/>\n<script type=\"application\/ld+json\" class=\"yoast-schema-graph\">{\"@context\":\"https:\\\/\\\/schema.org\",\"@graph\":[{\"@type\":\"WebPage\",\"@id\":\"https:\\\/\\\/naturavit.kodnes.eu\\\/en\\\/product\\\/kremni-sampon-proti-prhljaju\\\/\",\"url\":\"https:\\\/\\\/naturavit.kodnes.eu\\\/en\\\/product\\\/kremni-sampon-proti-prhljaju\\\/\",\"name\":\"Kremni \u0161ampon proti prhljaju | Naturavit\",\"isPartOf\":{\"@id\":\"https:\\\/\\\/naturavit.kodnes.eu\\\/en\\\/#website\"},\"primaryImageOfPage\":{\"@id\":\"https:\\\/\\\/naturavit.kodnes.eu\\\/en\\\/product\\\/kremni-sampon-proti-prhljaju\\\/#primaryimage\"},\"image\":{\"@id\":\"https:\\\/\\\/naturavit.kodnes.eu\\\/en\\\/product\\\/kremni-sampon-proti-prhljaju\\\/#primaryimage\"},\"thumbnailUrl\":\"https:\\\/\\\/naturavit.kodnes.eu\\\/wp-content\\\/uploads\\\/2026\\\/03\\\/Shampoo_SLO_protiPrhljaju_reflection.jpg\",\"datePublished\":\"2016-04-11T06:48:35+00:00\",\"dateModified\":\"2026-04-30T12:33:59+00:00\",\"description\":\"Kremni \u0161ampon proti prhljaju zmanj\u0161uje lu\u0161\u010denje na lasi\u0161\u010du in izbolj\u0161uje aktivnost \u017elez lojnic ter hkrati zavira rast mikroorganizmov.\",\"breadcrumb\":{\"@id\":\"https:\\\/\\\/naturavit.kodnes.eu\\\/en\\\/product\\\/kremni-sampon-proti-prhljaju\\\/#breadcrumb\"},\"inLanguage\":\"en-US\",\"potentialAction\":[{\"@type\":\"ReadAction\",\"target\":[\"https:\\\/\\\/naturavit.kodnes.eu\\\/en\\\/product\\\/kremni-sampon-proti-prhljaju\\\/\"]}]},{\"@type\":\"ImageObject\",\"inLanguage\":\"en-US\",\"@id\":\"https:\\\/\\\/naturavit.kodnes.eu\\\/en\\\/product\\\/kremni-sampon-proti-prhljaju\\\/#primaryimage\",\"url\":\"https:\\\/\\\/naturavit.kodnes.eu\\\/wp-content\\\/uploads\\\/2026\\\/03\\\/Shampoo_SLO_protiPrhljaju_reflection.jpg\",\"contentUrl\":\"https:\\\/\\\/naturavit.kodnes.eu\\\/wp-content\\\/uploads\\\/2026\\\/03\\\/Shampoo_SLO_protiPrhljaju_reflection.jpg\",\"width\":2200,\"height\":2199},{\"@type\":\"BreadcrumbList\",\"@id\":\"https:\\\/\\\/naturavit.kodnes.eu\\\/en\\\/product\\\/kremni-sampon-proti-prhljaju\\\/#breadcrumb\",\"itemListElement\":[{\"@type\":\"ListItem\",\"position\":1,\"name\":\"Home\",\"item\":\"https:\\\/\\\/naturavit.kodnes.eu\\\/en\\\/\"},{\"@type\":\"ListItem\",\"position\":2,\"name\":\"Shop\",\"item\":\"https:\\\/\\\/naturavit.kodnes.eu\\\/en\\\/shop\\\/\"},{\"@type\":\"ListItem\",\"position\":3,\"name\":\"Hair care\",\"item\":\"https:\\\/\\\/naturavit.kodnes.eu\\\/en\\\/product-category\\\/hair-care\\\/\"},{\"@type\":\"ListItem\",\"position\":4,\"name\":\"Shampoos &amp; Conditioners\",\"item\":\"https:\\\/\\\/naturavit.kodnes.eu\\\/en\\\/product-category\\\/hair-care\\\/shampoos-conditioners\\\/\"},{\"@type\":\"ListItem\",\"position\":5,\"name\":\"Kremni \u0161ampon proti prhljaju\"}]},{\"@type\":\"WebSite\",\"@id\":\"https:\\\/\\\/naturavit.kodnes.eu\\\/en\\\/#website\",\"url\":\"https:\\\/\\\/naturavit.kodnes.eu\\\/en\\\/\",\"name\":\"Naturavit\",\"description\":\"Naravna kozmetika\",\"publisher\":{\"@id\":\"https:\\\/\\\/naturavit.kodnes.eu\\\/en\\\/#organization\"},\"potentialAction\":[{\"@type\":\"SearchAction\",\"target\":{\"@type\":\"EntryPoint\",\"urlTemplate\":\"https:\\\/\\\/naturavit.kodnes.eu\\\/en\\\/?s={search_term_string}\"},\"query-input\":{\"@type\":\"PropertyValueSpecification\",\"valueRequired\":true,\"valueName\":\"search_term_string\"}}],\"inLanguage\":\"en-US\"},{\"@type\":\"Organization\",\"@id\":\"https:\\\/\\\/naturavit.kodnes.eu\\\/en\\\/#organization\",\"name\":\"Naturavit\",\"url\":\"https:\\\/\\\/naturavit.kodnes.eu\\\/en\\\/\",\"logo\":{\"@type\":\"ImageObject\",\"inLanguage\":\"en-US\",\"@id\":\"https:\\\/\\\/naturavit.kodnes.eu\\\/en\\\/#\\\/schema\\\/logo\\\/image\\\/\",\"url\":\"https:\\\/\\\/naturavit.kodnes.eu\\\/wp-content\\\/uploads\\\/2021\\\/09\\\/116564984_3484379328307111_1830779139888479808_o.png\",\"contentUrl\":\"https:\\\/\\\/naturavit.kodnes.eu\\\/wp-content\\\/uploads\\\/2021\\\/09\\\/116564984_3484379328307111_1830779139888479808_o.png\",\"width\":1079,\"height\":1079,\"caption\":\"Naturavit\"},\"image\":{\"@id\":\"https:\\\/\\\/naturavit.kodnes.eu\\\/en\\\/#\\\/schema\\\/logo\\\/image\\\/\"},\"sameAs\":[\"https:\\\/\\\/www.facebook.com\\\/naturavit\\\/\"]}]}<\/script>\n<!-- \/ Yoast SEO plugin. -->","yoast_head_json":{"title":"Kremni \u0161ampon proti prhljaju | Naturavit","description":"Kremni \u0161ampon proti prhljaju zmanj\u0161uje lu\u0161\u010denje na lasi\u0161\u010du in izbolj\u0161uje aktivnost \u017elez lojnic ter hkrati zavira rast mikroorganizmov.","robots":{"index":"noindex","follow":"follow","max-snippet":"max-snippet:-1","max-image-preview":"max-image-preview:large","max-video-preview":"max-video-preview:-1"},"og_locale":"en_US","og_type":"article","og_title":"Kremni \u0161ampon proti prhljaju | Naturavit","og_description":"Kremni \u0161ampon proti prhljaju zmanj\u0161uje lu\u0161\u010denje na lasi\u0161\u010du in izbolj\u0161uje aktivnost \u017elez lojnic ter hkrati zavira rast mikroorganizmov.","og_url":"https:\/\/naturavit.kodnes.eu\/en\/product\/kremni-sampon-proti-prhljaju\/","og_site_name":"Naturavit","article_publisher":"https:\/\/www.facebook.com\/naturavit\/","article_modified_time":"2026-04-30T12:33:59+00:00","og_image":[{"width":2200,"height":2199,"url":"https:\/\/naturavit.kodnes.eu\/wp-content\/uploads\/2026\/03\/Shampoo_SLO_protiPrhljaju_reflection.jpg","type":"image\/jpeg"}],"twitter_card":"summary_large_image","schema":{"@context":"https:\/\/schema.org","@graph":[{"@type":"WebPage","@id":"https:\/\/naturavit.kodnes.eu\/en\/product\/kremni-sampon-proti-prhljaju\/","url":"https:\/\/naturavit.kodnes.eu\/en\/product\/kremni-sampon-proti-prhljaju\/","name":"Kremni \u0161ampon proti prhljaju | Naturavit","isPartOf":{"@id":"https:\/\/naturavit.kodnes.eu\/en\/#website"},"primaryImageOfPage":{"@id":"https:\/\/naturavit.kodnes.eu\/en\/product\/kremni-sampon-proti-prhljaju\/#primaryimage"},"image":{"@id":"https:\/\/naturavit.kodnes.eu\/en\/product\/kremni-sampon-proti-prhljaju\/#primaryimage"},"thumbnailUrl":"https:\/\/naturavit.kodnes.eu\/wp-content\/uploads\/2026\/03\/Shampoo_SLO_protiPrhljaju_reflection.jpg","datePublished":"2016-04-11T06:48:35+00:00","dateModified":"2026-04-30T12:33:59+00:00","description":"Kremni \u0161ampon proti prhljaju zmanj\u0161uje lu\u0161\u010denje na lasi\u0161\u010du in izbolj\u0161uje aktivnost \u017elez lojnic ter hkrati zavira rast mikroorganizmov.","breadcrumb":{"@id":"https:\/\/naturavit.kodnes.eu\/en\/product\/kremni-sampon-proti-prhljaju\/#breadcrumb"},"inLanguage":"en-US","potentialAction":[{"@type":"ReadAction","target":["https:\/\/naturavit.kodnes.eu\/en\/product\/kremni-sampon-proti-prhljaju\/"]}]},{"@type":"ImageObject","inLanguage":"en-US","@id":"https:\/\/naturavit.kodnes.eu\/en\/product\/kremni-sampon-proti-prhljaju\/#primaryimage","url":"https:\/\/naturavit.kodnes.eu\/wp-content\/uploads\/2026\/03\/Shampoo_SLO_protiPrhljaju_reflection.jpg","contentUrl":"https:\/\/naturavit.kodnes.eu\/wp-content\/uploads\/2026\/03\/Shampoo_SLO_protiPrhljaju_reflection.jpg","width":2200,"height":2199},{"@type":"BreadcrumbList","@id":"https:\/\/naturavit.kodnes.eu\/en\/product\/kremni-sampon-proti-prhljaju\/#breadcrumb","itemListElement":[{"@type":"ListItem","position":1,"name":"Home","item":"https:\/\/naturavit.kodnes.eu\/en\/"},{"@type":"ListItem","position":2,"name":"Shop","item":"https:\/\/naturavit.kodnes.eu\/en\/shop\/"},{"@type":"ListItem","position":3,"name":"Hair care","item":"https:\/\/naturavit.kodnes.eu\/en\/product-category\/hair-care\/"},{"@type":"ListItem","position":4,"name":"Shampoos &amp; Conditioners","item":"https:\/\/naturavit.kodnes.eu\/en\/product-category\/hair-care\/shampoos-conditioners\/"},{"@type":"ListItem","position":5,"name":"Kremni \u0161ampon proti prhljaju"}]},{"@type":"WebSite","@id":"https:\/\/naturavit.kodnes.eu\/en\/#website","url":"https:\/\/naturavit.kodnes.eu\/en\/","name":"Naturavit","description":"Naravna kozmetika","publisher":{"@id":"https:\/\/naturavit.kodnes.eu\/en\/#organization"},"potentialAction":[{"@type":"SearchAction","target":{"@type":"EntryPoint","urlTemplate":"https:\/\/naturavit.kodnes.eu\/en\/?s={search_term_string}"},"query-input":{"@type":"PropertyValueSpecification","valueRequired":true,"valueName":"search_term_string"}}],"inLanguage":"en-US"},{"@type":"Organization","@id":"https:\/\/naturavit.kodnes.eu\/en\/#organization","name":"Naturavit","url":"https:\/\/naturavit.kodnes.eu\/en\/","logo":{"@type":"ImageObject","inLanguage":"en-US","@id":"https:\/\/naturavit.kodnes.eu\/en\/#\/schema\/logo\/image\/","url":"https:\/\/naturavit.kodnes.eu\/wp-content\/uploads\/2021\/09\/116564984_3484379328307111_1830779139888479808_o.png","contentUrl":"https:\/\/naturavit.kodnes.eu\/wp-content\/uploads\/2021\/09\/116564984_3484379328307111_1830779139888479808_o.png","width":1079,"height":1079,"caption":"Naturavit"},"image":{"@id":"https:\/\/naturavit.kodnes.eu\/en\/#\/schema\/logo\/image\/"},"sameAs":["https:\/\/www.facebook.com\/naturavit\/"]}]}},"_links":{"self":[{"href":"https:\/\/naturavit.kodnes.eu\/en\/wp-json\/wp\/v2\/product\/4198","targetHints":{"allow":["GET"]}}],"collection":[{"href":"https:\/\/naturavit.kodnes.eu\/en\/wp-json\/wp\/v2\/product"}],"about":[{"href":"https:\/\/naturavit.kodnes.eu\/en\/wp-json\/wp\/v2\/types\/product"}],"replies":[{"embeddable":true,"href":"https:\/\/naturavit.kodnes.eu\/en\/wp-json\/wp\/v2\/comments?post=4198"}],"wp:featuredmedia":[{"embeddable":true,"href":"https:\/\/naturavit.kodnes.eu\/en\/wp-json\/wp\/v2\/media\/46131"}],"wp:attachment":[{"href":"https:\/\/naturavit.kodnes.eu\/en\/wp-json\/wp\/v2\/media?parent=4198"}],"wp:term":[{"taxonomy":"product_brand","embeddable":true,"href":"https:\/\/naturavit.kodnes.eu\/en\/wp-json\/wp\/v2\/product_brand?post=4198"},{"taxonomy":"product_cat","embeddable":true,"href":"https:\/\/naturavit.kodnes.eu\/en\/wp-json\/wp\/v2\/product_cat?post=4198"},{"taxonomy":"product_tag","embeddable":true,"href":"https:\/\/naturavit.kodnes.eu\/en\/wp-json\/wp\/v2\/product_tag?post=4198"}],"curies":[{"name":"wp","href":"https:\/\/api.w.org\/{rel}","templated":true}]}}