{"id":34555,"date":"2021-10-26T12:29:32","date_gmt":"2021-10-26T10:29:32","guid":{"rendered":"https:\/\/naturavit.kodnes.eu\/?post_type=product&#038;p=34555"},"modified":"2026-04-30T14:33:58","modified_gmt":"2026-04-30T12:33:58","slug":"energijska-maska-naturavit","status":"publish","type":"product","link":"https:\/\/naturavit.kodnes.eu\/en\/product\/energijska-maska-naturavit\/","title":{"rendered":"Energijska maska Naturavit"},"content":{"rendered":"<p>Ob\u010duti se kot<br \/>\nbogata, a lahka tekstura, ki se z lahkoto porazdeli po laseh in se hitro vpije.<\/p>\n<p>Di\u0161i kot<br \/>\nzelo ne\u017een, sve\u017e vonj.<\/p>\n<p>Energijska maska deluje kot naravni \u0161\u010dit in regenerator. Izvle\u010dek divjega kostanja spodbuja mikrocirkulacijo lasi\u0161\u010da in krepi lasno korenino, izvle\u010dek son\u010dni\u010dnih semen pa deluje kot mo\u010dan antioksidant, ki lase \u0161\u010diti pred UV \u017earki in bledenjem barve. Rezultat so mo\u010dni, sijo\u010di in zdravi lasje.<\/p>\n","protected":false},"excerpt":{"rendered":"<p><span data-sheets-root=\"1\">Intenzivna krepilna maska, zasnovana za globinsko obnovo, nego in sijaj vseh tipov las. Lase nahrani od korenin do konic, izbolj\u0161a njihovo strukturo in jih za\u0161\u010diti.\u00a0<\/span><\/p>\n","protected":false},"featured_media":46666,"comment_status":"closed","ping_status":"closed","template":"","meta":{"_acf_changed":false},"product_brand":[],"product_cat":[398,30],"product_tag":[],"class_list":{"0":"post-34555","1":"product","2":"type-product","3":"status-publish","4":"has-post-thumbnail","6":"product_cat-bestsellers","7":"product_cat-hair-care","9":"first","10":"instock","11":"taxable","12":"shipping-taxable","13":"purchasable","14":"product-type-simple"},"acf":[],"yoast_head":"<!-- This site is optimized with the Yoast SEO plugin v27.5 - https:\/\/yoast.com\/product\/yoast-seo-wordpress\/ -->\n<title>Energijska maska Naturavit | Naturavit<\/title>\n<meta name=\"description\" content=\"Energijska maska Naturavit v razpr\u0161ilu je izdelek z intenzivnim delovanjem na osnovi koloidne platine in rastlinskih ceramidov.\" \/>\n<meta name=\"robots\" content=\"noindex, follow, max-snippet:-1, max-image-preview:large, max-video-preview:-1\" \/>\n<meta property=\"og:locale\" content=\"en_US\" \/>\n<meta property=\"og:type\" content=\"article\" \/>\n<meta property=\"og:title\" content=\"Energijska maska Naturavit | Naturavit\" \/>\n<meta property=\"og:description\" content=\"Energijska maska Naturavit v razpr\u0161ilu je izdelek z intenzivnim delovanjem na osnovi koloidne platine in rastlinskih ceramidov.\" \/>\n<meta property=\"og:url\" content=\"https:\/\/naturavit.kodnes.eu\/en\/product\/energijska-maska-naturavit\/\" \/>\n<meta property=\"og:site_name\" content=\"Naturavit\" \/>\n<meta property=\"article:publisher\" content=\"https:\/\/www.facebook.com\/naturavit\/\" \/>\n<meta property=\"article:modified_time\" content=\"2026-04-30T12:33:58+00:00\" \/>\n<meta property=\"og:image\" content=\"https:\/\/naturavit.kodnes.eu\/wp-content\/uploads\/2026\/03\/Naturavit_energijskaMaskaZaLasbe_PNG.png\" \/>\n\t<meta property=\"og:image:width\" content=\"1448\" \/>\n\t<meta property=\"og:image:height\" content=\"1448\" \/>\n\t<meta property=\"og:image:type\" content=\"image\/png\" \/>\n<meta name=\"twitter:card\" content=\"summary_large_image\" \/>\n<meta name=\"twitter:label1\" content=\"Est. reading time\" \/>\n\t<meta name=\"twitter:data1\" content=\"1 minute\" \/>\n<script type=\"application\/ld+json\" class=\"yoast-schema-graph\">{\"@context\":\"https:\\\/\\\/schema.org\",\"@graph\":[{\"@type\":\"WebPage\",\"@id\":\"https:\\\/\\\/naturavit.kodnes.eu\\\/en\\\/product\\\/energijska-maska-naturavit\\\/\",\"url\":\"https:\\\/\\\/naturavit.kodnes.eu\\\/en\\\/product\\\/energijska-maska-naturavit\\\/\",\"name\":\"Energijska maska Naturavit | Naturavit\",\"isPartOf\":{\"@id\":\"https:\\\/\\\/naturavit.kodnes.eu\\\/en\\\/#website\"},\"primaryImageOfPage\":{\"@id\":\"https:\\\/\\\/naturavit.kodnes.eu\\\/en\\\/product\\\/energijska-maska-naturavit\\\/#primaryimage\"},\"image\":{\"@id\":\"https:\\\/\\\/naturavit.kodnes.eu\\\/en\\\/product\\\/energijska-maska-naturavit\\\/#primaryimage\"},\"thumbnailUrl\":\"https:\\\/\\\/naturavit.kodnes.eu\\\/wp-content\\\/uploads\\\/2026\\\/03\\\/Naturavit_energijskaMaskaZaLasbe_PNG.png\",\"datePublished\":\"2021-10-26T10:29:32+00:00\",\"dateModified\":\"2026-04-30T12:33:58+00:00\",\"description\":\"Energijska maska Naturavit v razpr\u0161ilu je izdelek z intenzivnim delovanjem na osnovi koloidne platine in rastlinskih ceramidov.\",\"breadcrumb\":{\"@id\":\"https:\\\/\\\/naturavit.kodnes.eu\\\/en\\\/product\\\/energijska-maska-naturavit\\\/#breadcrumb\"},\"inLanguage\":\"en-US\",\"potentialAction\":[{\"@type\":\"ReadAction\",\"target\":[\"https:\\\/\\\/naturavit.kodnes.eu\\\/en\\\/product\\\/energijska-maska-naturavit\\\/\"]}]},{\"@type\":\"ImageObject\",\"inLanguage\":\"en-US\",\"@id\":\"https:\\\/\\\/naturavit.kodnes.eu\\\/en\\\/product\\\/energijska-maska-naturavit\\\/#primaryimage\",\"url\":\"https:\\\/\\\/naturavit.kodnes.eu\\\/wp-content\\\/uploads\\\/2026\\\/03\\\/Naturavit_energijskaMaskaZaLasbe_PNG.png\",\"contentUrl\":\"https:\\\/\\\/naturavit.kodnes.eu\\\/wp-content\\\/uploads\\\/2026\\\/03\\\/Naturavit_energijskaMaskaZaLasbe_PNG.png\",\"width\":1448,\"height\":1448},{\"@type\":\"BreadcrumbList\",\"@id\":\"https:\\\/\\\/naturavit.kodnes.eu\\\/en\\\/product\\\/energijska-maska-naturavit\\\/#breadcrumb\",\"itemListElement\":[{\"@type\":\"ListItem\",\"position\":1,\"name\":\"Home\",\"item\":\"https:\\\/\\\/naturavit.kodnes.eu\\\/en\\\/\"},{\"@type\":\"ListItem\",\"position\":2,\"name\":\"Shop\",\"item\":\"https:\\\/\\\/naturavit.kodnes.eu\\\/en\\\/shop\\\/\"},{\"@type\":\"ListItem\",\"position\":3,\"name\":\"Bestsellers\",\"item\":\"https:\\\/\\\/naturavit.kodnes.eu\\\/en\\\/product-category\\\/bestsellers\\\/\"},{\"@type\":\"ListItem\",\"position\":4,\"name\":\"Energijska maska Naturavit\"}]},{\"@type\":\"WebSite\",\"@id\":\"https:\\\/\\\/naturavit.kodnes.eu\\\/en\\\/#website\",\"url\":\"https:\\\/\\\/naturavit.kodnes.eu\\\/en\\\/\",\"name\":\"Naturavit\",\"description\":\"Naravna kozmetika\",\"publisher\":{\"@id\":\"https:\\\/\\\/naturavit.kodnes.eu\\\/en\\\/#organization\"},\"potentialAction\":[{\"@type\":\"SearchAction\",\"target\":{\"@type\":\"EntryPoint\",\"urlTemplate\":\"https:\\\/\\\/naturavit.kodnes.eu\\\/en\\\/?s={search_term_string}\"},\"query-input\":{\"@type\":\"PropertyValueSpecification\",\"valueRequired\":true,\"valueName\":\"search_term_string\"}}],\"inLanguage\":\"en-US\"},{\"@type\":\"Organization\",\"@id\":\"https:\\\/\\\/naturavit.kodnes.eu\\\/en\\\/#organization\",\"name\":\"Naturavit\",\"url\":\"https:\\\/\\\/naturavit.kodnes.eu\\\/en\\\/\",\"logo\":{\"@type\":\"ImageObject\",\"inLanguage\":\"en-US\",\"@id\":\"https:\\\/\\\/naturavit.kodnes.eu\\\/en\\\/#\\\/schema\\\/logo\\\/image\\\/\",\"url\":\"https:\\\/\\\/naturavit.kodnes.eu\\\/wp-content\\\/uploads\\\/2021\\\/09\\\/116564984_3484379328307111_1830779139888479808_o.png\",\"contentUrl\":\"https:\\\/\\\/naturavit.kodnes.eu\\\/wp-content\\\/uploads\\\/2021\\\/09\\\/116564984_3484379328307111_1830779139888479808_o.png\",\"width\":1079,\"height\":1079,\"caption\":\"Naturavit\"},\"image\":{\"@id\":\"https:\\\/\\\/naturavit.kodnes.eu\\\/en\\\/#\\\/schema\\\/logo\\\/image\\\/\"},\"sameAs\":[\"https:\\\/\\\/www.facebook.com\\\/naturavit\\\/\"]}]}<\/script>\n<!-- \/ Yoast SEO plugin. -->","yoast_head_json":{"title":"Energijska maska Naturavit | Naturavit","description":"Energijska maska Naturavit v razpr\u0161ilu je izdelek z intenzivnim delovanjem na osnovi koloidne platine in rastlinskih ceramidov.","robots":{"index":"noindex","follow":"follow","max-snippet":"max-snippet:-1","max-image-preview":"max-image-preview:large","max-video-preview":"max-video-preview:-1"},"og_locale":"en_US","og_type":"article","og_title":"Energijska maska Naturavit | Naturavit","og_description":"Energijska maska Naturavit v razpr\u0161ilu je izdelek z intenzivnim delovanjem na osnovi koloidne platine in rastlinskih ceramidov.","og_url":"https:\/\/naturavit.kodnes.eu\/en\/product\/energijska-maska-naturavit\/","og_site_name":"Naturavit","article_publisher":"https:\/\/www.facebook.com\/naturavit\/","article_modified_time":"2026-04-30T12:33:58+00:00","og_image":[{"width":1448,"height":1448,"url":"https:\/\/naturavit.kodnes.eu\/wp-content\/uploads\/2026\/03\/Naturavit_energijskaMaskaZaLasbe_PNG.png","type":"image\/png"}],"twitter_card":"summary_large_image","twitter_misc":{"Est. reading time":"1 minute"},"schema":{"@context":"https:\/\/schema.org","@graph":[{"@type":"WebPage","@id":"https:\/\/naturavit.kodnes.eu\/en\/product\/energijska-maska-naturavit\/","url":"https:\/\/naturavit.kodnes.eu\/en\/product\/energijska-maska-naturavit\/","name":"Energijska maska Naturavit | Naturavit","isPartOf":{"@id":"https:\/\/naturavit.kodnes.eu\/en\/#website"},"primaryImageOfPage":{"@id":"https:\/\/naturavit.kodnes.eu\/en\/product\/energijska-maska-naturavit\/#primaryimage"},"image":{"@id":"https:\/\/naturavit.kodnes.eu\/en\/product\/energijska-maska-naturavit\/#primaryimage"},"thumbnailUrl":"https:\/\/naturavit.kodnes.eu\/wp-content\/uploads\/2026\/03\/Naturavit_energijskaMaskaZaLasbe_PNG.png","datePublished":"2021-10-26T10:29:32+00:00","dateModified":"2026-04-30T12:33:58+00:00","description":"Energijska maska Naturavit v razpr\u0161ilu je izdelek z intenzivnim delovanjem na osnovi koloidne platine in rastlinskih ceramidov.","breadcrumb":{"@id":"https:\/\/naturavit.kodnes.eu\/en\/product\/energijska-maska-naturavit\/#breadcrumb"},"inLanguage":"en-US","potentialAction":[{"@type":"ReadAction","target":["https:\/\/naturavit.kodnes.eu\/en\/product\/energijska-maska-naturavit\/"]}]},{"@type":"ImageObject","inLanguage":"en-US","@id":"https:\/\/naturavit.kodnes.eu\/en\/product\/energijska-maska-naturavit\/#primaryimage","url":"https:\/\/naturavit.kodnes.eu\/wp-content\/uploads\/2026\/03\/Naturavit_energijskaMaskaZaLasbe_PNG.png","contentUrl":"https:\/\/naturavit.kodnes.eu\/wp-content\/uploads\/2026\/03\/Naturavit_energijskaMaskaZaLasbe_PNG.png","width":1448,"height":1448},{"@type":"BreadcrumbList","@id":"https:\/\/naturavit.kodnes.eu\/en\/product\/energijska-maska-naturavit\/#breadcrumb","itemListElement":[{"@type":"ListItem","position":1,"name":"Home","item":"https:\/\/naturavit.kodnes.eu\/en\/"},{"@type":"ListItem","position":2,"name":"Shop","item":"https:\/\/naturavit.kodnes.eu\/en\/shop\/"},{"@type":"ListItem","position":3,"name":"Bestsellers","item":"https:\/\/naturavit.kodnes.eu\/en\/product-category\/bestsellers\/"},{"@type":"ListItem","position":4,"name":"Energijska maska Naturavit"}]},{"@type":"WebSite","@id":"https:\/\/naturavit.kodnes.eu\/en\/#website","url":"https:\/\/naturavit.kodnes.eu\/en\/","name":"Naturavit","description":"Naravna kozmetika","publisher":{"@id":"https:\/\/naturavit.kodnes.eu\/en\/#organization"},"potentialAction":[{"@type":"SearchAction","target":{"@type":"EntryPoint","urlTemplate":"https:\/\/naturavit.kodnes.eu\/en\/?s={search_term_string}"},"query-input":{"@type":"PropertyValueSpecification","valueRequired":true,"valueName":"search_term_string"}}],"inLanguage":"en-US"},{"@type":"Organization","@id":"https:\/\/naturavit.kodnes.eu\/en\/#organization","name":"Naturavit","url":"https:\/\/naturavit.kodnes.eu\/en\/","logo":{"@type":"ImageObject","inLanguage":"en-US","@id":"https:\/\/naturavit.kodnes.eu\/en\/#\/schema\/logo\/image\/","url":"https:\/\/naturavit.kodnes.eu\/wp-content\/uploads\/2021\/09\/116564984_3484379328307111_1830779139888479808_o.png","contentUrl":"https:\/\/naturavit.kodnes.eu\/wp-content\/uploads\/2021\/09\/116564984_3484379328307111_1830779139888479808_o.png","width":1079,"height":1079,"caption":"Naturavit"},"image":{"@id":"https:\/\/naturavit.kodnes.eu\/en\/#\/schema\/logo\/image\/"},"sameAs":["https:\/\/www.facebook.com\/naturavit\/"]}]}},"_links":{"self":[{"href":"https:\/\/naturavit.kodnes.eu\/en\/wp-json\/wp\/v2\/product\/34555","targetHints":{"allow":["GET"]}}],"collection":[{"href":"https:\/\/naturavit.kodnes.eu\/en\/wp-json\/wp\/v2\/product"}],"about":[{"href":"https:\/\/naturavit.kodnes.eu\/en\/wp-json\/wp\/v2\/types\/product"}],"replies":[{"embeddable":true,"href":"https:\/\/naturavit.kodnes.eu\/en\/wp-json\/wp\/v2\/comments?post=34555"}],"wp:featuredmedia":[{"embeddable":true,"href":"https:\/\/naturavit.kodnes.eu\/en\/wp-json\/wp\/v2\/media\/46666"}],"wp:attachment":[{"href":"https:\/\/naturavit.kodnes.eu\/en\/wp-json\/wp\/v2\/media?parent=34555"}],"wp:term":[{"taxonomy":"product_brand","embeddable":true,"href":"https:\/\/naturavit.kodnes.eu\/en\/wp-json\/wp\/v2\/product_brand?post=34555"},{"taxonomy":"product_cat","embeddable":true,"href":"https:\/\/naturavit.kodnes.eu\/en\/wp-json\/wp\/v2\/product_cat?post=34555"},{"taxonomy":"product_tag","embeddable":true,"href":"https:\/\/naturavit.kodnes.eu\/en\/wp-json\/wp\/v2\/product_tag?post=34555"}],"curies":[{"name":"wp","href":"https:\/\/api.w.org\/{rel}","templated":true}]}}